{"id":55683,"date":"2024-05-15T11:48:37","date_gmt":"2024-05-15T09:48:37","guid":{"rendered":"https:\/\/infashion.si\/?post_type=product&#038;p=55683"},"modified":"2024-05-15T11:51:15","modified_gmt":"2024-05-15T09:51:15","slug":"duza-haljina-s-uzorkom-cvijeca-camilla-bez-kopija-kopija-kopija-kopija-kopija-kopija-kopija-kopija-kopija-kopija-kopija-copy-kopija-kopija","status":"publish","type":"product","link":"https:\/\/infashion.si\/hr\/zenska-odjeca\/haljine\/duza-haljina-s-uzorkom-cvijeca-camilla-bez-kopija-kopija-kopija-kopija-kopija-kopija-kopija-kopija-kopija-kopija-kopija-copy-kopija-kopija\/","title":{"rendered":"Du\u017ea haljina s uzorkom cvije\u0107a Camilla be\u017e (Kopija) (Kopija) (Kopija) (Kopija) (Kopija) (Kopija) (Kopija) (Kopija) (Kopija) (Kopija) (Kopija) (Copy) (Kopija) (Kopija)"},"content":{"rendered":"<p>Veli\u010dina: univerzalna, pogodna za XS do L.<\/p>\n<p>Sastav: 95% poliester, 5% elastan.<\/p>\n","protected":false},"excerpt":{"rendered":"<p>Prekrasna haljina s uzorkom i \u017eicom u struku u kojoj \u0107ete zasjati.<\/p>\n","protected":false},"featured_media":55445,"comment_status":"open","ping_status":"closed","template":"","meta":{"_acf_changed":false},"product_brand":[],"product_cat":[180,177],"product_tag":[],"class_list":{"0":"post-55683","1":"product","2":"type-product","3":"status-publish","4":"has-post-thumbnail","6":"product_cat-haljine","7":"product_cat-zenska-odjeca","8":"pa_velikost_oblacil-uni-36-40-hr","10":"first","11":"instock","12":"taxable","13":"shipping-taxable","14":"purchasable","15":"product-type-variable"},"acf":[],"yoast_head":"<!-- This site is optimized with the Yoast SEO plugin v27.1.1 - https:\/\/yoast.com\/product\/yoast-seo-wordpress\/ -->\n<title>Du\u017ea haljina s uzorkom cvije\u0107a Camilla be\u017e (Kopija) (Kopija) (Kopija) (Kopija) (Kopija) (Kopija) (Kopija) (Kopija) (Kopija) (Kopija) (Kopija) (Copy) (Kopija) (Kopija) - inFashion<\/title>\n<meta name=\"robots\" content=\"index, follow, max-snippet:-1, max-image-preview:large, max-video-preview:-1\" \/>\n<link rel=\"canonical\" href=\"https:\/\/infashion.si\/hr\/zenska-odjeca\/haljine\/duza-haljina-s-uzorkom-cvijeca-camilla-bez-kopija-kopija-kopija-kopija-kopija-kopija-kopija-kopija-kopija-kopija-kopija-copy-kopija-kopija\/\" \/>\n<meta property=\"og:locale\" content=\"hr_HR\" \/>\n<meta property=\"og:type\" content=\"article\" \/>\n<meta property=\"og:title\" content=\"Du\u017ea haljina s uzorkom cvije\u0107a Camilla be\u017e (Kopija) (Kopija) (Kopija) (Kopija) (Kopija) (Kopija) (Kopija) (Kopija) (Kopija) (Kopija) (Kopija) (Copy) (Kopija) (Kopija) - inFashion\" \/>\n<meta property=\"og:description\" content=\"Prekrasna haljina s uzorkom i \u017eicom u struku u kojoj \u0107ete zasjati.\" \/>\n<meta property=\"og:url\" content=\"https:\/\/infashion.si\/hr\/zenska-odjeca\/haljine\/duza-haljina-s-uzorkom-cvijeca-camilla-bez-kopija-kopija-kopija-kopija-kopija-kopija-kopija-kopija-kopija-kopija-kopija-copy-kopija-kopija\/\" \/>\n<meta property=\"og:site_name\" content=\"inFashion\" \/>\n<meta property=\"article:publisher\" content=\"https:\/\/www.facebook.com\/Infashionsi\" \/>\n<meta property=\"article:modified_time\" content=\"2024-05-15T09:51:15+00:00\" \/>\n<meta property=\"og:image\" content=\"https:\/\/infashion.si\/wp-content\/uploads\/2024\/05\/gabi.jpg\" \/>\n\t<meta property=\"og:image:width\" content=\"1000\" \/>\n\t<meta property=\"og:image:height\" content=\"1333\" \/>\n\t<meta property=\"og:image:type\" content=\"image\/jpeg\" \/>\n<meta name=\"twitter:card\" content=\"summary_large_image\" \/>\n<script type=\"application\/ld+json\" class=\"yoast-schema-graph\">{\"@context\":\"https:\/\/schema.org\",\"@graph\":[{\"@type\":\"WebPage\",\"@id\":\"https:\/\/infashion.si\/hr\/zenska-odjeca\/haljine\/duza-haljina-s-uzorkom-cvijeca-camilla-bez-kopija-kopija-kopija-kopija-kopija-kopija-kopija-kopija-kopija-kopija-kopija-copy-kopija-kopija\/\",\"url\":\"https:\/\/infashion.si\/hr\/zenska-odjeca\/haljine\/duza-haljina-s-uzorkom-cvijeca-camilla-bez-kopija-kopija-kopija-kopija-kopija-kopija-kopija-kopija-kopija-kopija-kopija-copy-kopija-kopija\/\",\"name\":\"Du\u017ea haljina s uzorkom cvije\u0107a Camilla be\u017e (Kopija) (Kopija) (Kopija) (Kopija) (Kopija) (Kopija) (Kopija) (Kopija) (Kopija) (Kopija) (Kopija) (Copy) (Kopija) (Kopija) - inFashion\",\"isPartOf\":{\"@id\":\"https:\/\/infashion.si\/hr\/#website\"},\"primaryImageOfPage\":{\"@id\":\"https:\/\/infashion.si\/hr\/zenska-odjeca\/haljine\/duza-haljina-s-uzorkom-cvijeca-camilla-bez-kopija-kopija-kopija-kopija-kopija-kopija-kopija-kopija-kopija-kopija-kopija-copy-kopija-kopija\/#primaryimage\"},\"image\":{\"@id\":\"https:\/\/infashion.si\/hr\/zenska-odjeca\/haljine\/duza-haljina-s-uzorkom-cvijeca-camilla-bez-kopija-kopija-kopija-kopija-kopija-kopija-kopija-kopija-kopija-kopija-kopija-copy-kopija-kopija\/#primaryimage\"},\"thumbnailUrl\":\"https:\/\/infashion.si\/wp-content\/uploads\/2024\/05\/gabi.jpg\",\"datePublished\":\"2024-05-15T09:48:37+00:00\",\"dateModified\":\"2024-05-15T09:51:15+00:00\",\"breadcrumb\":{\"@id\":\"https:\/\/infashion.si\/hr\/zenska-odjeca\/haljine\/duza-haljina-s-uzorkom-cvijeca-camilla-bez-kopija-kopija-kopija-kopija-kopija-kopija-kopija-kopija-kopija-kopija-kopija-copy-kopija-kopija\/#breadcrumb\"},\"inLanguage\":\"hr\",\"potentialAction\":[{\"@type\":\"ReadAction\",\"target\":[\"https:\/\/infashion.si\/hr\/zenska-odjeca\/haljine\/duza-haljina-s-uzorkom-cvijeca-camilla-bez-kopija-kopija-kopija-kopija-kopija-kopija-kopija-kopija-kopija-kopija-kopija-copy-kopija-kopija\/\"]}]},{\"@type\":\"ImageObject\",\"inLanguage\":\"hr\",\"@id\":\"https:\/\/infashion.si\/hr\/zenska-odjeca\/haljine\/duza-haljina-s-uzorkom-cvijeca-camilla-bez-kopija-kopija-kopija-kopija-kopija-kopija-kopija-kopija-kopija-kopija-kopija-copy-kopija-kopija\/#primaryimage\",\"url\":\"https:\/\/infashion.si\/wp-content\/uploads\/2024\/05\/gabi.jpg\",\"contentUrl\":\"https:\/\/infashion.si\/wp-content\/uploads\/2024\/05\/gabi.jpg\",\"width\":1000,\"height\":1333},{\"@type\":\"BreadcrumbList\",\"@id\":\"https:\/\/infashion.si\/hr\/zenska-odjeca\/haljine\/duza-haljina-s-uzorkom-cvijeca-camilla-bez-kopija-kopija-kopija-kopija-kopija-kopija-kopija-kopija-kopija-kopija-kopija-copy-kopija-kopija\/#breadcrumb\",\"itemListElement\":[{\"@type\":\"ListItem\",\"position\":1,\"name\":\"Home\",\"item\":\"https:\/\/infashion.si\/hr\/dom\/\"},{\"@type\":\"ListItem\",\"position\":2,\"name\":\"Shop\",\"item\":\"https:\/\/infashion.si\/shop\/\"},{\"@type\":\"ListItem\",\"position\":3,\"name\":\"Du\u017ea haljina s uzorkom cvije\u0107a Camilla be\u017e (Kopija) (Kopija) (Kopija) (Kopija) (Kopija) (Kopija) (Kopija) (Kopija) (Kopija) (Kopija) (Kopija) (Copy) (Kopija) (Kopija)\"}]},{\"@type\":\"WebSite\",\"@id\":\"https:\/\/infashion.si\/hr\/#website\",\"url\":\"https:\/\/infashion.si\/hr\/\",\"name\":\"inFashion\",\"description\":\"Spletna trgovina s \u010devlji in \u017eensko modo\",\"publisher\":{\"@id\":\"https:\/\/infashion.si\/hr\/#organization\"},\"potentialAction\":[{\"@type\":\"SearchAction\",\"target\":{\"@type\":\"EntryPoint\",\"urlTemplate\":\"https:\/\/infashion.si\/hr\/?s={search_term_string}\"},\"query-input\":{\"@type\":\"PropertyValueSpecification\",\"valueRequired\":true,\"valueName\":\"search_term_string\"}}],\"inLanguage\":\"hr\"},{\"@type\":\"Organization\",\"@id\":\"https:\/\/infashion.si\/hr\/#organization\",\"name\":\"InFashion\",\"url\":\"https:\/\/infashion.si\/hr\/\",\"logo\":{\"@type\":\"ImageObject\",\"inLanguage\":\"hr\",\"@id\":\"https:\/\/infashion.si\/hr\/#\/schema\/logo\/image\/\",\"url\":\"https:\/\/infashion.si\/wp-content\/uploads\/2022\/08\/logo_3.png\",\"contentUrl\":\"https:\/\/infashion.si\/wp-content\/uploads\/2022\/08\/logo_3.png\",\"width\":210,\"height\":27,\"caption\":\"InFashion\"},\"image\":{\"@id\":\"https:\/\/infashion.si\/hr\/#\/schema\/logo\/image\/\"},\"sameAs\":[\"https:\/\/www.facebook.com\/Infashionsi\",\"https:\/\/www.instagram.com\/infashion.si\/\"]}]}<\/script>\n<!-- \/ Yoast SEO plugin. -->","yoast_head_json":{"title":"Du\u017ea haljina s uzorkom cvije\u0107a Camilla be\u017e (Kopija) (Kopija) (Kopija) (Kopija) (Kopija) (Kopija) (Kopija) (Kopija) (Kopija) (Kopija) (Kopija) (Copy) (Kopija) (Kopija) - inFashion","robots":{"index":"index","follow":"follow","max-snippet":"max-snippet:-1","max-image-preview":"max-image-preview:large","max-video-preview":"max-video-preview:-1"},"canonical":"https:\/\/infashion.si\/hr\/zenska-odjeca\/haljine\/duza-haljina-s-uzorkom-cvijeca-camilla-bez-kopija-kopija-kopija-kopija-kopija-kopija-kopija-kopija-kopija-kopija-kopija-copy-kopija-kopija\/","og_locale":"hr_HR","og_type":"article","og_title":"Du\u017ea haljina s uzorkom cvije\u0107a Camilla be\u017e (Kopija) (Kopija) (Kopija) (Kopija) (Kopija) (Kopija) (Kopija) (Kopija) (Kopija) (Kopija) (Kopija) (Copy) (Kopija) (Kopija) - inFashion","og_description":"Prekrasna haljina s uzorkom i \u017eicom u struku u kojoj \u0107ete zasjati.","og_url":"https:\/\/infashion.si\/hr\/zenska-odjeca\/haljine\/duza-haljina-s-uzorkom-cvijeca-camilla-bez-kopija-kopija-kopija-kopija-kopija-kopija-kopija-kopija-kopija-kopija-kopija-copy-kopija-kopija\/","og_site_name":"inFashion","article_publisher":"https:\/\/www.facebook.com\/Infashionsi","article_modified_time":"2024-05-15T09:51:15+00:00","og_image":[{"width":1000,"height":1333,"url":"https:\/\/infashion.si\/wp-content\/uploads\/2024\/05\/gabi.jpg","type":"image\/jpeg"}],"twitter_card":"summary_large_image","schema":{"@context":"https:\/\/schema.org","@graph":[{"@type":"WebPage","@id":"https:\/\/infashion.si\/hr\/zenska-odjeca\/haljine\/duza-haljina-s-uzorkom-cvijeca-camilla-bez-kopija-kopija-kopija-kopija-kopija-kopija-kopija-kopija-kopija-kopija-kopija-copy-kopija-kopija\/","url":"https:\/\/infashion.si\/hr\/zenska-odjeca\/haljine\/duza-haljina-s-uzorkom-cvijeca-camilla-bez-kopija-kopija-kopija-kopija-kopija-kopija-kopija-kopija-kopija-kopija-kopija-copy-kopija-kopija\/","name":"Du\u017ea haljina s uzorkom cvije\u0107a Camilla be\u017e (Kopija) (Kopija) (Kopija) (Kopija) (Kopija) (Kopija) (Kopija) (Kopija) (Kopija) (Kopija) (Kopija) (Copy) (Kopija) (Kopija) - inFashion","isPartOf":{"@id":"https:\/\/infashion.si\/hr\/#website"},"primaryImageOfPage":{"@id":"https:\/\/infashion.si\/hr\/zenska-odjeca\/haljine\/duza-haljina-s-uzorkom-cvijeca-camilla-bez-kopija-kopija-kopija-kopija-kopija-kopija-kopija-kopija-kopija-kopija-kopija-copy-kopija-kopija\/#primaryimage"},"image":{"@id":"https:\/\/infashion.si\/hr\/zenska-odjeca\/haljine\/duza-haljina-s-uzorkom-cvijeca-camilla-bez-kopija-kopija-kopija-kopija-kopija-kopija-kopija-kopija-kopija-kopija-kopija-copy-kopija-kopija\/#primaryimage"},"thumbnailUrl":"https:\/\/infashion.si\/wp-content\/uploads\/2024\/05\/gabi.jpg","datePublished":"2024-05-15T09:48:37+00:00","dateModified":"2024-05-15T09:51:15+00:00","breadcrumb":{"@id":"https:\/\/infashion.si\/hr\/zenska-odjeca\/haljine\/duza-haljina-s-uzorkom-cvijeca-camilla-bez-kopija-kopija-kopija-kopija-kopija-kopija-kopija-kopija-kopija-kopija-kopija-copy-kopija-kopija\/#breadcrumb"},"inLanguage":"hr","potentialAction":[{"@type":"ReadAction","target":["https:\/\/infashion.si\/hr\/zenska-odjeca\/haljine\/duza-haljina-s-uzorkom-cvijeca-camilla-bez-kopija-kopija-kopija-kopija-kopija-kopija-kopija-kopija-kopija-kopija-kopija-copy-kopija-kopija\/"]}]},{"@type":"ImageObject","inLanguage":"hr","@id":"https:\/\/infashion.si\/hr\/zenska-odjeca\/haljine\/duza-haljina-s-uzorkom-cvijeca-camilla-bez-kopija-kopija-kopija-kopija-kopija-kopija-kopija-kopija-kopija-kopija-kopija-copy-kopija-kopija\/#primaryimage","url":"https:\/\/infashion.si\/wp-content\/uploads\/2024\/05\/gabi.jpg","contentUrl":"https:\/\/infashion.si\/wp-content\/uploads\/2024\/05\/gabi.jpg","width":1000,"height":1333},{"@type":"BreadcrumbList","@id":"https:\/\/infashion.si\/hr\/zenska-odjeca\/haljine\/duza-haljina-s-uzorkom-cvijeca-camilla-bez-kopija-kopija-kopija-kopija-kopija-kopija-kopija-kopija-kopija-kopija-kopija-copy-kopija-kopija\/#breadcrumb","itemListElement":[{"@type":"ListItem","position":1,"name":"Home","item":"https:\/\/infashion.si\/hr\/dom\/"},{"@type":"ListItem","position":2,"name":"Shop","item":"https:\/\/infashion.si\/shop\/"},{"@type":"ListItem","position":3,"name":"Du\u017ea haljina s uzorkom cvije\u0107a Camilla be\u017e (Kopija) (Kopija) (Kopija) (Kopija) (Kopija) (Kopija) (Kopija) (Kopija) (Kopija) (Kopija) (Kopija) (Copy) (Kopija) (Kopija)"}]},{"@type":"WebSite","@id":"https:\/\/infashion.si\/hr\/#website","url":"https:\/\/infashion.si\/hr\/","name":"inFashion","description":"Spletna trgovina s \u010devlji in \u017eensko modo","publisher":{"@id":"https:\/\/infashion.si\/hr\/#organization"},"potentialAction":[{"@type":"SearchAction","target":{"@type":"EntryPoint","urlTemplate":"https:\/\/infashion.si\/hr\/?s={search_term_string}"},"query-input":{"@type":"PropertyValueSpecification","valueRequired":true,"valueName":"search_term_string"}}],"inLanguage":"hr"},{"@type":"Organization","@id":"https:\/\/infashion.si\/hr\/#organization","name":"InFashion","url":"https:\/\/infashion.si\/hr\/","logo":{"@type":"ImageObject","inLanguage":"hr","@id":"https:\/\/infashion.si\/hr\/#\/schema\/logo\/image\/","url":"https:\/\/infashion.si\/wp-content\/uploads\/2022\/08\/logo_3.png","contentUrl":"https:\/\/infashion.si\/wp-content\/uploads\/2022\/08\/logo_3.png","width":210,"height":27,"caption":"InFashion"},"image":{"@id":"https:\/\/infashion.si\/hr\/#\/schema\/logo\/image\/"},"sameAs":["https:\/\/www.facebook.com\/Infashionsi","https:\/\/www.instagram.com\/infashion.si\/"]}]}},"_links":{"self":[{"href":"https:\/\/infashion.si\/hr\/wp-json\/wp\/v2\/product\/55683","targetHints":{"allow":["GET"]}}],"collection":[{"href":"https:\/\/infashion.si\/hr\/wp-json\/wp\/v2\/product"}],"about":[{"href":"https:\/\/infashion.si\/hr\/wp-json\/wp\/v2\/types\/product"}],"replies":[{"embeddable":true,"href":"https:\/\/infashion.si\/hr\/wp-json\/wp\/v2\/comments?post=55683"}],"wp:featuredmedia":[{"embeddable":true,"href":"https:\/\/infashion.si\/hr\/wp-json\/wp\/v2\/media\/55445"}],"wp:attachment":[{"href":"https:\/\/infashion.si\/hr\/wp-json\/wp\/v2\/media?parent=55683"}],"wp:term":[{"taxonomy":"product_brand","embeddable":true,"href":"https:\/\/infashion.si\/hr\/wp-json\/wp\/v2\/product_brand?post=55683"},{"taxonomy":"product_cat","embeddable":true,"href":"https:\/\/infashion.si\/hr\/wp-json\/wp\/v2\/product_cat?post=55683"},{"taxonomy":"product_tag","embeddable":true,"href":"https:\/\/infashion.si\/hr\/wp-json\/wp\/v2\/product_tag?post=55683"}],"curies":[{"name":"wp","href":"https:\/\/api.w.org\/{rel}","templated":true}]}}