{"id":47402,"date":"2023-10-13T09:53:35","date_gmt":"2023-10-13T07:53:35","guid":{"rendered":"https:\/\/infashion.si\/?post_type=product&#038;p=47402"},"modified":"2023-10-13T09:57:53","modified_gmt":"2023-10-13T07:57:53","slug":"modne-siroke-hlace-s-ava-maslinasto-zelenim-dzepovima-kopija-kopija-kopija","status":"publish","type":"product","link":"https:\/\/infashion.si\/hr\/zenska-odjeca\/hlace\/modne-siroke-hlace-s-ava-maslinasto-zelenim-dzepovima-kopija-kopija-kopija\/","title":{"rendered":"Modne \u0161iroke hla\u010de s Ava maslinasto zelenim d\u017eepovima (Kopija) (Kopija) (Kopija)"},"content":{"rendered":"<p>Sastav: 65% poliester, 35% soron.<\/p>\n","protected":false},"excerpt":{"rendered":"<p>Modne hla\u010de s gumom u struku. Univerzalna veli\u010dina pogodna za XS do M.<\/p>\n","protected":false},"featured_media":47374,"comment_status":"open","ping_status":"closed","template":"","meta":{"_acf_changed":false},"product_brand":[],"product_cat":[181,168,177],"product_tag":[],"class_list":{"0":"post-47402","1":"product","2":"type-product","3":"status-publish","4":"has-post-thumbnail","6":"product_cat-hlace","7":"product_cat-nov","8":"product_cat-zenska-odjeca","9":"pa_velikost_oblacil-uni-36-40-hr","11":"first","12":"outofstock","13":"taxable","14":"shipping-taxable","15":"purchasable","16":"product-type-variable"},"acf":[],"yoast_head":"<!-- This site is optimized with the Yoast SEO plugin v27.4 - https:\/\/yoast.com\/product\/yoast-seo-wordpress\/ -->\n<title>Modne \u0161iroke hla\u010de s Ava maslinasto zelenim d\u017eepovima (Kopija) (Kopija) (Kopija) - inFashion<\/title>\n<meta name=\"robots\" content=\"index, follow, max-snippet:-1, max-image-preview:large, max-video-preview:-1\" \/>\n<link rel=\"canonical\" href=\"https:\/\/infashion.si\/hr\/zenska-odjeca\/hlace\/modne-siroke-hlace-s-ava-maslinasto-zelenim-dzepovima-kopija-kopija-kopija\/\" \/>\n<meta property=\"og:locale\" content=\"hr_HR\" \/>\n<meta property=\"og:type\" content=\"article\" \/>\n<meta property=\"og:title\" content=\"Modne \u0161iroke hla\u010de s Ava maslinasto zelenim d\u017eepovima (Kopija) (Kopija) (Kopija) - inFashion\" \/>\n<meta property=\"og:description\" content=\"Modne hla\u010de s gumom u struku. Univerzalna veli\u010dina pogodna za XS do M.\" \/>\n<meta property=\"og:url\" content=\"https:\/\/infashion.si\/hr\/zenska-odjeca\/hlace\/modne-siroke-hlace-s-ava-maslinasto-zelenim-dzepovima-kopija-kopija-kopija\/\" \/>\n<meta property=\"og:site_name\" content=\"inFashion\" \/>\n<meta property=\"article:publisher\" content=\"https:\/\/www.facebook.com\/Infashionsi\" \/>\n<meta property=\"article:modified_time\" content=\"2023-10-13T07:57:53+00:00\" \/>\n<meta property=\"og:image\" content=\"https:\/\/infashion.si\/wp-content\/uploads\/2023\/10\/amy-5.jpg\" \/>\n\t<meta property=\"og:image:width\" content=\"800\" \/>\n\t<meta property=\"og:image:height\" content=\"960\" \/>\n\t<meta property=\"og:image:type\" content=\"image\/jpeg\" \/>\n<meta name=\"twitter:card\" content=\"summary_large_image\" \/>\n<script type=\"application\/ld+json\" class=\"yoast-schema-graph\">{\"@context\":\"https:\\\/\\\/schema.org\",\"@graph\":[{\"@type\":\"WebPage\",\"@id\":\"https:\\\/\\\/infashion.si\\\/hr\\\/zenska-odjeca\\\/hlace\\\/modne-siroke-hlace-s-ava-maslinasto-zelenim-dzepovima-kopija-kopija-kopija\\\/\",\"url\":\"https:\\\/\\\/infashion.si\\\/hr\\\/zenska-odjeca\\\/hlace\\\/modne-siroke-hlace-s-ava-maslinasto-zelenim-dzepovima-kopija-kopija-kopija\\\/\",\"name\":\"Modne \u0161iroke hla\u010de s Ava maslinasto zelenim d\u017eepovima (Kopija) (Kopija) (Kopija) - inFashion\",\"isPartOf\":{\"@id\":\"https:\\\/\\\/infashion.si\\\/hr\\\/#website\"},\"primaryImageOfPage\":{\"@id\":\"https:\\\/\\\/infashion.si\\\/hr\\\/zenska-odjeca\\\/hlace\\\/modne-siroke-hlace-s-ava-maslinasto-zelenim-dzepovima-kopija-kopija-kopija\\\/#primaryimage\"},\"image\":{\"@id\":\"https:\\\/\\\/infashion.si\\\/hr\\\/zenska-odjeca\\\/hlace\\\/modne-siroke-hlace-s-ava-maslinasto-zelenim-dzepovima-kopija-kopija-kopija\\\/#primaryimage\"},\"thumbnailUrl\":\"https:\\\/\\\/infashion.si\\\/wp-content\\\/uploads\\\/2023\\\/10\\\/amy-5.jpg\",\"datePublished\":\"2023-10-13T07:53:35+00:00\",\"dateModified\":\"2023-10-13T07:57:53+00:00\",\"breadcrumb\":{\"@id\":\"https:\\\/\\\/infashion.si\\\/hr\\\/zenska-odjeca\\\/hlace\\\/modne-siroke-hlace-s-ava-maslinasto-zelenim-dzepovima-kopija-kopija-kopija\\\/#breadcrumb\"},\"inLanguage\":\"hr\",\"potentialAction\":[{\"@type\":\"ReadAction\",\"target\":[\"https:\\\/\\\/infashion.si\\\/hr\\\/zenska-odjeca\\\/hlace\\\/modne-siroke-hlace-s-ava-maslinasto-zelenim-dzepovima-kopija-kopija-kopija\\\/\"]}]},{\"@type\":\"ImageObject\",\"inLanguage\":\"hr\",\"@id\":\"https:\\\/\\\/infashion.si\\\/hr\\\/zenska-odjeca\\\/hlace\\\/modne-siroke-hlace-s-ava-maslinasto-zelenim-dzepovima-kopija-kopija-kopija\\\/#primaryimage\",\"url\":\"https:\\\/\\\/infashion.si\\\/wp-content\\\/uploads\\\/2023\\\/10\\\/amy-5.jpg\",\"contentUrl\":\"https:\\\/\\\/infashion.si\\\/wp-content\\\/uploads\\\/2023\\\/10\\\/amy-5.jpg\",\"width\":800,\"height\":960},{\"@type\":\"BreadcrumbList\",\"@id\":\"https:\\\/\\\/infashion.si\\\/hr\\\/zenska-odjeca\\\/hlace\\\/modne-siroke-hlace-s-ava-maslinasto-zelenim-dzepovima-kopija-kopija-kopija\\\/#breadcrumb\",\"itemListElement\":[{\"@type\":\"ListItem\",\"position\":1,\"name\":\"Home\",\"item\":\"https:\\\/\\\/infashion.si\\\/hr\\\/dom\\\/\"},{\"@type\":\"ListItem\",\"position\":2,\"name\":\"Shop\",\"item\":\"https:\\\/\\\/infashion.si\\\/shop\\\/\"},{\"@type\":\"ListItem\",\"position\":3,\"name\":\"Modne \u0161iroke hla\u010de s Ava maslinasto zelenim d\u017eepovima (Kopija) (Kopija) (Kopija)\"}]},{\"@type\":\"WebSite\",\"@id\":\"https:\\\/\\\/infashion.si\\\/hr\\\/#website\",\"url\":\"https:\\\/\\\/infashion.si\\\/hr\\\/\",\"name\":\"inFashion\",\"description\":\"Spletna trgovina s \u010devlji in \u017eensko modo\",\"publisher\":{\"@id\":\"https:\\\/\\\/infashion.si\\\/hr\\\/#organization\"},\"potentialAction\":[{\"@type\":\"SearchAction\",\"target\":{\"@type\":\"EntryPoint\",\"urlTemplate\":\"https:\\\/\\\/infashion.si\\\/hr\\\/?s={search_term_string}\"},\"query-input\":{\"@type\":\"PropertyValueSpecification\",\"valueRequired\":true,\"valueName\":\"search_term_string\"}}],\"inLanguage\":\"hr\"},{\"@type\":\"Organization\",\"@id\":\"https:\\\/\\\/infashion.si\\\/hr\\\/#organization\",\"name\":\"InFashion\",\"url\":\"https:\\\/\\\/infashion.si\\\/hr\\\/\",\"logo\":{\"@type\":\"ImageObject\",\"inLanguage\":\"hr\",\"@id\":\"https:\\\/\\\/infashion.si\\\/hr\\\/#\\\/schema\\\/logo\\\/image\\\/\",\"url\":\"https:\\\/\\\/infashion.si\\\/wp-content\\\/uploads\\\/2022\\\/08\\\/logo_3.png\",\"contentUrl\":\"https:\\\/\\\/infashion.si\\\/wp-content\\\/uploads\\\/2022\\\/08\\\/logo_3.png\",\"width\":210,\"height\":27,\"caption\":\"InFashion\"},\"image\":{\"@id\":\"https:\\\/\\\/infashion.si\\\/hr\\\/#\\\/schema\\\/logo\\\/image\\\/\"},\"sameAs\":[\"https:\\\/\\\/www.facebook.com\\\/Infashionsi\",\"https:\\\/\\\/www.instagram.com\\\/infashion.si\\\/\"]}]}<\/script>\n<!-- \/ Yoast SEO plugin. -->","yoast_head_json":{"title":"Modne \u0161iroke hla\u010de s Ava maslinasto zelenim d\u017eepovima (Kopija) (Kopija) (Kopija) - inFashion","robots":{"index":"index","follow":"follow","max-snippet":"max-snippet:-1","max-image-preview":"max-image-preview:large","max-video-preview":"max-video-preview:-1"},"canonical":"https:\/\/infashion.si\/hr\/zenska-odjeca\/hlace\/modne-siroke-hlace-s-ava-maslinasto-zelenim-dzepovima-kopija-kopija-kopija\/","og_locale":"hr_HR","og_type":"article","og_title":"Modne \u0161iroke hla\u010de s Ava maslinasto zelenim d\u017eepovima (Kopija) (Kopija) (Kopija) - inFashion","og_description":"Modne hla\u010de s gumom u struku. Univerzalna veli\u010dina pogodna za XS do M.","og_url":"https:\/\/infashion.si\/hr\/zenska-odjeca\/hlace\/modne-siroke-hlace-s-ava-maslinasto-zelenim-dzepovima-kopija-kopija-kopija\/","og_site_name":"inFashion","article_publisher":"https:\/\/www.facebook.com\/Infashionsi","article_modified_time":"2023-10-13T07:57:53+00:00","og_image":[{"width":800,"height":960,"url":"https:\/\/infashion.si\/wp-content\/uploads\/2023\/10\/amy-5.jpg","type":"image\/jpeg"}],"twitter_card":"summary_large_image","schema":{"@context":"https:\/\/schema.org","@graph":[{"@type":"WebPage","@id":"https:\/\/infashion.si\/hr\/zenska-odjeca\/hlace\/modne-siroke-hlace-s-ava-maslinasto-zelenim-dzepovima-kopija-kopija-kopija\/","url":"https:\/\/infashion.si\/hr\/zenska-odjeca\/hlace\/modne-siroke-hlace-s-ava-maslinasto-zelenim-dzepovima-kopija-kopija-kopija\/","name":"Modne \u0161iroke hla\u010de s Ava maslinasto zelenim d\u017eepovima (Kopija) (Kopija) (Kopija) - inFashion","isPartOf":{"@id":"https:\/\/infashion.si\/hr\/#website"},"primaryImageOfPage":{"@id":"https:\/\/infashion.si\/hr\/zenska-odjeca\/hlace\/modne-siroke-hlace-s-ava-maslinasto-zelenim-dzepovima-kopija-kopija-kopija\/#primaryimage"},"image":{"@id":"https:\/\/infashion.si\/hr\/zenska-odjeca\/hlace\/modne-siroke-hlace-s-ava-maslinasto-zelenim-dzepovima-kopija-kopija-kopija\/#primaryimage"},"thumbnailUrl":"https:\/\/infashion.si\/wp-content\/uploads\/2023\/10\/amy-5.jpg","datePublished":"2023-10-13T07:53:35+00:00","dateModified":"2023-10-13T07:57:53+00:00","breadcrumb":{"@id":"https:\/\/infashion.si\/hr\/zenska-odjeca\/hlace\/modne-siroke-hlace-s-ava-maslinasto-zelenim-dzepovima-kopija-kopija-kopija\/#breadcrumb"},"inLanguage":"hr","potentialAction":[{"@type":"ReadAction","target":["https:\/\/infashion.si\/hr\/zenska-odjeca\/hlace\/modne-siroke-hlace-s-ava-maslinasto-zelenim-dzepovima-kopija-kopija-kopija\/"]}]},{"@type":"ImageObject","inLanguage":"hr","@id":"https:\/\/infashion.si\/hr\/zenska-odjeca\/hlace\/modne-siroke-hlace-s-ava-maslinasto-zelenim-dzepovima-kopija-kopija-kopija\/#primaryimage","url":"https:\/\/infashion.si\/wp-content\/uploads\/2023\/10\/amy-5.jpg","contentUrl":"https:\/\/infashion.si\/wp-content\/uploads\/2023\/10\/amy-5.jpg","width":800,"height":960},{"@type":"BreadcrumbList","@id":"https:\/\/infashion.si\/hr\/zenska-odjeca\/hlace\/modne-siroke-hlace-s-ava-maslinasto-zelenim-dzepovima-kopija-kopija-kopija\/#breadcrumb","itemListElement":[{"@type":"ListItem","position":1,"name":"Home","item":"https:\/\/infashion.si\/hr\/dom\/"},{"@type":"ListItem","position":2,"name":"Shop","item":"https:\/\/infashion.si\/shop\/"},{"@type":"ListItem","position":3,"name":"Modne \u0161iroke hla\u010de s Ava maslinasto zelenim d\u017eepovima (Kopija) (Kopija) (Kopija)"}]},{"@type":"WebSite","@id":"https:\/\/infashion.si\/hr\/#website","url":"https:\/\/infashion.si\/hr\/","name":"inFashion","description":"Spletna trgovina s \u010devlji in \u017eensko modo","publisher":{"@id":"https:\/\/infashion.si\/hr\/#organization"},"potentialAction":[{"@type":"SearchAction","target":{"@type":"EntryPoint","urlTemplate":"https:\/\/infashion.si\/hr\/?s={search_term_string}"},"query-input":{"@type":"PropertyValueSpecification","valueRequired":true,"valueName":"search_term_string"}}],"inLanguage":"hr"},{"@type":"Organization","@id":"https:\/\/infashion.si\/hr\/#organization","name":"InFashion","url":"https:\/\/infashion.si\/hr\/","logo":{"@type":"ImageObject","inLanguage":"hr","@id":"https:\/\/infashion.si\/hr\/#\/schema\/logo\/image\/","url":"https:\/\/infashion.si\/wp-content\/uploads\/2022\/08\/logo_3.png","contentUrl":"https:\/\/infashion.si\/wp-content\/uploads\/2022\/08\/logo_3.png","width":210,"height":27,"caption":"InFashion"},"image":{"@id":"https:\/\/infashion.si\/hr\/#\/schema\/logo\/image\/"},"sameAs":["https:\/\/www.facebook.com\/Infashionsi","https:\/\/www.instagram.com\/infashion.si\/"]}]}},"_links":{"self":[{"href":"https:\/\/infashion.si\/hr\/wp-json\/wp\/v2\/product\/47402","targetHints":{"allow":["GET"]}}],"collection":[{"href":"https:\/\/infashion.si\/hr\/wp-json\/wp\/v2\/product"}],"about":[{"href":"https:\/\/infashion.si\/hr\/wp-json\/wp\/v2\/types\/product"}],"replies":[{"embeddable":true,"href":"https:\/\/infashion.si\/hr\/wp-json\/wp\/v2\/comments?post=47402"}],"wp:featuredmedia":[{"embeddable":true,"href":"https:\/\/infashion.si\/hr\/wp-json\/wp\/v2\/media\/47374"}],"wp:attachment":[{"href":"https:\/\/infashion.si\/hr\/wp-json\/wp\/v2\/media?parent=47402"}],"wp:term":[{"taxonomy":"product_brand","embeddable":true,"href":"https:\/\/infashion.si\/hr\/wp-json\/wp\/v2\/product_brand?post=47402"},{"taxonomy":"product_cat","embeddable":true,"href":"https:\/\/infashion.si\/hr\/wp-json\/wp\/v2\/product_cat?post=47402"},{"taxonomy":"product_tag","embeddable":true,"href":"https:\/\/infashion.si\/hr\/wp-json\/wp\/v2\/product_tag?post=47402"}],"curies":[{"name":"wp","href":"https:\/\/api.w.org\/{rel}","templated":true}]}}