{"id":47213,"date":"2023-10-05T18:22:20","date_gmt":"2023-10-05T16:22:20","guid":{"rendered":"https:\/\/infashion.si\/?post_type=product&#038;p=47213"},"modified":"2023-10-05T18:26:11","modified_gmt":"2023-10-05T16:26:11","slug":"crne-traperice-hlace-s-effie-ukrasnim-gumbima-kopija-kopija-kopija-kopija-2","status":"publish","type":"product","link":"https:\/\/infashion.si\/hr\/zenska-odjeca\/hlace\/crne-traperice-hlace-s-effie-ukrasnim-gumbima-kopija-kopija-kopija-kopija-2\/","title":{"rendered":"Crne traperice hla\u010de s Effie ukrasnim gumbima (Kopija) (Kopija) (Kopija) (Kopija)"},"content":{"rendered":"<ul>\n<li>mekane i elasti\u010dne hla\u010de<\/li>\n<li>visoki struk<\/li>\n<li>uski rez<\/li>\n<\/ul>\n<p>Sastav: 66% pamuk, 28% poliester, 6% elastan<\/p>\n<p>&nbsp;<\/p>\n","protected":false},"excerpt":{"rendered":"<p>Elasti\u010dne traperice hla\u010de ne bi trebale nedostajati u va\u0161em ormaru.<\/p>\n","protected":false},"featured_media":47138,"comment_status":"open","ping_status":"closed","template":"","meta":{"_acf_changed":false},"product_brand":[],"product_cat":[181,168,177],"product_tag":[],"class_list":{"0":"post-47213","1":"product","2":"type-product","3":"status-publish","4":"has-post-thumbnail","6":"product_cat-hlace","7":"product_cat-nov","8":"product_cat-zenska-odjeca","9":"pa_velikost_oblacil-l-40-hr","10":"pa_velikost_oblacil-m-38-hr","11":"pa_velikost_oblacil-s-36-hr","12":"pa_velikost_oblacil-xl-42-hr","13":"pa_velikost_oblacil-xs-34-hr","15":"first","16":"outofstock","17":"taxable","18":"shipping-taxable","19":"purchasable","20":"product-type-variable","21":"has-default-attributes"},"acf":[],"yoast_head":"<!-- This site is optimized with the Yoast SEO plugin v27.4 - https:\/\/yoast.com\/product\/yoast-seo-wordpress\/ -->\n<title>Crne traperice hla\u010de s Effie ukrasnim gumbima (Kopija) (Kopija) (Kopija) (Kopija) - inFashion<\/title>\n<meta name=\"robots\" content=\"index, follow, max-snippet:-1, max-image-preview:large, max-video-preview:-1\" \/>\n<link rel=\"canonical\" href=\"https:\/\/infashion.si\/hr\/zenska-odjeca\/hlace\/crne-traperice-hlace-s-effie-ukrasnim-gumbima-kopija-kopija-kopija-kopija-2\/\" \/>\n<meta property=\"og:locale\" content=\"hr_HR\" \/>\n<meta property=\"og:type\" content=\"article\" \/>\n<meta property=\"og:title\" content=\"Crne traperice hla\u010de s Effie ukrasnim gumbima (Kopija) (Kopija) (Kopija) (Kopija) - inFashion\" \/>\n<meta property=\"og:description\" content=\"Elasti\u010dne traperice hla\u010de ne bi trebale nedostajati u va\u0161em ormaru.\" \/>\n<meta property=\"og:url\" content=\"https:\/\/infashion.si\/hr\/zenska-odjeca\/hlace\/crne-traperice-hlace-s-effie-ukrasnim-gumbima-kopija-kopija-kopija-kopija-2\/\" \/>\n<meta property=\"og:site_name\" content=\"inFashion\" \/>\n<meta property=\"article:publisher\" content=\"https:\/\/www.facebook.com\/Infashionsi\" \/>\n<meta property=\"article:modified_time\" content=\"2023-10-05T16:26:11+00:00\" \/>\n<meta property=\"og:image\" content=\"https:\/\/infashion.si\/wp-content\/uploads\/2023\/10\/tea-1.jpg\" \/>\n\t<meta property=\"og:image:width\" content=\"800\" \/>\n\t<meta property=\"og:image:height\" content=\"961\" \/>\n\t<meta property=\"og:image:type\" content=\"image\/jpeg\" \/>\n<meta name=\"twitter:card\" content=\"summary_large_image\" \/>\n<script type=\"application\/ld+json\" class=\"yoast-schema-graph\">{\"@context\":\"https:\\\/\\\/schema.org\",\"@graph\":[{\"@type\":\"WebPage\",\"@id\":\"https:\\\/\\\/infashion.si\\\/hr\\\/zenska-odjeca\\\/hlace\\\/crne-traperice-hlace-s-effie-ukrasnim-gumbima-kopija-kopija-kopija-kopija-2\\\/\",\"url\":\"https:\\\/\\\/infashion.si\\\/hr\\\/zenska-odjeca\\\/hlace\\\/crne-traperice-hlace-s-effie-ukrasnim-gumbima-kopija-kopija-kopija-kopija-2\\\/\",\"name\":\"Crne traperice hla\u010de s Effie ukrasnim gumbima (Kopija) (Kopija) (Kopija) (Kopija) - inFashion\",\"isPartOf\":{\"@id\":\"https:\\\/\\\/infashion.si\\\/hr\\\/#website\"},\"primaryImageOfPage\":{\"@id\":\"https:\\\/\\\/infashion.si\\\/hr\\\/zenska-odjeca\\\/hlace\\\/crne-traperice-hlace-s-effie-ukrasnim-gumbima-kopija-kopija-kopija-kopija-2\\\/#primaryimage\"},\"image\":{\"@id\":\"https:\\\/\\\/infashion.si\\\/hr\\\/zenska-odjeca\\\/hlace\\\/crne-traperice-hlace-s-effie-ukrasnim-gumbima-kopija-kopija-kopija-kopija-2\\\/#primaryimage\"},\"thumbnailUrl\":\"https:\\\/\\\/infashion.si\\\/wp-content\\\/uploads\\\/2023\\\/10\\\/tea-1.jpg\",\"datePublished\":\"2023-10-05T16:22:20+00:00\",\"dateModified\":\"2023-10-05T16:26:11+00:00\",\"breadcrumb\":{\"@id\":\"https:\\\/\\\/infashion.si\\\/hr\\\/zenska-odjeca\\\/hlace\\\/crne-traperice-hlace-s-effie-ukrasnim-gumbima-kopija-kopija-kopija-kopija-2\\\/#breadcrumb\"},\"inLanguage\":\"hr\",\"potentialAction\":[{\"@type\":\"ReadAction\",\"target\":[\"https:\\\/\\\/infashion.si\\\/hr\\\/zenska-odjeca\\\/hlace\\\/crne-traperice-hlace-s-effie-ukrasnim-gumbima-kopija-kopija-kopija-kopija-2\\\/\"]}]},{\"@type\":\"ImageObject\",\"inLanguage\":\"hr\",\"@id\":\"https:\\\/\\\/infashion.si\\\/hr\\\/zenska-odjeca\\\/hlace\\\/crne-traperice-hlace-s-effie-ukrasnim-gumbima-kopija-kopija-kopija-kopija-2\\\/#primaryimage\",\"url\":\"https:\\\/\\\/infashion.si\\\/wp-content\\\/uploads\\\/2023\\\/10\\\/tea-1.jpg\",\"contentUrl\":\"https:\\\/\\\/infashion.si\\\/wp-content\\\/uploads\\\/2023\\\/10\\\/tea-1.jpg\",\"width\":800,\"height\":961},{\"@type\":\"BreadcrumbList\",\"@id\":\"https:\\\/\\\/infashion.si\\\/hr\\\/zenska-odjeca\\\/hlace\\\/crne-traperice-hlace-s-effie-ukrasnim-gumbima-kopija-kopija-kopija-kopija-2\\\/#breadcrumb\",\"itemListElement\":[{\"@type\":\"ListItem\",\"position\":1,\"name\":\"Home\",\"item\":\"https:\\\/\\\/infashion.si\\\/hr\\\/dom\\\/\"},{\"@type\":\"ListItem\",\"position\":2,\"name\":\"Shop\",\"item\":\"https:\\\/\\\/infashion.si\\\/shop\\\/\"},{\"@type\":\"ListItem\",\"position\":3,\"name\":\"Crne traperice hla\u010de s Effie ukrasnim gumbima (Kopija) (Kopija) (Kopija) (Kopija)\"}]},{\"@type\":\"WebSite\",\"@id\":\"https:\\\/\\\/infashion.si\\\/hr\\\/#website\",\"url\":\"https:\\\/\\\/infashion.si\\\/hr\\\/\",\"name\":\"inFashion\",\"description\":\"Spletna trgovina s \u010devlji in \u017eensko modo\",\"publisher\":{\"@id\":\"https:\\\/\\\/infashion.si\\\/hr\\\/#organization\"},\"potentialAction\":[{\"@type\":\"SearchAction\",\"target\":{\"@type\":\"EntryPoint\",\"urlTemplate\":\"https:\\\/\\\/infashion.si\\\/hr\\\/?s={search_term_string}\"},\"query-input\":{\"@type\":\"PropertyValueSpecification\",\"valueRequired\":true,\"valueName\":\"search_term_string\"}}],\"inLanguage\":\"hr\"},{\"@type\":\"Organization\",\"@id\":\"https:\\\/\\\/infashion.si\\\/hr\\\/#organization\",\"name\":\"InFashion\",\"url\":\"https:\\\/\\\/infashion.si\\\/hr\\\/\",\"logo\":{\"@type\":\"ImageObject\",\"inLanguage\":\"hr\",\"@id\":\"https:\\\/\\\/infashion.si\\\/hr\\\/#\\\/schema\\\/logo\\\/image\\\/\",\"url\":\"https:\\\/\\\/infashion.si\\\/wp-content\\\/uploads\\\/2022\\\/08\\\/logo_3.png\",\"contentUrl\":\"https:\\\/\\\/infashion.si\\\/wp-content\\\/uploads\\\/2022\\\/08\\\/logo_3.png\",\"width\":210,\"height\":27,\"caption\":\"InFashion\"},\"image\":{\"@id\":\"https:\\\/\\\/infashion.si\\\/hr\\\/#\\\/schema\\\/logo\\\/image\\\/\"},\"sameAs\":[\"https:\\\/\\\/www.facebook.com\\\/Infashionsi\",\"https:\\\/\\\/www.instagram.com\\\/infashion.si\\\/\"]}]}<\/script>\n<!-- \/ Yoast SEO plugin. -->","yoast_head_json":{"title":"Crne traperice hla\u010de s Effie ukrasnim gumbima (Kopija) (Kopija) (Kopija) (Kopija) - inFashion","robots":{"index":"index","follow":"follow","max-snippet":"max-snippet:-1","max-image-preview":"max-image-preview:large","max-video-preview":"max-video-preview:-1"},"canonical":"https:\/\/infashion.si\/hr\/zenska-odjeca\/hlace\/crne-traperice-hlace-s-effie-ukrasnim-gumbima-kopija-kopija-kopija-kopija-2\/","og_locale":"hr_HR","og_type":"article","og_title":"Crne traperice hla\u010de s Effie ukrasnim gumbima (Kopija) (Kopija) (Kopija) (Kopija) - inFashion","og_description":"Elasti\u010dne traperice hla\u010de ne bi trebale nedostajati u va\u0161em ormaru.","og_url":"https:\/\/infashion.si\/hr\/zenska-odjeca\/hlace\/crne-traperice-hlace-s-effie-ukrasnim-gumbima-kopija-kopija-kopija-kopija-2\/","og_site_name":"inFashion","article_publisher":"https:\/\/www.facebook.com\/Infashionsi","article_modified_time":"2023-10-05T16:26:11+00:00","og_image":[{"width":800,"height":961,"url":"https:\/\/infashion.si\/wp-content\/uploads\/2023\/10\/tea-1.jpg","type":"image\/jpeg"}],"twitter_card":"summary_large_image","schema":{"@context":"https:\/\/schema.org","@graph":[{"@type":"WebPage","@id":"https:\/\/infashion.si\/hr\/zenska-odjeca\/hlace\/crne-traperice-hlace-s-effie-ukrasnim-gumbima-kopija-kopija-kopija-kopija-2\/","url":"https:\/\/infashion.si\/hr\/zenska-odjeca\/hlace\/crne-traperice-hlace-s-effie-ukrasnim-gumbima-kopija-kopija-kopija-kopija-2\/","name":"Crne traperice hla\u010de s Effie ukrasnim gumbima (Kopija) (Kopija) (Kopija) (Kopija) - inFashion","isPartOf":{"@id":"https:\/\/infashion.si\/hr\/#website"},"primaryImageOfPage":{"@id":"https:\/\/infashion.si\/hr\/zenska-odjeca\/hlace\/crne-traperice-hlace-s-effie-ukrasnim-gumbima-kopija-kopija-kopija-kopija-2\/#primaryimage"},"image":{"@id":"https:\/\/infashion.si\/hr\/zenska-odjeca\/hlace\/crne-traperice-hlace-s-effie-ukrasnim-gumbima-kopija-kopija-kopija-kopija-2\/#primaryimage"},"thumbnailUrl":"https:\/\/infashion.si\/wp-content\/uploads\/2023\/10\/tea-1.jpg","datePublished":"2023-10-05T16:22:20+00:00","dateModified":"2023-10-05T16:26:11+00:00","breadcrumb":{"@id":"https:\/\/infashion.si\/hr\/zenska-odjeca\/hlace\/crne-traperice-hlace-s-effie-ukrasnim-gumbima-kopija-kopija-kopija-kopija-2\/#breadcrumb"},"inLanguage":"hr","potentialAction":[{"@type":"ReadAction","target":["https:\/\/infashion.si\/hr\/zenska-odjeca\/hlace\/crne-traperice-hlace-s-effie-ukrasnim-gumbima-kopija-kopija-kopija-kopija-2\/"]}]},{"@type":"ImageObject","inLanguage":"hr","@id":"https:\/\/infashion.si\/hr\/zenska-odjeca\/hlace\/crne-traperice-hlace-s-effie-ukrasnim-gumbima-kopija-kopija-kopija-kopija-2\/#primaryimage","url":"https:\/\/infashion.si\/wp-content\/uploads\/2023\/10\/tea-1.jpg","contentUrl":"https:\/\/infashion.si\/wp-content\/uploads\/2023\/10\/tea-1.jpg","width":800,"height":961},{"@type":"BreadcrumbList","@id":"https:\/\/infashion.si\/hr\/zenska-odjeca\/hlace\/crne-traperice-hlace-s-effie-ukrasnim-gumbima-kopija-kopija-kopija-kopija-2\/#breadcrumb","itemListElement":[{"@type":"ListItem","position":1,"name":"Home","item":"https:\/\/infashion.si\/hr\/dom\/"},{"@type":"ListItem","position":2,"name":"Shop","item":"https:\/\/infashion.si\/shop\/"},{"@type":"ListItem","position":3,"name":"Crne traperice hla\u010de s Effie ukrasnim gumbima (Kopija) (Kopija) (Kopija) (Kopija)"}]},{"@type":"WebSite","@id":"https:\/\/infashion.si\/hr\/#website","url":"https:\/\/infashion.si\/hr\/","name":"inFashion","description":"Spletna trgovina s \u010devlji in \u017eensko modo","publisher":{"@id":"https:\/\/infashion.si\/hr\/#organization"},"potentialAction":[{"@type":"SearchAction","target":{"@type":"EntryPoint","urlTemplate":"https:\/\/infashion.si\/hr\/?s={search_term_string}"},"query-input":{"@type":"PropertyValueSpecification","valueRequired":true,"valueName":"search_term_string"}}],"inLanguage":"hr"},{"@type":"Organization","@id":"https:\/\/infashion.si\/hr\/#organization","name":"InFashion","url":"https:\/\/infashion.si\/hr\/","logo":{"@type":"ImageObject","inLanguage":"hr","@id":"https:\/\/infashion.si\/hr\/#\/schema\/logo\/image\/","url":"https:\/\/infashion.si\/wp-content\/uploads\/2022\/08\/logo_3.png","contentUrl":"https:\/\/infashion.si\/wp-content\/uploads\/2022\/08\/logo_3.png","width":210,"height":27,"caption":"InFashion"},"image":{"@id":"https:\/\/infashion.si\/hr\/#\/schema\/logo\/image\/"},"sameAs":["https:\/\/www.facebook.com\/Infashionsi","https:\/\/www.instagram.com\/infashion.si\/"]}]}},"_links":{"self":[{"href":"https:\/\/infashion.si\/hr\/wp-json\/wp\/v2\/product\/47213","targetHints":{"allow":["GET"]}}],"collection":[{"href":"https:\/\/infashion.si\/hr\/wp-json\/wp\/v2\/product"}],"about":[{"href":"https:\/\/infashion.si\/hr\/wp-json\/wp\/v2\/types\/product"}],"replies":[{"embeddable":true,"href":"https:\/\/infashion.si\/hr\/wp-json\/wp\/v2\/comments?post=47213"}],"wp:featuredmedia":[{"embeddable":true,"href":"https:\/\/infashion.si\/hr\/wp-json\/wp\/v2\/media\/47138"}],"wp:attachment":[{"href":"https:\/\/infashion.si\/hr\/wp-json\/wp\/v2\/media?parent=47213"}],"wp:term":[{"taxonomy":"product_brand","embeddable":true,"href":"https:\/\/infashion.si\/hr\/wp-json\/wp\/v2\/product_brand?post=47213"},{"taxonomy":"product_cat","embeddable":true,"href":"https:\/\/infashion.si\/hr\/wp-json\/wp\/v2\/product_cat?post=47213"},{"taxonomy":"product_tag","embeddable":true,"href":"https:\/\/infashion.si\/hr\/wp-json\/wp\/v2\/product_tag?post=47213"}],"curies":[{"name":"wp","href":"https:\/\/api.w.org\/{rel}","templated":true}]}}