{"id":45596,"date":"2023-09-13T10:13:17","date_gmt":"2023-09-13T08:13:17","guid":{"rendered":"https:\/\/infashion.si\/?post_type=product&#038;p=45596"},"modified":"2023-09-13T11:19:54","modified_gmt":"2023-09-13T09:19:54","slug":"struca-cipele-z-debela-sole-donna-deva","status":"publish","type":"product","link":"https:\/\/infashion.si\/hr\/obuca-hr\/sva-obuca\/struca-cipele-z-debela-sole-donna-deva\/","title":{"rendered":"Cipele mokasinke s debljim potplatom Donna deva"},"content":{"rendered":"<p><strong>Veli\u010dina:<\/strong> standardni broj.<\/p>\n<p>Sastav:<br \/>\nGornji dio: ostali materijali<br \/>\noblaganje i umetanje: ostali materijali, tekstil<br \/>\nPotplat: ostali materijali<\/p>\n<p>Va\u017enost ozna\u010davanja glavnih komponenti i materijala obu\u0107e mo\u017eete prona\u0107i <a title=\"ovdje\" href=\"http:\/\/infashion.si\/pictogramSI.pdf\" target=\"_blank\" rel=\"noopener\">ovdje<\/a>.<\/p>\n","protected":false},"excerpt":{"rendered":"<p>Modni mokasine s ukrasnom kop\u010dom sprijeda, koja se mo\u017ee nositi na razli\u010ditim kombinacijama.<\/p>\n","protected":false},"featured_media":45608,"comment_status":"open","ping_status":"closed","template":"","meta":{"_acf_changed":false},"product_brand":[],"product_cat":[166,163],"product_tag":[],"class_list":{"0":"post-45596","1":"product","2":"type-product","3":"status-publish","4":"has-post-thumbnail","6":"product_cat-oxford-i-mokasinke","7":"product_cat-sva-obuca","8":"pa_velikost-36-hr","9":"pa_velikost-37-hr","10":"pa_velikost-38-hr-3","11":"pa_velikost-39-hr-2","12":"pa_velikost-40-hr-2","13":"pa_velikost-41-hr","15":"first","16":"outofstock","17":"taxable","18":"shipping-taxable","19":"purchasable","20":"product-type-variable","21":"has-default-attributes"},"acf":[],"yoast_head":"<!-- This site is optimized with the Yoast SEO plugin v27.4 - https:\/\/yoast.com\/product\/yoast-seo-wordpress\/ -->\n<title>Cipele mokasinke s debljim potplatom Donna deva - inFashion<\/title>\n<meta name=\"robots\" content=\"index, follow, max-snippet:-1, max-image-preview:large, max-video-preview:-1\" \/>\n<link rel=\"canonical\" href=\"https:\/\/infashion.si\/hr\/obuca-hr\/sva-obuca\/struca-cipele-z-debela-sole-donna-deva\/\" \/>\n<meta property=\"og:locale\" content=\"hr_HR\" \/>\n<meta property=\"og:type\" content=\"article\" \/>\n<meta property=\"og:title\" content=\"Cipele mokasinke s debljim potplatom Donna deva - inFashion\" \/>\n<meta property=\"og:description\" content=\"Modni mokasine s ukrasnom kop\u010dom sprijeda, koja se mo\u017ee nositi na razli\u010ditim kombinacijama.\" \/>\n<meta property=\"og:url\" content=\"https:\/\/infashion.si\/hr\/obuca-hr\/sva-obuca\/struca-cipele-z-debela-sole-donna-deva\/\" \/>\n<meta property=\"og:site_name\" content=\"inFashion\" \/>\n<meta property=\"article:publisher\" content=\"https:\/\/www.facebook.com\/Infashionsi\" \/>\n<meta property=\"article:modified_time\" content=\"2023-09-13T09:19:54+00:00\" \/>\n<meta property=\"og:image\" content=\"https:\/\/infashion.si\/wp-content\/uploads\/2023\/09\/donna-3.jpg\" \/>\n\t<meta property=\"og:image:width\" content=\"800\" \/>\n\t<meta property=\"og:image:height\" content=\"960\" \/>\n\t<meta property=\"og:image:type\" content=\"image\/jpeg\" \/>\n<meta name=\"twitter:card\" content=\"summary_large_image\" \/>\n<script type=\"application\/ld+json\" class=\"yoast-schema-graph\">{\"@context\":\"https:\\\/\\\/schema.org\",\"@graph\":[{\"@type\":\"WebPage\",\"@id\":\"https:\\\/\\\/infashion.si\\\/hr\\\/obuca-hr\\\/sva-obuca\\\/struca-cipele-z-debela-sole-donna-deva\\\/\",\"url\":\"https:\\\/\\\/infashion.si\\\/hr\\\/obuca-hr\\\/sva-obuca\\\/struca-cipele-z-debela-sole-donna-deva\\\/\",\"name\":\"Cipele mokasinke s debljim potplatom Donna deva - inFashion\",\"isPartOf\":{\"@id\":\"https:\\\/\\\/infashion.si\\\/hr\\\/#website\"},\"primaryImageOfPage\":{\"@id\":\"https:\\\/\\\/infashion.si\\\/hr\\\/obuca-hr\\\/sva-obuca\\\/struca-cipele-z-debela-sole-donna-deva\\\/#primaryimage\"},\"image\":{\"@id\":\"https:\\\/\\\/infashion.si\\\/hr\\\/obuca-hr\\\/sva-obuca\\\/struca-cipele-z-debela-sole-donna-deva\\\/#primaryimage\"},\"thumbnailUrl\":\"https:\\\/\\\/infashion.si\\\/wp-content\\\/uploads\\\/2023\\\/09\\\/donna-3.jpg\",\"datePublished\":\"2023-09-13T08:13:17+00:00\",\"dateModified\":\"2023-09-13T09:19:54+00:00\",\"breadcrumb\":{\"@id\":\"https:\\\/\\\/infashion.si\\\/hr\\\/obuca-hr\\\/sva-obuca\\\/struca-cipele-z-debela-sole-donna-deva\\\/#breadcrumb\"},\"inLanguage\":\"hr\",\"potentialAction\":[{\"@type\":\"ReadAction\",\"target\":[\"https:\\\/\\\/infashion.si\\\/hr\\\/obuca-hr\\\/sva-obuca\\\/struca-cipele-z-debela-sole-donna-deva\\\/\"]}]},{\"@type\":\"ImageObject\",\"inLanguage\":\"hr\",\"@id\":\"https:\\\/\\\/infashion.si\\\/hr\\\/obuca-hr\\\/sva-obuca\\\/struca-cipele-z-debela-sole-donna-deva\\\/#primaryimage\",\"url\":\"https:\\\/\\\/infashion.si\\\/wp-content\\\/uploads\\\/2023\\\/09\\\/donna-3.jpg\",\"contentUrl\":\"https:\\\/\\\/infashion.si\\\/wp-content\\\/uploads\\\/2023\\\/09\\\/donna-3.jpg\",\"width\":800,\"height\":960},{\"@type\":\"BreadcrumbList\",\"@id\":\"https:\\\/\\\/infashion.si\\\/hr\\\/obuca-hr\\\/sva-obuca\\\/struca-cipele-z-debela-sole-donna-deva\\\/#breadcrumb\",\"itemListElement\":[{\"@type\":\"ListItem\",\"position\":1,\"name\":\"Home\",\"item\":\"https:\\\/\\\/infashion.si\\\/hr\\\/dom\\\/\"},{\"@type\":\"ListItem\",\"position\":2,\"name\":\"Shop\",\"item\":\"https:\\\/\\\/infashion.si\\\/shop\\\/\"},{\"@type\":\"ListItem\",\"position\":3,\"name\":\"Cipele mokasinke s debljim potplatom Donna deva\"}]},{\"@type\":\"WebSite\",\"@id\":\"https:\\\/\\\/infashion.si\\\/hr\\\/#website\",\"url\":\"https:\\\/\\\/infashion.si\\\/hr\\\/\",\"name\":\"inFashion\",\"description\":\"Spletna trgovina s \u010devlji in \u017eensko modo\",\"publisher\":{\"@id\":\"https:\\\/\\\/infashion.si\\\/hr\\\/#organization\"},\"potentialAction\":[{\"@type\":\"SearchAction\",\"target\":{\"@type\":\"EntryPoint\",\"urlTemplate\":\"https:\\\/\\\/infashion.si\\\/hr\\\/?s={search_term_string}\"},\"query-input\":{\"@type\":\"PropertyValueSpecification\",\"valueRequired\":true,\"valueName\":\"search_term_string\"}}],\"inLanguage\":\"hr\"},{\"@type\":\"Organization\",\"@id\":\"https:\\\/\\\/infashion.si\\\/hr\\\/#organization\",\"name\":\"InFashion\",\"url\":\"https:\\\/\\\/infashion.si\\\/hr\\\/\",\"logo\":{\"@type\":\"ImageObject\",\"inLanguage\":\"hr\",\"@id\":\"https:\\\/\\\/infashion.si\\\/hr\\\/#\\\/schema\\\/logo\\\/image\\\/\",\"url\":\"https:\\\/\\\/infashion.si\\\/wp-content\\\/uploads\\\/2022\\\/08\\\/logo_3.png\",\"contentUrl\":\"https:\\\/\\\/infashion.si\\\/wp-content\\\/uploads\\\/2022\\\/08\\\/logo_3.png\",\"width\":210,\"height\":27,\"caption\":\"InFashion\"},\"image\":{\"@id\":\"https:\\\/\\\/infashion.si\\\/hr\\\/#\\\/schema\\\/logo\\\/image\\\/\"},\"sameAs\":[\"https:\\\/\\\/www.facebook.com\\\/Infashionsi\",\"https:\\\/\\\/www.instagram.com\\\/infashion.si\\\/\"]}]}<\/script>\n<!-- \/ Yoast SEO plugin. -->","yoast_head_json":{"title":"Cipele mokasinke s debljim potplatom Donna deva - inFashion","robots":{"index":"index","follow":"follow","max-snippet":"max-snippet:-1","max-image-preview":"max-image-preview:large","max-video-preview":"max-video-preview:-1"},"canonical":"https:\/\/infashion.si\/hr\/obuca-hr\/sva-obuca\/struca-cipele-z-debela-sole-donna-deva\/","og_locale":"hr_HR","og_type":"article","og_title":"Cipele mokasinke s debljim potplatom Donna deva - inFashion","og_description":"Modni mokasine s ukrasnom kop\u010dom sprijeda, koja se mo\u017ee nositi na razli\u010ditim kombinacijama.","og_url":"https:\/\/infashion.si\/hr\/obuca-hr\/sva-obuca\/struca-cipele-z-debela-sole-donna-deva\/","og_site_name":"inFashion","article_publisher":"https:\/\/www.facebook.com\/Infashionsi","article_modified_time":"2023-09-13T09:19:54+00:00","og_image":[{"width":800,"height":960,"url":"https:\/\/infashion.si\/wp-content\/uploads\/2023\/09\/donna-3.jpg","type":"image\/jpeg"}],"twitter_card":"summary_large_image","schema":{"@context":"https:\/\/schema.org","@graph":[{"@type":"WebPage","@id":"https:\/\/infashion.si\/hr\/obuca-hr\/sva-obuca\/struca-cipele-z-debela-sole-donna-deva\/","url":"https:\/\/infashion.si\/hr\/obuca-hr\/sva-obuca\/struca-cipele-z-debela-sole-donna-deva\/","name":"Cipele mokasinke s debljim potplatom Donna deva - inFashion","isPartOf":{"@id":"https:\/\/infashion.si\/hr\/#website"},"primaryImageOfPage":{"@id":"https:\/\/infashion.si\/hr\/obuca-hr\/sva-obuca\/struca-cipele-z-debela-sole-donna-deva\/#primaryimage"},"image":{"@id":"https:\/\/infashion.si\/hr\/obuca-hr\/sva-obuca\/struca-cipele-z-debela-sole-donna-deva\/#primaryimage"},"thumbnailUrl":"https:\/\/infashion.si\/wp-content\/uploads\/2023\/09\/donna-3.jpg","datePublished":"2023-09-13T08:13:17+00:00","dateModified":"2023-09-13T09:19:54+00:00","breadcrumb":{"@id":"https:\/\/infashion.si\/hr\/obuca-hr\/sva-obuca\/struca-cipele-z-debela-sole-donna-deva\/#breadcrumb"},"inLanguage":"hr","potentialAction":[{"@type":"ReadAction","target":["https:\/\/infashion.si\/hr\/obuca-hr\/sva-obuca\/struca-cipele-z-debela-sole-donna-deva\/"]}]},{"@type":"ImageObject","inLanguage":"hr","@id":"https:\/\/infashion.si\/hr\/obuca-hr\/sva-obuca\/struca-cipele-z-debela-sole-donna-deva\/#primaryimage","url":"https:\/\/infashion.si\/wp-content\/uploads\/2023\/09\/donna-3.jpg","contentUrl":"https:\/\/infashion.si\/wp-content\/uploads\/2023\/09\/donna-3.jpg","width":800,"height":960},{"@type":"BreadcrumbList","@id":"https:\/\/infashion.si\/hr\/obuca-hr\/sva-obuca\/struca-cipele-z-debela-sole-donna-deva\/#breadcrumb","itemListElement":[{"@type":"ListItem","position":1,"name":"Home","item":"https:\/\/infashion.si\/hr\/dom\/"},{"@type":"ListItem","position":2,"name":"Shop","item":"https:\/\/infashion.si\/shop\/"},{"@type":"ListItem","position":3,"name":"Cipele mokasinke s debljim potplatom Donna deva"}]},{"@type":"WebSite","@id":"https:\/\/infashion.si\/hr\/#website","url":"https:\/\/infashion.si\/hr\/","name":"inFashion","description":"Spletna trgovina s \u010devlji in \u017eensko modo","publisher":{"@id":"https:\/\/infashion.si\/hr\/#organization"},"potentialAction":[{"@type":"SearchAction","target":{"@type":"EntryPoint","urlTemplate":"https:\/\/infashion.si\/hr\/?s={search_term_string}"},"query-input":{"@type":"PropertyValueSpecification","valueRequired":true,"valueName":"search_term_string"}}],"inLanguage":"hr"},{"@type":"Organization","@id":"https:\/\/infashion.si\/hr\/#organization","name":"InFashion","url":"https:\/\/infashion.si\/hr\/","logo":{"@type":"ImageObject","inLanguage":"hr","@id":"https:\/\/infashion.si\/hr\/#\/schema\/logo\/image\/","url":"https:\/\/infashion.si\/wp-content\/uploads\/2022\/08\/logo_3.png","contentUrl":"https:\/\/infashion.si\/wp-content\/uploads\/2022\/08\/logo_3.png","width":210,"height":27,"caption":"InFashion"},"image":{"@id":"https:\/\/infashion.si\/hr\/#\/schema\/logo\/image\/"},"sameAs":["https:\/\/www.facebook.com\/Infashionsi","https:\/\/www.instagram.com\/infashion.si\/"]}]}},"_links":{"self":[{"href":"https:\/\/infashion.si\/hr\/wp-json\/wp\/v2\/product\/45596","targetHints":{"allow":["GET"]}}],"collection":[{"href":"https:\/\/infashion.si\/hr\/wp-json\/wp\/v2\/product"}],"about":[{"href":"https:\/\/infashion.si\/hr\/wp-json\/wp\/v2\/types\/product"}],"replies":[{"embeddable":true,"href":"https:\/\/infashion.si\/hr\/wp-json\/wp\/v2\/comments?post=45596"}],"wp:featuredmedia":[{"embeddable":true,"href":"https:\/\/infashion.si\/hr\/wp-json\/wp\/v2\/media\/45608"}],"wp:attachment":[{"href":"https:\/\/infashion.si\/hr\/wp-json\/wp\/v2\/media?parent=45596"}],"wp:term":[{"taxonomy":"product_brand","embeddable":true,"href":"https:\/\/infashion.si\/hr\/wp-json\/wp\/v2\/product_brand?post=45596"},{"taxonomy":"product_cat","embeddable":true,"href":"https:\/\/infashion.si\/hr\/wp-json\/wp\/v2\/product_cat?post=45596"},{"taxonomy":"product_tag","embeddable":true,"href":"https:\/\/infashion.si\/hr\/wp-json\/wp\/v2\/product_tag?post=45596"}],"curies":[{"name":"wp","href":"https:\/\/api.w.org\/{rel}","templated":true}]}}