{"id":45180,"date":"2023-09-07T18:00:28","date_gmt":"2023-09-07T16:00:28","guid":{"rendered":"https:\/\/infashion.si\/?post_type=product&#038;p=45180"},"modified":"2024-01-14T22:01:06","modified_gmt":"2024-01-14T21:01:06","slug":"zenska-kosulja-s-dugim-rukavima-ljiljan-ruzicasta","status":"publish","type":"product","link":"https:\/\/infashion.si\/hr\/zenska-odjeca\/majice-i-kosulje\/zenska-kosulja-s-dugim-rukavima-ljiljan-ruzicasta\/","title":{"rendered":"\u017denska ko\u0161ulja dugih rukava Lily pink"},"content":{"rendered":"<p>Veli\u010dina: univerzalna, pogodna za S do L.<\/p>\n<p>Sastav: 95% poliester, 5% elastan.<\/p>\n<p>&nbsp;<\/p>\n","protected":false},"excerpt":{"rendered":"<p>Prekrasna ko\u0161ulja koja se mo\u017ee kombinirati na razli\u010ditim stylingima.<\/p>\n<p>&nbsp;<\/p>\n","protected":false},"featured_media":45156,"comment_status":"open","ping_status":"closed","template":"","meta":{"_acf_changed":false},"product_brand":[],"product_cat":[183,168,177],"product_tag":[],"class_list":{"0":"post-45180","1":"product","2":"type-product","3":"status-publish","4":"has-post-thumbnail","6":"product_cat-majice-i-kosulje","7":"product_cat-nov","8":"product_cat-zenska-odjeca","9":"pa_velikost_oblacil-uni-36-40-hr","11":"first","12":"outofstock","13":"taxable","14":"shipping-taxable","15":"purchasable","16":"product-type-variable","17":"has-default-attributes"},"acf":[],"yoast_head":"<!-- This site is optimized with the Yoast SEO plugin v27.4 - https:\/\/yoast.com\/product\/yoast-seo-wordpress\/ -->\n<title>\u017denska ko\u0161ulja dugih rukava Lily pink - inFashion<\/title>\n<meta name=\"robots\" content=\"index, follow, max-snippet:-1, max-image-preview:large, max-video-preview:-1\" \/>\n<link rel=\"canonical\" href=\"https:\/\/infashion.si\/hr\/zenska-odjeca\/majice-i-kosulje\/zenska-kosulja-s-dugim-rukavima-ljiljan-ruzicasta\/\" \/>\n<meta property=\"og:locale\" content=\"hr_HR\" \/>\n<meta property=\"og:type\" content=\"article\" \/>\n<meta property=\"og:title\" content=\"\u017denska ko\u0161ulja dugih rukava Lily pink - inFashion\" \/>\n<meta property=\"og:description\" content=\"Prekrasna ko\u0161ulja koja se mo\u017ee kombinirati na razli\u010ditim stylingima. &nbsp;\" \/>\n<meta property=\"og:url\" content=\"https:\/\/infashion.si\/hr\/zenska-odjeca\/majice-i-kosulje\/zenska-kosulja-s-dugim-rukavima-ljiljan-ruzicasta\/\" \/>\n<meta property=\"og:site_name\" content=\"inFashion\" \/>\n<meta property=\"article:publisher\" content=\"https:\/\/www.facebook.com\/Infashionsi\" \/>\n<meta property=\"article:modified_time\" content=\"2024-01-14T21:01:06+00:00\" \/>\n<meta property=\"og:image\" content=\"https:\/\/infashion.si\/wp-content\/uploads\/2023\/09\/lily-4.jpg\" \/>\n\t<meta property=\"og:image:width\" content=\"480\" \/>\n\t<meta property=\"og:image:height\" content=\"576\" \/>\n\t<meta property=\"og:image:type\" content=\"image\/jpeg\" \/>\n<meta name=\"twitter:card\" content=\"summary_large_image\" \/>\n<script type=\"application\/ld+json\" class=\"yoast-schema-graph\">{\"@context\":\"https:\\\/\\\/schema.org\",\"@graph\":[{\"@type\":\"WebPage\",\"@id\":\"https:\\\/\\\/infashion.si\\\/hr\\\/zenska-odjeca\\\/majice-i-kosulje\\\/zenska-kosulja-s-dugim-rukavima-ljiljan-ruzicasta\\\/\",\"url\":\"https:\\\/\\\/infashion.si\\\/hr\\\/zenska-odjeca\\\/majice-i-kosulje\\\/zenska-kosulja-s-dugim-rukavima-ljiljan-ruzicasta\\\/\",\"name\":\"\u017denska ko\u0161ulja dugih rukava Lily pink - inFashion\",\"isPartOf\":{\"@id\":\"https:\\\/\\\/infashion.si\\\/hr\\\/#website\"},\"primaryImageOfPage\":{\"@id\":\"https:\\\/\\\/infashion.si\\\/hr\\\/zenska-odjeca\\\/majice-i-kosulje\\\/zenska-kosulja-s-dugim-rukavima-ljiljan-ruzicasta\\\/#primaryimage\"},\"image\":{\"@id\":\"https:\\\/\\\/infashion.si\\\/hr\\\/zenska-odjeca\\\/majice-i-kosulje\\\/zenska-kosulja-s-dugim-rukavima-ljiljan-ruzicasta\\\/#primaryimage\"},\"thumbnailUrl\":\"https:\\\/\\\/infashion.si\\\/wp-content\\\/uploads\\\/2023\\\/09\\\/lily-4.jpg\",\"datePublished\":\"2023-09-07T16:00:28+00:00\",\"dateModified\":\"2024-01-14T21:01:06+00:00\",\"breadcrumb\":{\"@id\":\"https:\\\/\\\/infashion.si\\\/hr\\\/zenska-odjeca\\\/majice-i-kosulje\\\/zenska-kosulja-s-dugim-rukavima-ljiljan-ruzicasta\\\/#breadcrumb\"},\"inLanguage\":\"hr\",\"potentialAction\":[{\"@type\":\"ReadAction\",\"target\":[\"https:\\\/\\\/infashion.si\\\/hr\\\/zenska-odjeca\\\/majice-i-kosulje\\\/zenska-kosulja-s-dugim-rukavima-ljiljan-ruzicasta\\\/\"]}]},{\"@type\":\"ImageObject\",\"inLanguage\":\"hr\",\"@id\":\"https:\\\/\\\/infashion.si\\\/hr\\\/zenska-odjeca\\\/majice-i-kosulje\\\/zenska-kosulja-s-dugim-rukavima-ljiljan-ruzicasta\\\/#primaryimage\",\"url\":\"https:\\\/\\\/infashion.si\\\/wp-content\\\/uploads\\\/2023\\\/09\\\/lily-4.jpg\",\"contentUrl\":\"https:\\\/\\\/infashion.si\\\/wp-content\\\/uploads\\\/2023\\\/09\\\/lily-4.jpg\",\"width\":480,\"height\":576},{\"@type\":\"BreadcrumbList\",\"@id\":\"https:\\\/\\\/infashion.si\\\/hr\\\/zenska-odjeca\\\/majice-i-kosulje\\\/zenska-kosulja-s-dugim-rukavima-ljiljan-ruzicasta\\\/#breadcrumb\",\"itemListElement\":[{\"@type\":\"ListItem\",\"position\":1,\"name\":\"Home\",\"item\":\"https:\\\/\\\/infashion.si\\\/hr\\\/dom\\\/\"},{\"@type\":\"ListItem\",\"position\":2,\"name\":\"Shop\",\"item\":\"https:\\\/\\\/infashion.si\\\/shop\\\/\"},{\"@type\":\"ListItem\",\"position\":3,\"name\":\"\u017denska ko\u0161ulja dugih rukava Lily pink\"}]},{\"@type\":\"WebSite\",\"@id\":\"https:\\\/\\\/infashion.si\\\/hr\\\/#website\",\"url\":\"https:\\\/\\\/infashion.si\\\/hr\\\/\",\"name\":\"inFashion\",\"description\":\"Spletna trgovina s \u010devlji in \u017eensko modo\",\"publisher\":{\"@id\":\"https:\\\/\\\/infashion.si\\\/hr\\\/#organization\"},\"potentialAction\":[{\"@type\":\"SearchAction\",\"target\":{\"@type\":\"EntryPoint\",\"urlTemplate\":\"https:\\\/\\\/infashion.si\\\/hr\\\/?s={search_term_string}\"},\"query-input\":{\"@type\":\"PropertyValueSpecification\",\"valueRequired\":true,\"valueName\":\"search_term_string\"}}],\"inLanguage\":\"hr\"},{\"@type\":\"Organization\",\"@id\":\"https:\\\/\\\/infashion.si\\\/hr\\\/#organization\",\"name\":\"InFashion\",\"url\":\"https:\\\/\\\/infashion.si\\\/hr\\\/\",\"logo\":{\"@type\":\"ImageObject\",\"inLanguage\":\"hr\",\"@id\":\"https:\\\/\\\/infashion.si\\\/hr\\\/#\\\/schema\\\/logo\\\/image\\\/\",\"url\":\"https:\\\/\\\/infashion.si\\\/wp-content\\\/uploads\\\/2022\\\/08\\\/logo_3.png\",\"contentUrl\":\"https:\\\/\\\/infashion.si\\\/wp-content\\\/uploads\\\/2022\\\/08\\\/logo_3.png\",\"width\":210,\"height\":27,\"caption\":\"InFashion\"},\"image\":{\"@id\":\"https:\\\/\\\/infashion.si\\\/hr\\\/#\\\/schema\\\/logo\\\/image\\\/\"},\"sameAs\":[\"https:\\\/\\\/www.facebook.com\\\/Infashionsi\",\"https:\\\/\\\/www.instagram.com\\\/infashion.si\\\/\"]}]}<\/script>\n<!-- \/ Yoast SEO plugin. -->","yoast_head_json":{"title":"\u017denska ko\u0161ulja dugih rukava Lily pink - inFashion","robots":{"index":"index","follow":"follow","max-snippet":"max-snippet:-1","max-image-preview":"max-image-preview:large","max-video-preview":"max-video-preview:-1"},"canonical":"https:\/\/infashion.si\/hr\/zenska-odjeca\/majice-i-kosulje\/zenska-kosulja-s-dugim-rukavima-ljiljan-ruzicasta\/","og_locale":"hr_HR","og_type":"article","og_title":"\u017denska ko\u0161ulja dugih rukava Lily pink - inFashion","og_description":"Prekrasna ko\u0161ulja koja se mo\u017ee kombinirati na razli\u010ditim stylingima. &nbsp;","og_url":"https:\/\/infashion.si\/hr\/zenska-odjeca\/majice-i-kosulje\/zenska-kosulja-s-dugim-rukavima-ljiljan-ruzicasta\/","og_site_name":"inFashion","article_publisher":"https:\/\/www.facebook.com\/Infashionsi","article_modified_time":"2024-01-14T21:01:06+00:00","og_image":[{"width":480,"height":576,"url":"https:\/\/infashion.si\/wp-content\/uploads\/2023\/09\/lily-4.jpg","type":"image\/jpeg"}],"twitter_card":"summary_large_image","schema":{"@context":"https:\/\/schema.org","@graph":[{"@type":"WebPage","@id":"https:\/\/infashion.si\/hr\/zenska-odjeca\/majice-i-kosulje\/zenska-kosulja-s-dugim-rukavima-ljiljan-ruzicasta\/","url":"https:\/\/infashion.si\/hr\/zenska-odjeca\/majice-i-kosulje\/zenska-kosulja-s-dugim-rukavima-ljiljan-ruzicasta\/","name":"\u017denska ko\u0161ulja dugih rukava Lily pink - inFashion","isPartOf":{"@id":"https:\/\/infashion.si\/hr\/#website"},"primaryImageOfPage":{"@id":"https:\/\/infashion.si\/hr\/zenska-odjeca\/majice-i-kosulje\/zenska-kosulja-s-dugim-rukavima-ljiljan-ruzicasta\/#primaryimage"},"image":{"@id":"https:\/\/infashion.si\/hr\/zenska-odjeca\/majice-i-kosulje\/zenska-kosulja-s-dugim-rukavima-ljiljan-ruzicasta\/#primaryimage"},"thumbnailUrl":"https:\/\/infashion.si\/wp-content\/uploads\/2023\/09\/lily-4.jpg","datePublished":"2023-09-07T16:00:28+00:00","dateModified":"2024-01-14T21:01:06+00:00","breadcrumb":{"@id":"https:\/\/infashion.si\/hr\/zenska-odjeca\/majice-i-kosulje\/zenska-kosulja-s-dugim-rukavima-ljiljan-ruzicasta\/#breadcrumb"},"inLanguage":"hr","potentialAction":[{"@type":"ReadAction","target":["https:\/\/infashion.si\/hr\/zenska-odjeca\/majice-i-kosulje\/zenska-kosulja-s-dugim-rukavima-ljiljan-ruzicasta\/"]}]},{"@type":"ImageObject","inLanguage":"hr","@id":"https:\/\/infashion.si\/hr\/zenska-odjeca\/majice-i-kosulje\/zenska-kosulja-s-dugim-rukavima-ljiljan-ruzicasta\/#primaryimage","url":"https:\/\/infashion.si\/wp-content\/uploads\/2023\/09\/lily-4.jpg","contentUrl":"https:\/\/infashion.si\/wp-content\/uploads\/2023\/09\/lily-4.jpg","width":480,"height":576},{"@type":"BreadcrumbList","@id":"https:\/\/infashion.si\/hr\/zenska-odjeca\/majice-i-kosulje\/zenska-kosulja-s-dugim-rukavima-ljiljan-ruzicasta\/#breadcrumb","itemListElement":[{"@type":"ListItem","position":1,"name":"Home","item":"https:\/\/infashion.si\/hr\/dom\/"},{"@type":"ListItem","position":2,"name":"Shop","item":"https:\/\/infashion.si\/shop\/"},{"@type":"ListItem","position":3,"name":"\u017denska ko\u0161ulja dugih rukava Lily pink"}]},{"@type":"WebSite","@id":"https:\/\/infashion.si\/hr\/#website","url":"https:\/\/infashion.si\/hr\/","name":"inFashion","description":"Spletna trgovina s \u010devlji in \u017eensko modo","publisher":{"@id":"https:\/\/infashion.si\/hr\/#organization"},"potentialAction":[{"@type":"SearchAction","target":{"@type":"EntryPoint","urlTemplate":"https:\/\/infashion.si\/hr\/?s={search_term_string}"},"query-input":{"@type":"PropertyValueSpecification","valueRequired":true,"valueName":"search_term_string"}}],"inLanguage":"hr"},{"@type":"Organization","@id":"https:\/\/infashion.si\/hr\/#organization","name":"InFashion","url":"https:\/\/infashion.si\/hr\/","logo":{"@type":"ImageObject","inLanguage":"hr","@id":"https:\/\/infashion.si\/hr\/#\/schema\/logo\/image\/","url":"https:\/\/infashion.si\/wp-content\/uploads\/2022\/08\/logo_3.png","contentUrl":"https:\/\/infashion.si\/wp-content\/uploads\/2022\/08\/logo_3.png","width":210,"height":27,"caption":"InFashion"},"image":{"@id":"https:\/\/infashion.si\/hr\/#\/schema\/logo\/image\/"},"sameAs":["https:\/\/www.facebook.com\/Infashionsi","https:\/\/www.instagram.com\/infashion.si\/"]}]}},"_links":{"self":[{"href":"https:\/\/infashion.si\/hr\/wp-json\/wp\/v2\/product\/45180","targetHints":{"allow":["GET"]}}],"collection":[{"href":"https:\/\/infashion.si\/hr\/wp-json\/wp\/v2\/product"}],"about":[{"href":"https:\/\/infashion.si\/hr\/wp-json\/wp\/v2\/types\/product"}],"replies":[{"embeddable":true,"href":"https:\/\/infashion.si\/hr\/wp-json\/wp\/v2\/comments?post=45180"}],"wp:featuredmedia":[{"embeddable":true,"href":"https:\/\/infashion.si\/hr\/wp-json\/wp\/v2\/media\/45156"}],"wp:attachment":[{"href":"https:\/\/infashion.si\/hr\/wp-json\/wp\/v2\/media?parent=45180"}],"wp:term":[{"taxonomy":"product_brand","embeddable":true,"href":"https:\/\/infashion.si\/hr\/wp-json\/wp\/v2\/product_brand?post=45180"},{"taxonomy":"product_cat","embeddable":true,"href":"https:\/\/infashion.si\/hr\/wp-json\/wp\/v2\/product_cat?post=45180"},{"taxonomy":"product_tag","embeddable":true,"href":"https:\/\/infashion.si\/hr\/wp-json\/wp\/v2\/product_tag?post=45180"}],"curies":[{"name":"wp","href":"https:\/\/api.w.org\/{rel}","templated":true}]}}