{"id":45070,"date":"2023-09-07T17:16:47","date_gmt":"2023-09-07T15:16:47","guid":{"rendered":"https:\/\/infashion.si\/?post_type=product&#038;p=45070"},"modified":"2023-09-08T14:51:20","modified_gmt":"2023-09-08T12:51:20","slug":"duga-pletena-jakna-zepi-clarisa-crna","status":"publish","type":"product","link":"https:\/\/infashion.si\/hr\/zenska-odjeca\/dzemperi-i-jakne\/duga-pletena-jakna-zepi-clarisa-crna\/","title":{"rendered":"Duga pletena jakna s Clarisovim crnim d\u017eepovima"},"content":{"rendered":"<p>Univerzalna veli\u010dina, pogodna za S do XL.<br \/>\nSastav: 100% akril.<\/p>\n","protected":false},"excerpt":{"rendered":"<p>Moderna i topla pletena jakna koja \u0107e za\u010diniti va\u0161u jesensku garderobu.<\/p>\n","protected":false},"featured_media":45065,"comment_status":"open","ping_status":"closed","template":"","meta":{"_acf_changed":false},"product_brand":[],"product_cat":[187,164,168,177],"product_tag":[],"class_list":{"0":"post-45070","1":"product","2":"type-product","3":"status-publish","4":"has-post-thumbnail","6":"product_cat-dzemperi-i-jakne","7":"product_cat-ispusni-otvor","8":"product_cat-nov","9":"product_cat-zenska-odjeca","10":"pa_bestseller-da","11":"pa_velikost_oblacil-uni-36-40-hr","13":"first","14":"outofstock","15":"taxable","16":"shipping-taxable","17":"purchasable","18":"product-type-variable","19":"has-default-attributes"},"acf":[],"yoast_head":"<!-- This site is optimized with the Yoast SEO plugin v27.1.1 - https:\/\/yoast.com\/product\/yoast-seo-wordpress\/ -->\n<title>Duga pletena jakna s Clarisovim crnim d\u017eepovima - inFashion<\/title>\n<meta name=\"robots\" content=\"index, follow, max-snippet:-1, max-image-preview:large, max-video-preview:-1\" \/>\n<link rel=\"canonical\" href=\"https:\/\/infashion.si\/hr\/zenska-odjeca\/dzemperi-i-jakne\/duga-pletena-jakna-zepi-clarisa-crna\/\" \/>\n<meta property=\"og:locale\" content=\"hr_HR\" \/>\n<meta property=\"og:type\" content=\"article\" \/>\n<meta property=\"og:title\" content=\"Duga pletena jakna s Clarisovim crnim d\u017eepovima - inFashion\" \/>\n<meta property=\"og:description\" content=\"Moderna i topla pletena jakna koja \u0107e za\u010diniti va\u0161u jesensku garderobu.\" \/>\n<meta property=\"og:url\" content=\"https:\/\/infashion.si\/hr\/zenska-odjeca\/dzemperi-i-jakne\/duga-pletena-jakna-zepi-clarisa-crna\/\" \/>\n<meta property=\"og:site_name\" content=\"inFashion\" \/>\n<meta property=\"article:publisher\" content=\"https:\/\/www.facebook.com\/Infashionsi\" \/>\n<meta property=\"article:modified_time\" content=\"2023-09-08T12:51:20+00:00\" \/>\n<meta property=\"og:image\" content=\"https:\/\/infashion.si\/wp-content\/uploads\/2023\/09\/clarisa-20.jpg\" \/>\n\t<meta property=\"og:image:width\" content=\"800\" \/>\n\t<meta property=\"og:image:height\" content=\"960\" \/>\n\t<meta property=\"og:image:type\" content=\"image\/jpeg\" \/>\n<meta name=\"twitter:card\" content=\"summary_large_image\" \/>\n<script type=\"application\/ld+json\" class=\"yoast-schema-graph\">{\"@context\":\"https:\/\/schema.org\",\"@graph\":[{\"@type\":\"WebPage\",\"@id\":\"https:\/\/infashion.si\/hr\/zenska-odjeca\/dzemperi-i-jakne\/duga-pletena-jakna-zepi-clarisa-crna\/\",\"url\":\"https:\/\/infashion.si\/hr\/zenska-odjeca\/dzemperi-i-jakne\/duga-pletena-jakna-zepi-clarisa-crna\/\",\"name\":\"Duga pletena jakna s Clarisovim crnim d\u017eepovima - inFashion\",\"isPartOf\":{\"@id\":\"https:\/\/infashion.si\/hr\/#website\"},\"primaryImageOfPage\":{\"@id\":\"https:\/\/infashion.si\/hr\/zenska-odjeca\/dzemperi-i-jakne\/duga-pletena-jakna-zepi-clarisa-crna\/#primaryimage\"},\"image\":{\"@id\":\"https:\/\/infashion.si\/hr\/zenska-odjeca\/dzemperi-i-jakne\/duga-pletena-jakna-zepi-clarisa-crna\/#primaryimage\"},\"thumbnailUrl\":\"https:\/\/infashion.si\/wp-content\/uploads\/2023\/09\/clarisa-20.jpg\",\"datePublished\":\"2023-09-07T15:16:47+00:00\",\"dateModified\":\"2023-09-08T12:51:20+00:00\",\"breadcrumb\":{\"@id\":\"https:\/\/infashion.si\/hr\/zenska-odjeca\/dzemperi-i-jakne\/duga-pletena-jakna-zepi-clarisa-crna\/#breadcrumb\"},\"inLanguage\":\"hr\",\"potentialAction\":[{\"@type\":\"ReadAction\",\"target\":[\"https:\/\/infashion.si\/hr\/zenska-odjeca\/dzemperi-i-jakne\/duga-pletena-jakna-zepi-clarisa-crna\/\"]}]},{\"@type\":\"ImageObject\",\"inLanguage\":\"hr\",\"@id\":\"https:\/\/infashion.si\/hr\/zenska-odjeca\/dzemperi-i-jakne\/duga-pletena-jakna-zepi-clarisa-crna\/#primaryimage\",\"url\":\"https:\/\/infashion.si\/wp-content\/uploads\/2023\/09\/clarisa-20.jpg\",\"contentUrl\":\"https:\/\/infashion.si\/wp-content\/uploads\/2023\/09\/clarisa-20.jpg\",\"width\":800,\"height\":960},{\"@type\":\"BreadcrumbList\",\"@id\":\"https:\/\/infashion.si\/hr\/zenska-odjeca\/dzemperi-i-jakne\/duga-pletena-jakna-zepi-clarisa-crna\/#breadcrumb\",\"itemListElement\":[{\"@type\":\"ListItem\",\"position\":1,\"name\":\"Home\",\"item\":\"https:\/\/infashion.si\/hr\/dom\/\"},{\"@type\":\"ListItem\",\"position\":2,\"name\":\"Shop\",\"item\":\"https:\/\/infashion.si\/shop\/\"},{\"@type\":\"ListItem\",\"position\":3,\"name\":\"Duga pletena jakna s Clarisovim crnim d\u017eepovima\"}]},{\"@type\":\"WebSite\",\"@id\":\"https:\/\/infashion.si\/hr\/#website\",\"url\":\"https:\/\/infashion.si\/hr\/\",\"name\":\"inFashion\",\"description\":\"Spletna trgovina s \u010devlji in \u017eensko modo\",\"publisher\":{\"@id\":\"https:\/\/infashion.si\/hr\/#organization\"},\"potentialAction\":[{\"@type\":\"SearchAction\",\"target\":{\"@type\":\"EntryPoint\",\"urlTemplate\":\"https:\/\/infashion.si\/hr\/?s={search_term_string}\"},\"query-input\":{\"@type\":\"PropertyValueSpecification\",\"valueRequired\":true,\"valueName\":\"search_term_string\"}}],\"inLanguage\":\"hr\"},{\"@type\":\"Organization\",\"@id\":\"https:\/\/infashion.si\/hr\/#organization\",\"name\":\"InFashion\",\"url\":\"https:\/\/infashion.si\/hr\/\",\"logo\":{\"@type\":\"ImageObject\",\"inLanguage\":\"hr\",\"@id\":\"https:\/\/infashion.si\/hr\/#\/schema\/logo\/image\/\",\"url\":\"https:\/\/infashion.si\/wp-content\/uploads\/2022\/08\/logo_3.png\",\"contentUrl\":\"https:\/\/infashion.si\/wp-content\/uploads\/2022\/08\/logo_3.png\",\"width\":210,\"height\":27,\"caption\":\"InFashion\"},\"image\":{\"@id\":\"https:\/\/infashion.si\/hr\/#\/schema\/logo\/image\/\"},\"sameAs\":[\"https:\/\/www.facebook.com\/Infashionsi\",\"https:\/\/www.instagram.com\/infashion.si\/\"]}]}<\/script>\n<!-- \/ Yoast SEO plugin. -->","yoast_head_json":{"title":"Duga pletena jakna s Clarisovim crnim d\u017eepovima - inFashion","robots":{"index":"index","follow":"follow","max-snippet":"max-snippet:-1","max-image-preview":"max-image-preview:large","max-video-preview":"max-video-preview:-1"},"canonical":"https:\/\/infashion.si\/hr\/zenska-odjeca\/dzemperi-i-jakne\/duga-pletena-jakna-zepi-clarisa-crna\/","og_locale":"hr_HR","og_type":"article","og_title":"Duga pletena jakna s Clarisovim crnim d\u017eepovima - inFashion","og_description":"Moderna i topla pletena jakna koja \u0107e za\u010diniti va\u0161u jesensku garderobu.","og_url":"https:\/\/infashion.si\/hr\/zenska-odjeca\/dzemperi-i-jakne\/duga-pletena-jakna-zepi-clarisa-crna\/","og_site_name":"inFashion","article_publisher":"https:\/\/www.facebook.com\/Infashionsi","article_modified_time":"2023-09-08T12:51:20+00:00","og_image":[{"width":800,"height":960,"url":"https:\/\/infashion.si\/wp-content\/uploads\/2023\/09\/clarisa-20.jpg","type":"image\/jpeg"}],"twitter_card":"summary_large_image","schema":{"@context":"https:\/\/schema.org","@graph":[{"@type":"WebPage","@id":"https:\/\/infashion.si\/hr\/zenska-odjeca\/dzemperi-i-jakne\/duga-pletena-jakna-zepi-clarisa-crna\/","url":"https:\/\/infashion.si\/hr\/zenska-odjeca\/dzemperi-i-jakne\/duga-pletena-jakna-zepi-clarisa-crna\/","name":"Duga pletena jakna s Clarisovim crnim d\u017eepovima - inFashion","isPartOf":{"@id":"https:\/\/infashion.si\/hr\/#website"},"primaryImageOfPage":{"@id":"https:\/\/infashion.si\/hr\/zenska-odjeca\/dzemperi-i-jakne\/duga-pletena-jakna-zepi-clarisa-crna\/#primaryimage"},"image":{"@id":"https:\/\/infashion.si\/hr\/zenska-odjeca\/dzemperi-i-jakne\/duga-pletena-jakna-zepi-clarisa-crna\/#primaryimage"},"thumbnailUrl":"https:\/\/infashion.si\/wp-content\/uploads\/2023\/09\/clarisa-20.jpg","datePublished":"2023-09-07T15:16:47+00:00","dateModified":"2023-09-08T12:51:20+00:00","breadcrumb":{"@id":"https:\/\/infashion.si\/hr\/zenska-odjeca\/dzemperi-i-jakne\/duga-pletena-jakna-zepi-clarisa-crna\/#breadcrumb"},"inLanguage":"hr","potentialAction":[{"@type":"ReadAction","target":["https:\/\/infashion.si\/hr\/zenska-odjeca\/dzemperi-i-jakne\/duga-pletena-jakna-zepi-clarisa-crna\/"]}]},{"@type":"ImageObject","inLanguage":"hr","@id":"https:\/\/infashion.si\/hr\/zenska-odjeca\/dzemperi-i-jakne\/duga-pletena-jakna-zepi-clarisa-crna\/#primaryimage","url":"https:\/\/infashion.si\/wp-content\/uploads\/2023\/09\/clarisa-20.jpg","contentUrl":"https:\/\/infashion.si\/wp-content\/uploads\/2023\/09\/clarisa-20.jpg","width":800,"height":960},{"@type":"BreadcrumbList","@id":"https:\/\/infashion.si\/hr\/zenska-odjeca\/dzemperi-i-jakne\/duga-pletena-jakna-zepi-clarisa-crna\/#breadcrumb","itemListElement":[{"@type":"ListItem","position":1,"name":"Home","item":"https:\/\/infashion.si\/hr\/dom\/"},{"@type":"ListItem","position":2,"name":"Shop","item":"https:\/\/infashion.si\/shop\/"},{"@type":"ListItem","position":3,"name":"Duga pletena jakna s Clarisovim crnim d\u017eepovima"}]},{"@type":"WebSite","@id":"https:\/\/infashion.si\/hr\/#website","url":"https:\/\/infashion.si\/hr\/","name":"inFashion","description":"Spletna trgovina s \u010devlji in \u017eensko modo","publisher":{"@id":"https:\/\/infashion.si\/hr\/#organization"},"potentialAction":[{"@type":"SearchAction","target":{"@type":"EntryPoint","urlTemplate":"https:\/\/infashion.si\/hr\/?s={search_term_string}"},"query-input":{"@type":"PropertyValueSpecification","valueRequired":true,"valueName":"search_term_string"}}],"inLanguage":"hr"},{"@type":"Organization","@id":"https:\/\/infashion.si\/hr\/#organization","name":"InFashion","url":"https:\/\/infashion.si\/hr\/","logo":{"@type":"ImageObject","inLanguage":"hr","@id":"https:\/\/infashion.si\/hr\/#\/schema\/logo\/image\/","url":"https:\/\/infashion.si\/wp-content\/uploads\/2022\/08\/logo_3.png","contentUrl":"https:\/\/infashion.si\/wp-content\/uploads\/2022\/08\/logo_3.png","width":210,"height":27,"caption":"InFashion"},"image":{"@id":"https:\/\/infashion.si\/hr\/#\/schema\/logo\/image\/"},"sameAs":["https:\/\/www.facebook.com\/Infashionsi","https:\/\/www.instagram.com\/infashion.si\/"]}]}},"_links":{"self":[{"href":"https:\/\/infashion.si\/hr\/wp-json\/wp\/v2\/product\/45070","targetHints":{"allow":["GET"]}}],"collection":[{"href":"https:\/\/infashion.si\/hr\/wp-json\/wp\/v2\/product"}],"about":[{"href":"https:\/\/infashion.si\/hr\/wp-json\/wp\/v2\/types\/product"}],"replies":[{"embeddable":true,"href":"https:\/\/infashion.si\/hr\/wp-json\/wp\/v2\/comments?post=45070"}],"wp:featuredmedia":[{"embeddable":true,"href":"https:\/\/infashion.si\/hr\/wp-json\/wp\/v2\/media\/45065"}],"wp:attachment":[{"href":"https:\/\/infashion.si\/hr\/wp-json\/wp\/v2\/media?parent=45070"}],"wp:term":[{"taxonomy":"product_brand","embeddable":true,"href":"https:\/\/infashion.si\/hr\/wp-json\/wp\/v2\/product_brand?post=45070"},{"taxonomy":"product_cat","embeddable":true,"href":"https:\/\/infashion.si\/hr\/wp-json\/wp\/v2\/product_cat?post=45070"},{"taxonomy":"product_tag","embeddable":true,"href":"https:\/\/infashion.si\/hr\/wp-json\/wp\/v2\/product_tag?post=45070"}],"curies":[{"name":"wp","href":"https:\/\/api.w.org\/{rel}","templated":true}]}}