{"id":44557,"date":"2023-09-06T13:35:02","date_gmt":"2023-09-06T11:35:02","guid":{"rendered":"https:\/\/infashion.si\/Bez%20kategorije\/udobne-hlace-s-patentom-ispod-zala-maslinasto-zelene\/"},"modified":"2024-07-26T06:28:00","modified_gmt":"2024-07-26T04:28:00","slug":"udobne-hlace-s-patent-ispod-zala-maslina-zelena","status":"publish","type":"product","link":"https:\/\/infashion.si\/hr\/zenska-odjeca\/hlace\/udobne-hlace-s-patent-ispod-zala-maslina-zelena\/","title":{"rendered":"Udobne hla\u010de s patentom ispod Zala maslinasto zelene"},"content":{"rendered":"<p>Sastav: 77% viskoza, 20% poliamid, 3% elastan.<\/p>\n","protected":false},"excerpt":{"rendered":"<p>Udobne elasti\u010dne hla\u010de na koje mo\u017eete biti ponosni razne kombinacije.<\/p>\n","protected":false},"featured_media":38435,"comment_status":"open","ping_status":"closed","template":"","meta":{"_acf_changed":false},"product_brand":[],"product_cat":[181,168,177],"product_tag":[],"class_list":{"0":"post-44557","1":"product","2":"type-product","3":"status-publish","4":"has-post-thumbnail","6":"product_cat-hlace","7":"product_cat-nov","8":"product_cat-zenska-odjeca","9":"pa_velikost_oblacil-l-40-hr","10":"pa_velikost_oblacil-m-38-hr","11":"pa_velikost_oblacil-s-36-hr","13":"first","14":"outofstock","15":"taxable","16":"shipping-taxable","17":"purchasable","18":"product-type-variable","19":"has-default-attributes"},"acf":[],"yoast_head":"<!-- This site is optimized with the Yoast SEO plugin v27.1.1 - https:\/\/yoast.com\/product\/yoast-seo-wordpress\/ -->\n<title>Udobne hla\u010de s patentom ispod Zala maslinasto zelene - inFashion<\/title>\n<meta name=\"robots\" content=\"index, follow, max-snippet:-1, max-image-preview:large, max-video-preview:-1\" \/>\n<link rel=\"canonical\" href=\"https:\/\/infashion.si\/hr\/zenska-odjeca\/hlace\/udobne-hlace-s-patent-ispod-zala-maslina-zelena\/\" \/>\n<meta property=\"og:locale\" content=\"hr_HR\" \/>\n<meta property=\"og:type\" content=\"article\" \/>\n<meta property=\"og:title\" content=\"Udobne hla\u010de s patentom ispod Zala maslinasto zelene - inFashion\" \/>\n<meta property=\"og:description\" content=\"Udobne elasti\u010dne hla\u010de na koje mo\u017eete biti ponosni razne kombinacije.\" \/>\n<meta property=\"og:url\" content=\"https:\/\/infashion.si\/hr\/zenska-odjeca\/hlace\/udobne-hlace-s-patent-ispod-zala-maslina-zelena\/\" \/>\n<meta property=\"og:site_name\" content=\"inFashion\" \/>\n<meta property=\"article:publisher\" content=\"https:\/\/www.facebook.com\/Infashionsi\" \/>\n<meta property=\"article:modified_time\" content=\"2024-07-26T04:28:00+00:00\" \/>\n<meta property=\"og:image\" content=\"https:\/\/infashion.si\/wp-content\/uploads\/2023\/08\/jeanine.jpg\" \/>\n\t<meta property=\"og:image:width\" content=\"600\" \/>\n\t<meta property=\"og:image:height\" content=\"720\" \/>\n\t<meta property=\"og:image:type\" content=\"image\/jpeg\" \/>\n<meta name=\"twitter:card\" content=\"summary_large_image\" \/>\n<script type=\"application\/ld+json\" class=\"yoast-schema-graph\">{\"@context\":\"https:\/\/schema.org\",\"@graph\":[{\"@type\":\"WebPage\",\"@id\":\"https:\/\/infashion.si\/hr\/zenska-odjeca\/hlace\/udobne-hlace-s-patent-ispod-zala-maslina-zelena\/\",\"url\":\"https:\/\/infashion.si\/hr\/zenska-odjeca\/hlace\/udobne-hlace-s-patent-ispod-zala-maslina-zelena\/\",\"name\":\"Udobne hla\u010de s patentom ispod Zala maslinasto zelene - inFashion\",\"isPartOf\":{\"@id\":\"https:\/\/infashion.si\/hr\/#website\"},\"primaryImageOfPage\":{\"@id\":\"https:\/\/infashion.si\/hr\/zenska-odjeca\/hlace\/udobne-hlace-s-patent-ispod-zala-maslina-zelena\/#primaryimage\"},\"image\":{\"@id\":\"https:\/\/infashion.si\/hr\/zenska-odjeca\/hlace\/udobne-hlace-s-patent-ispod-zala-maslina-zelena\/#primaryimage\"},\"thumbnailUrl\":\"https:\/\/infashion.si\/wp-content\/uploads\/2023\/08\/jeanine.jpg\",\"datePublished\":\"2023-09-06T11:35:02+00:00\",\"dateModified\":\"2024-07-26T04:28:00+00:00\",\"breadcrumb\":{\"@id\":\"https:\/\/infashion.si\/hr\/zenska-odjeca\/hlace\/udobne-hlace-s-patent-ispod-zala-maslina-zelena\/#breadcrumb\"},\"inLanguage\":\"hr\",\"potentialAction\":[{\"@type\":\"ReadAction\",\"target\":[\"https:\/\/infashion.si\/hr\/zenska-odjeca\/hlace\/udobne-hlace-s-patent-ispod-zala-maslina-zelena\/\"]}]},{\"@type\":\"ImageObject\",\"inLanguage\":\"hr\",\"@id\":\"https:\/\/infashion.si\/hr\/zenska-odjeca\/hlace\/udobne-hlace-s-patent-ispod-zala-maslina-zelena\/#primaryimage\",\"url\":\"https:\/\/infashion.si\/wp-content\/uploads\/2023\/08\/jeanine.jpg\",\"contentUrl\":\"https:\/\/infashion.si\/wp-content\/uploads\/2023\/08\/jeanine.jpg\",\"width\":600,\"height\":720},{\"@type\":\"BreadcrumbList\",\"@id\":\"https:\/\/infashion.si\/hr\/zenska-odjeca\/hlace\/udobne-hlace-s-patent-ispod-zala-maslina-zelena\/#breadcrumb\",\"itemListElement\":[{\"@type\":\"ListItem\",\"position\":1,\"name\":\"Home\",\"item\":\"https:\/\/infashion.si\/hr\/dom\/\"},{\"@type\":\"ListItem\",\"position\":2,\"name\":\"Shop\",\"item\":\"https:\/\/infashion.si\/shop\/\"},{\"@type\":\"ListItem\",\"position\":3,\"name\":\"Udobne hla\u010de s patentom ispod Zala maslinasto zelene\"}]},{\"@type\":\"WebSite\",\"@id\":\"https:\/\/infashion.si\/hr\/#website\",\"url\":\"https:\/\/infashion.si\/hr\/\",\"name\":\"inFashion\",\"description\":\"Spletna trgovina s \u010devlji in \u017eensko modo\",\"publisher\":{\"@id\":\"https:\/\/infashion.si\/hr\/#organization\"},\"potentialAction\":[{\"@type\":\"SearchAction\",\"target\":{\"@type\":\"EntryPoint\",\"urlTemplate\":\"https:\/\/infashion.si\/hr\/?s={search_term_string}\"},\"query-input\":{\"@type\":\"PropertyValueSpecification\",\"valueRequired\":true,\"valueName\":\"search_term_string\"}}],\"inLanguage\":\"hr\"},{\"@type\":\"Organization\",\"@id\":\"https:\/\/infashion.si\/hr\/#organization\",\"name\":\"InFashion\",\"url\":\"https:\/\/infashion.si\/hr\/\",\"logo\":{\"@type\":\"ImageObject\",\"inLanguage\":\"hr\",\"@id\":\"https:\/\/infashion.si\/hr\/#\/schema\/logo\/image\/\",\"url\":\"https:\/\/infashion.si\/wp-content\/uploads\/2022\/08\/logo_3.png\",\"contentUrl\":\"https:\/\/infashion.si\/wp-content\/uploads\/2022\/08\/logo_3.png\",\"width\":210,\"height\":27,\"caption\":\"InFashion\"},\"image\":{\"@id\":\"https:\/\/infashion.si\/hr\/#\/schema\/logo\/image\/\"},\"sameAs\":[\"https:\/\/www.facebook.com\/Infashionsi\",\"https:\/\/www.instagram.com\/infashion.si\/\"]}]}<\/script>\n<!-- \/ Yoast SEO plugin. -->","yoast_head_json":{"title":"Udobne hla\u010de s patentom ispod Zala maslinasto zelene - inFashion","robots":{"index":"index","follow":"follow","max-snippet":"max-snippet:-1","max-image-preview":"max-image-preview:large","max-video-preview":"max-video-preview:-1"},"canonical":"https:\/\/infashion.si\/hr\/zenska-odjeca\/hlace\/udobne-hlace-s-patent-ispod-zala-maslina-zelena\/","og_locale":"hr_HR","og_type":"article","og_title":"Udobne hla\u010de s patentom ispod Zala maslinasto zelene - inFashion","og_description":"Udobne elasti\u010dne hla\u010de na koje mo\u017eete biti ponosni razne kombinacije.","og_url":"https:\/\/infashion.si\/hr\/zenska-odjeca\/hlace\/udobne-hlace-s-patent-ispod-zala-maslina-zelena\/","og_site_name":"inFashion","article_publisher":"https:\/\/www.facebook.com\/Infashionsi","article_modified_time":"2024-07-26T04:28:00+00:00","og_image":[{"width":600,"height":720,"url":"https:\/\/infashion.si\/wp-content\/uploads\/2023\/08\/jeanine.jpg","type":"image\/jpeg"}],"twitter_card":"summary_large_image","schema":{"@context":"https:\/\/schema.org","@graph":[{"@type":"WebPage","@id":"https:\/\/infashion.si\/hr\/zenska-odjeca\/hlace\/udobne-hlace-s-patent-ispod-zala-maslina-zelena\/","url":"https:\/\/infashion.si\/hr\/zenska-odjeca\/hlace\/udobne-hlace-s-patent-ispod-zala-maslina-zelena\/","name":"Udobne hla\u010de s patentom ispod Zala maslinasto zelene - inFashion","isPartOf":{"@id":"https:\/\/infashion.si\/hr\/#website"},"primaryImageOfPage":{"@id":"https:\/\/infashion.si\/hr\/zenska-odjeca\/hlace\/udobne-hlace-s-patent-ispod-zala-maslina-zelena\/#primaryimage"},"image":{"@id":"https:\/\/infashion.si\/hr\/zenska-odjeca\/hlace\/udobne-hlace-s-patent-ispod-zala-maslina-zelena\/#primaryimage"},"thumbnailUrl":"https:\/\/infashion.si\/wp-content\/uploads\/2023\/08\/jeanine.jpg","datePublished":"2023-09-06T11:35:02+00:00","dateModified":"2024-07-26T04:28:00+00:00","breadcrumb":{"@id":"https:\/\/infashion.si\/hr\/zenska-odjeca\/hlace\/udobne-hlace-s-patent-ispod-zala-maslina-zelena\/#breadcrumb"},"inLanguage":"hr","potentialAction":[{"@type":"ReadAction","target":["https:\/\/infashion.si\/hr\/zenska-odjeca\/hlace\/udobne-hlace-s-patent-ispod-zala-maslina-zelena\/"]}]},{"@type":"ImageObject","inLanguage":"hr","@id":"https:\/\/infashion.si\/hr\/zenska-odjeca\/hlace\/udobne-hlace-s-patent-ispod-zala-maslina-zelena\/#primaryimage","url":"https:\/\/infashion.si\/wp-content\/uploads\/2023\/08\/jeanine.jpg","contentUrl":"https:\/\/infashion.si\/wp-content\/uploads\/2023\/08\/jeanine.jpg","width":600,"height":720},{"@type":"BreadcrumbList","@id":"https:\/\/infashion.si\/hr\/zenska-odjeca\/hlace\/udobne-hlace-s-patent-ispod-zala-maslina-zelena\/#breadcrumb","itemListElement":[{"@type":"ListItem","position":1,"name":"Home","item":"https:\/\/infashion.si\/hr\/dom\/"},{"@type":"ListItem","position":2,"name":"Shop","item":"https:\/\/infashion.si\/shop\/"},{"@type":"ListItem","position":3,"name":"Udobne hla\u010de s patentom ispod Zala maslinasto zelene"}]},{"@type":"WebSite","@id":"https:\/\/infashion.si\/hr\/#website","url":"https:\/\/infashion.si\/hr\/","name":"inFashion","description":"Spletna trgovina s \u010devlji in \u017eensko modo","publisher":{"@id":"https:\/\/infashion.si\/hr\/#organization"},"potentialAction":[{"@type":"SearchAction","target":{"@type":"EntryPoint","urlTemplate":"https:\/\/infashion.si\/hr\/?s={search_term_string}"},"query-input":{"@type":"PropertyValueSpecification","valueRequired":true,"valueName":"search_term_string"}}],"inLanguage":"hr"},{"@type":"Organization","@id":"https:\/\/infashion.si\/hr\/#organization","name":"InFashion","url":"https:\/\/infashion.si\/hr\/","logo":{"@type":"ImageObject","inLanguage":"hr","@id":"https:\/\/infashion.si\/hr\/#\/schema\/logo\/image\/","url":"https:\/\/infashion.si\/wp-content\/uploads\/2022\/08\/logo_3.png","contentUrl":"https:\/\/infashion.si\/wp-content\/uploads\/2022\/08\/logo_3.png","width":210,"height":27,"caption":"InFashion"},"image":{"@id":"https:\/\/infashion.si\/hr\/#\/schema\/logo\/image\/"},"sameAs":["https:\/\/www.facebook.com\/Infashionsi","https:\/\/www.instagram.com\/infashion.si\/"]}]}},"_links":{"self":[{"href":"https:\/\/infashion.si\/hr\/wp-json\/wp\/v2\/product\/44557","targetHints":{"allow":["GET"]}}],"collection":[{"href":"https:\/\/infashion.si\/hr\/wp-json\/wp\/v2\/product"}],"about":[{"href":"https:\/\/infashion.si\/hr\/wp-json\/wp\/v2\/types\/product"}],"replies":[{"embeddable":true,"href":"https:\/\/infashion.si\/hr\/wp-json\/wp\/v2\/comments?post=44557"}],"wp:featuredmedia":[{"embeddable":true,"href":"https:\/\/infashion.si\/hr\/wp-json\/wp\/v2\/media\/38435"}],"wp:attachment":[{"href":"https:\/\/infashion.si\/hr\/wp-json\/wp\/v2\/media?parent=44557"}],"wp:term":[{"taxonomy":"product_brand","embeddable":true,"href":"https:\/\/infashion.si\/hr\/wp-json\/wp\/v2\/product_brand?post=44557"},{"taxonomy":"product_cat","embeddable":true,"href":"https:\/\/infashion.si\/hr\/wp-json\/wp\/v2\/product_cat?post=44557"},{"taxonomy":"product_tag","embeddable":true,"href":"https:\/\/infashion.si\/hr\/wp-json\/wp\/v2\/product_tag?post=44557"}],"curies":[{"name":"wp","href":"https:\/\/api.w.org\/{rel}","templated":true}]}}