{"id":44036,"date":"2023-06-05T11:21:46","date_gmt":"2023-06-05T09:21:46","guid":{"rendered":"https:\/\/infashion.si\/Bez kategorije\/zenske-sandale-sa-selena-bijelim-naramenicama\/"},"modified":"2023-06-05T11:21:46","modified_gmt":"2023-06-05T09:21:46","slug":"zenske-sandale-s-paski-selena-bijela","status":"publish","type":"product","link":"https:\/\/infashion.si\/hr\/obuca-hr\/sva-obuca\/zenske-sandale-s-paski-selena-bijela\/","title":{"rendered":"\u017denske sandale sa Selena bijelim naramenicama"},"content":{"rendered":"<p>Veli\u010dina: standardni broj.<\/p>\n<p>Sastav:<br \/>\nGornji dio: ostali materijali<br \/>\nOblaganje i umetanje: ostali materijali<br \/>\nPotplat: ostali materijali, tekstil<\/p>\n<p>Va\u017enost ozna\u010davanja glavnih komponenti i materijala obu\u0107e mo\u017eete prona\u0107i ovdje&gt;.<\/p>\n","protected":false},"excerpt":{"rendered":"<p>Udobne sandale koje \u0107ete mo\u0107i nositi na razli\u010ditim kombinacijama.<\/p>\n","protected":false},"featured_media":35811,"comment_status":"open","ping_status":"closed","template":"","meta":{"_acf_changed":false},"product_brand":[],"product_cat":[164,165,160,163],"product_tag":[],"class_list":{"0":"post-44036","1":"product","2":"type-product","3":"status-publish","4":"has-post-thumbnail","6":"product_cat-ispusni-otvor","7":"product_cat-niske-sandale","8":"product_cat-obuca-hr","9":"product_cat-sva-obuca","10":"pa_velikost-36-hr","11":"pa_velikost-37-hr","12":"pa_velikost-38-hr-3","13":"pa_velikost-39-hr-2","14":"pa_velikost-40-hr-2","15":"pa_velikost-41-hr","17":"first","18":"instock","19":"taxable","20":"shipping-taxable","21":"purchasable","22":"product-type-variable","23":"has-default-attributes"},"acf":[],"yoast_head":"<!-- This site is optimized with the Yoast SEO plugin v27.1.1 - https:\/\/yoast.com\/product\/yoast-seo-wordpress\/ -->\n<title>\u017denske sandale sa Selena bijelim naramenicama - inFashion<\/title>\n<meta name=\"robots\" content=\"index, follow, max-snippet:-1, max-image-preview:large, max-video-preview:-1\" \/>\n<link rel=\"canonical\" href=\"https:\/\/infashion.si\/hr\/obuca-hr\/sva-obuca\/zenske-sandale-s-paski-selena-bijela\/\" \/>\n<meta property=\"og:locale\" content=\"hr_HR\" \/>\n<meta property=\"og:type\" content=\"article\" \/>\n<meta property=\"og:title\" content=\"\u017denske sandale sa Selena bijelim naramenicama - inFashion\" \/>\n<meta property=\"og:description\" content=\"Udobne sandale koje \u0107ete mo\u0107i nositi na razli\u010ditim kombinacijama.\" \/>\n<meta property=\"og:url\" content=\"https:\/\/infashion.si\/hr\/obuca-hr\/sva-obuca\/zenske-sandale-s-paski-selena-bijela\/\" \/>\n<meta property=\"og:site_name\" content=\"inFashion\" \/>\n<meta property=\"article:publisher\" content=\"https:\/\/www.facebook.com\/Infashionsi\" \/>\n<meta property=\"og:image\" content=\"https:\/\/infashion.si\/wp-content\/uploads\/2023\/06\/selena-2.jpg\" \/>\n\t<meta property=\"og:image:width\" content=\"800\" \/>\n\t<meta property=\"og:image:height\" content=\"960\" \/>\n\t<meta property=\"og:image:type\" content=\"image\/jpeg\" \/>\n<meta name=\"twitter:card\" content=\"summary_large_image\" \/>\n<script type=\"application\/ld+json\" class=\"yoast-schema-graph\">{\"@context\":\"https:\/\/schema.org\",\"@graph\":[{\"@type\":\"WebPage\",\"@id\":\"https:\/\/infashion.si\/hr\/obuca-hr\/sva-obuca\/zenske-sandale-s-paski-selena-bijela\/\",\"url\":\"https:\/\/infashion.si\/hr\/obuca-hr\/sva-obuca\/zenske-sandale-s-paski-selena-bijela\/\",\"name\":\"\u017denske sandale sa Selena bijelim naramenicama - inFashion\",\"isPartOf\":{\"@id\":\"https:\/\/infashion.si\/hr\/#website\"},\"primaryImageOfPage\":{\"@id\":\"https:\/\/infashion.si\/hr\/obuca-hr\/sva-obuca\/zenske-sandale-s-paski-selena-bijela\/#primaryimage\"},\"image\":{\"@id\":\"https:\/\/infashion.si\/hr\/obuca-hr\/sva-obuca\/zenske-sandale-s-paski-selena-bijela\/#primaryimage\"},\"thumbnailUrl\":\"https:\/\/infashion.si\/wp-content\/uploads\/2023\/06\/selena-2.jpg\",\"datePublished\":\"2023-06-05T09:21:46+00:00\",\"breadcrumb\":{\"@id\":\"https:\/\/infashion.si\/hr\/obuca-hr\/sva-obuca\/zenske-sandale-s-paski-selena-bijela\/#breadcrumb\"},\"inLanguage\":\"hr\",\"potentialAction\":[{\"@type\":\"ReadAction\",\"target\":[\"https:\/\/infashion.si\/hr\/obuca-hr\/sva-obuca\/zenske-sandale-s-paski-selena-bijela\/\"]}]},{\"@type\":\"ImageObject\",\"inLanguage\":\"hr\",\"@id\":\"https:\/\/infashion.si\/hr\/obuca-hr\/sva-obuca\/zenske-sandale-s-paski-selena-bijela\/#primaryimage\",\"url\":\"https:\/\/infashion.si\/wp-content\/uploads\/2023\/06\/selena-2.jpg\",\"contentUrl\":\"https:\/\/infashion.si\/wp-content\/uploads\/2023\/06\/selena-2.jpg\",\"width\":800,\"height\":960},{\"@type\":\"BreadcrumbList\",\"@id\":\"https:\/\/infashion.si\/hr\/obuca-hr\/sva-obuca\/zenske-sandale-s-paski-selena-bijela\/#breadcrumb\",\"itemListElement\":[{\"@type\":\"ListItem\",\"position\":1,\"name\":\"Home\",\"item\":\"https:\/\/infashion.si\/hr\/dom\/\"},{\"@type\":\"ListItem\",\"position\":2,\"name\":\"Shop\",\"item\":\"https:\/\/infashion.si\/shop\/\"},{\"@type\":\"ListItem\",\"position\":3,\"name\":\"\u017denske sandale sa Selena bijelim naramenicama\"}]},{\"@type\":\"WebSite\",\"@id\":\"https:\/\/infashion.si\/hr\/#website\",\"url\":\"https:\/\/infashion.si\/hr\/\",\"name\":\"inFashion\",\"description\":\"Spletna trgovina s \u010devlji in \u017eensko modo\",\"publisher\":{\"@id\":\"https:\/\/infashion.si\/hr\/#organization\"},\"potentialAction\":[{\"@type\":\"SearchAction\",\"target\":{\"@type\":\"EntryPoint\",\"urlTemplate\":\"https:\/\/infashion.si\/hr\/?s={search_term_string}\"},\"query-input\":{\"@type\":\"PropertyValueSpecification\",\"valueRequired\":true,\"valueName\":\"search_term_string\"}}],\"inLanguage\":\"hr\"},{\"@type\":\"Organization\",\"@id\":\"https:\/\/infashion.si\/hr\/#organization\",\"name\":\"InFashion\",\"url\":\"https:\/\/infashion.si\/hr\/\",\"logo\":{\"@type\":\"ImageObject\",\"inLanguage\":\"hr\",\"@id\":\"https:\/\/infashion.si\/hr\/#\/schema\/logo\/image\/\",\"url\":\"https:\/\/infashion.si\/wp-content\/uploads\/2022\/08\/logo_3.png\",\"contentUrl\":\"https:\/\/infashion.si\/wp-content\/uploads\/2022\/08\/logo_3.png\",\"width\":210,\"height\":27,\"caption\":\"InFashion\"},\"image\":{\"@id\":\"https:\/\/infashion.si\/hr\/#\/schema\/logo\/image\/\"},\"sameAs\":[\"https:\/\/www.facebook.com\/Infashionsi\",\"https:\/\/www.instagram.com\/infashion.si\/\"]}]}<\/script>\n<!-- \/ Yoast SEO plugin. -->","yoast_head_json":{"title":"\u017denske sandale sa Selena bijelim naramenicama - inFashion","robots":{"index":"index","follow":"follow","max-snippet":"max-snippet:-1","max-image-preview":"max-image-preview:large","max-video-preview":"max-video-preview:-1"},"canonical":"https:\/\/infashion.si\/hr\/obuca-hr\/sva-obuca\/zenske-sandale-s-paski-selena-bijela\/","og_locale":"hr_HR","og_type":"article","og_title":"\u017denske sandale sa Selena bijelim naramenicama - inFashion","og_description":"Udobne sandale koje \u0107ete mo\u0107i nositi na razli\u010ditim kombinacijama.","og_url":"https:\/\/infashion.si\/hr\/obuca-hr\/sva-obuca\/zenske-sandale-s-paski-selena-bijela\/","og_site_name":"inFashion","article_publisher":"https:\/\/www.facebook.com\/Infashionsi","og_image":[{"width":800,"height":960,"url":"https:\/\/infashion.si\/wp-content\/uploads\/2023\/06\/selena-2.jpg","type":"image\/jpeg"}],"twitter_card":"summary_large_image","schema":{"@context":"https:\/\/schema.org","@graph":[{"@type":"WebPage","@id":"https:\/\/infashion.si\/hr\/obuca-hr\/sva-obuca\/zenske-sandale-s-paski-selena-bijela\/","url":"https:\/\/infashion.si\/hr\/obuca-hr\/sva-obuca\/zenske-sandale-s-paski-selena-bijela\/","name":"\u017denske sandale sa Selena bijelim naramenicama - inFashion","isPartOf":{"@id":"https:\/\/infashion.si\/hr\/#website"},"primaryImageOfPage":{"@id":"https:\/\/infashion.si\/hr\/obuca-hr\/sva-obuca\/zenske-sandale-s-paski-selena-bijela\/#primaryimage"},"image":{"@id":"https:\/\/infashion.si\/hr\/obuca-hr\/sva-obuca\/zenske-sandale-s-paski-selena-bijela\/#primaryimage"},"thumbnailUrl":"https:\/\/infashion.si\/wp-content\/uploads\/2023\/06\/selena-2.jpg","datePublished":"2023-06-05T09:21:46+00:00","breadcrumb":{"@id":"https:\/\/infashion.si\/hr\/obuca-hr\/sva-obuca\/zenske-sandale-s-paski-selena-bijela\/#breadcrumb"},"inLanguage":"hr","potentialAction":[{"@type":"ReadAction","target":["https:\/\/infashion.si\/hr\/obuca-hr\/sva-obuca\/zenske-sandale-s-paski-selena-bijela\/"]}]},{"@type":"ImageObject","inLanguage":"hr","@id":"https:\/\/infashion.si\/hr\/obuca-hr\/sva-obuca\/zenske-sandale-s-paski-selena-bijela\/#primaryimage","url":"https:\/\/infashion.si\/wp-content\/uploads\/2023\/06\/selena-2.jpg","contentUrl":"https:\/\/infashion.si\/wp-content\/uploads\/2023\/06\/selena-2.jpg","width":800,"height":960},{"@type":"BreadcrumbList","@id":"https:\/\/infashion.si\/hr\/obuca-hr\/sva-obuca\/zenske-sandale-s-paski-selena-bijela\/#breadcrumb","itemListElement":[{"@type":"ListItem","position":1,"name":"Home","item":"https:\/\/infashion.si\/hr\/dom\/"},{"@type":"ListItem","position":2,"name":"Shop","item":"https:\/\/infashion.si\/shop\/"},{"@type":"ListItem","position":3,"name":"\u017denske sandale sa Selena bijelim naramenicama"}]},{"@type":"WebSite","@id":"https:\/\/infashion.si\/hr\/#website","url":"https:\/\/infashion.si\/hr\/","name":"inFashion","description":"Spletna trgovina s \u010devlji in \u017eensko modo","publisher":{"@id":"https:\/\/infashion.si\/hr\/#organization"},"potentialAction":[{"@type":"SearchAction","target":{"@type":"EntryPoint","urlTemplate":"https:\/\/infashion.si\/hr\/?s={search_term_string}"},"query-input":{"@type":"PropertyValueSpecification","valueRequired":true,"valueName":"search_term_string"}}],"inLanguage":"hr"},{"@type":"Organization","@id":"https:\/\/infashion.si\/hr\/#organization","name":"InFashion","url":"https:\/\/infashion.si\/hr\/","logo":{"@type":"ImageObject","inLanguage":"hr","@id":"https:\/\/infashion.si\/hr\/#\/schema\/logo\/image\/","url":"https:\/\/infashion.si\/wp-content\/uploads\/2022\/08\/logo_3.png","contentUrl":"https:\/\/infashion.si\/wp-content\/uploads\/2022\/08\/logo_3.png","width":210,"height":27,"caption":"InFashion"},"image":{"@id":"https:\/\/infashion.si\/hr\/#\/schema\/logo\/image\/"},"sameAs":["https:\/\/www.facebook.com\/Infashionsi","https:\/\/www.instagram.com\/infashion.si\/"]}]}},"_links":{"self":[{"href":"https:\/\/infashion.si\/hr\/wp-json\/wp\/v2\/product\/44036","targetHints":{"allow":["GET"]}}],"collection":[{"href":"https:\/\/infashion.si\/hr\/wp-json\/wp\/v2\/product"}],"about":[{"href":"https:\/\/infashion.si\/hr\/wp-json\/wp\/v2\/types\/product"}],"replies":[{"embeddable":true,"href":"https:\/\/infashion.si\/hr\/wp-json\/wp\/v2\/comments?post=44036"}],"wp:featuredmedia":[{"embeddable":true,"href":"https:\/\/infashion.si\/hr\/wp-json\/wp\/v2\/media\/35811"}],"wp:attachment":[{"href":"https:\/\/infashion.si\/hr\/wp-json\/wp\/v2\/media?parent=44036"}],"wp:term":[{"taxonomy":"product_brand","embeddable":true,"href":"https:\/\/infashion.si\/hr\/wp-json\/wp\/v2\/product_brand?post=44036"},{"taxonomy":"product_cat","embeddable":true,"href":"https:\/\/infashion.si\/hr\/wp-json\/wp\/v2\/product_cat?post=44036"},{"taxonomy":"product_tag","embeddable":true,"href":"https:\/\/infashion.si\/hr\/wp-json\/wp\/v2\/product_tag?post=44036"}],"curies":[{"name":"wp","href":"https:\/\/api.w.org\/{rel}","templated":true}]}}