{"id":43233,"date":"2022-11-14T15:50:50","date_gmt":"2022-11-14T14:50:50","guid":{"rendered":"https:\/\/infashion.si\/Bez kategorije\/zenski-pleteni-dzemper-sirokog-ovratnika-blaire-crna\/"},"modified":"2022-11-14T15:50:50","modified_gmt":"2022-11-14T14:50:50","slug":"zenski-pleteni-dzemper-sa-sirokim-ovratnikom-blaire-crnim","status":"publish","type":"product","link":"https:\/\/infashion.si\/hr\/zenska-odjeca\/dzemperi-i-jakne\/zenski-pleteni-dzemper-sa-sirokim-ovratnikom-blaire-crnim\/","title":{"rendered":"\u017denski pleteni d\u017eemper \u0161irokog ovratnika Blaire crna"},"content":{"rendered":"<p>Sastav: 100% akril.<\/p>\n<p>&nbsp;<\/p>\n","protected":false},"excerpt":{"rendered":"<p>Topli du\u017ei d\u017eemper ne bi trebao nedostajati u va\u0161em jesensko-zimskom ormaru. Remen nije uklju\u010den.<\/p>\n","protected":false},"featured_media":0,"comment_status":"open","ping_status":"closed","template":"","meta":{"_acf_changed":false},"product_brand":[],"product_cat":[187,168,177],"product_tag":[],"class_list":{"0":"post-43233","1":"product","2":"type-product","3":"status-publish","5":"product_cat-dzemperi-i-jakne","6":"product_cat-nov","7":"product_cat-zenska-odjeca","8":"pa_velikost_oblacil-uni-36-40-hr","10":"first","11":"outofstock","12":"taxable","13":"shipping-taxable","14":"product-type-variable","15":"has-default-attributes"},"acf":[],"yoast_head":"<!-- This site is optimized with the Yoast SEO plugin v27.1.1 - https:\/\/yoast.com\/product\/yoast-seo-wordpress\/ -->\n<title>\u017denski pleteni d\u017eemper \u0161irokog ovratnika Blaire crna - inFashion<\/title>\n<meta name=\"robots\" content=\"index, follow, max-snippet:-1, max-image-preview:large, max-video-preview:-1\" \/>\n<link rel=\"canonical\" href=\"https:\/\/infashion.si\/hr\/zenska-odjeca\/dzemperi-i-jakne\/zenski-pleteni-dzemper-sa-sirokim-ovratnikom-blaire-crnim\/\" \/>\n<meta property=\"og:locale\" content=\"hr_HR\" \/>\n<meta property=\"og:type\" content=\"article\" \/>\n<meta property=\"og:title\" content=\"\u017denski pleteni d\u017eemper \u0161irokog ovratnika Blaire crna - inFashion\" \/>\n<meta property=\"og:description\" content=\"Topli du\u017ei d\u017eemper ne bi trebao nedostajati u va\u0161em jesensko-zimskom ormaru. Remen nije uklju\u010den.\" \/>\n<meta property=\"og:url\" content=\"https:\/\/infashion.si\/hr\/zenska-odjeca\/dzemperi-i-jakne\/zenski-pleteni-dzemper-sa-sirokim-ovratnikom-blaire-crnim\/\" \/>\n<meta property=\"og:site_name\" content=\"inFashion\" \/>\n<meta property=\"article:publisher\" content=\"https:\/\/www.facebook.com\/Infashionsi\" \/>\n<meta property=\"og:image\" content=\"https:\/\/infashion.si\/wp-content\/uploads\/2022\/11\/balire-2.jpg\" \/>\n\t<meta property=\"og:image:width\" content=\"800\" \/>\n\t<meta property=\"og:image:height\" content=\"960\" \/>\n\t<meta property=\"og:image:type\" content=\"image\/jpeg\" \/>\n<meta name=\"twitter:card\" content=\"summary_large_image\" \/>\n<script type=\"application\/ld+json\" class=\"yoast-schema-graph\">{\"@context\":\"https:\/\/schema.org\",\"@graph\":[{\"@type\":\"WebPage\",\"@id\":\"https:\/\/infashion.si\/hr\/zenska-odjeca\/dzemperi-i-jakne\/zenski-pleteni-dzemper-sa-sirokim-ovratnikom-blaire-crnim\/\",\"url\":\"https:\/\/infashion.si\/hr\/zenska-odjeca\/dzemperi-i-jakne\/zenski-pleteni-dzemper-sa-sirokim-ovratnikom-blaire-crnim\/\",\"name\":\"\u017denski pleteni d\u017eemper \u0161irokog ovratnika Blaire crna - inFashion\",\"isPartOf\":{\"@id\":\"https:\/\/infashion.si\/hr\/#website\"},\"datePublished\":\"2022-11-14T14:50:50+00:00\",\"breadcrumb\":{\"@id\":\"https:\/\/infashion.si\/hr\/zenska-odjeca\/dzemperi-i-jakne\/zenski-pleteni-dzemper-sa-sirokim-ovratnikom-blaire-crnim\/#breadcrumb\"},\"inLanguage\":\"hr\",\"potentialAction\":[{\"@type\":\"ReadAction\",\"target\":[\"https:\/\/infashion.si\/hr\/zenska-odjeca\/dzemperi-i-jakne\/zenski-pleteni-dzemper-sa-sirokim-ovratnikom-blaire-crnim\/\"]}]},{\"@type\":\"BreadcrumbList\",\"@id\":\"https:\/\/infashion.si\/hr\/zenska-odjeca\/dzemperi-i-jakne\/zenski-pleteni-dzemper-sa-sirokim-ovratnikom-blaire-crnim\/#breadcrumb\",\"itemListElement\":[{\"@type\":\"ListItem\",\"position\":1,\"name\":\"Home\",\"item\":\"https:\/\/infashion.si\/hr\/dom\/\"},{\"@type\":\"ListItem\",\"position\":2,\"name\":\"Shop\",\"item\":\"https:\/\/infashion.si\/shop\/\"},{\"@type\":\"ListItem\",\"position\":3,\"name\":\"\u017denski pleteni d\u017eemper \u0161irokog ovratnika Blaire crna\"}]},{\"@type\":\"WebSite\",\"@id\":\"https:\/\/infashion.si\/hr\/#website\",\"url\":\"https:\/\/infashion.si\/hr\/\",\"name\":\"inFashion\",\"description\":\"Spletna trgovina s \u010devlji in \u017eensko modo\",\"publisher\":{\"@id\":\"https:\/\/infashion.si\/hr\/#organization\"},\"potentialAction\":[{\"@type\":\"SearchAction\",\"target\":{\"@type\":\"EntryPoint\",\"urlTemplate\":\"https:\/\/infashion.si\/hr\/?s={search_term_string}\"},\"query-input\":{\"@type\":\"PropertyValueSpecification\",\"valueRequired\":true,\"valueName\":\"search_term_string\"}}],\"inLanguage\":\"hr\"},{\"@type\":\"Organization\",\"@id\":\"https:\/\/infashion.si\/hr\/#organization\",\"name\":\"InFashion\",\"url\":\"https:\/\/infashion.si\/hr\/\",\"logo\":{\"@type\":\"ImageObject\",\"inLanguage\":\"hr\",\"@id\":\"https:\/\/infashion.si\/hr\/#\/schema\/logo\/image\/\",\"url\":\"https:\/\/infashion.si\/wp-content\/uploads\/2022\/08\/logo_3.png\",\"contentUrl\":\"https:\/\/infashion.si\/wp-content\/uploads\/2022\/08\/logo_3.png\",\"width\":210,\"height\":27,\"caption\":\"InFashion\"},\"image\":{\"@id\":\"https:\/\/infashion.si\/hr\/#\/schema\/logo\/image\/\"},\"sameAs\":[\"https:\/\/www.facebook.com\/Infashionsi\",\"https:\/\/www.instagram.com\/infashion.si\/\"]}]}<\/script>\n<!-- \/ Yoast SEO plugin. -->","yoast_head_json":{"title":"\u017denski pleteni d\u017eemper \u0161irokog ovratnika Blaire crna - inFashion","robots":{"index":"index","follow":"follow","max-snippet":"max-snippet:-1","max-image-preview":"max-image-preview:large","max-video-preview":"max-video-preview:-1"},"canonical":"https:\/\/infashion.si\/hr\/zenska-odjeca\/dzemperi-i-jakne\/zenski-pleteni-dzemper-sa-sirokim-ovratnikom-blaire-crnim\/","og_locale":"hr_HR","og_type":"article","og_title":"\u017denski pleteni d\u017eemper \u0161irokog ovratnika Blaire crna - inFashion","og_description":"Topli du\u017ei d\u017eemper ne bi trebao nedostajati u va\u0161em jesensko-zimskom ormaru. Remen nije uklju\u010den.","og_url":"https:\/\/infashion.si\/hr\/zenska-odjeca\/dzemperi-i-jakne\/zenski-pleteni-dzemper-sa-sirokim-ovratnikom-blaire-crnim\/","og_site_name":"inFashion","article_publisher":"https:\/\/www.facebook.com\/Infashionsi","og_image":[{"width":800,"height":960,"url":"https:\/\/infashion.si\/wp-content\/uploads\/2022\/11\/balire-2.jpg","type":"image\/jpeg"}],"twitter_card":"summary_large_image","schema":{"@context":"https:\/\/schema.org","@graph":[{"@type":"WebPage","@id":"https:\/\/infashion.si\/hr\/zenska-odjeca\/dzemperi-i-jakne\/zenski-pleteni-dzemper-sa-sirokim-ovratnikom-blaire-crnim\/","url":"https:\/\/infashion.si\/hr\/zenska-odjeca\/dzemperi-i-jakne\/zenski-pleteni-dzemper-sa-sirokim-ovratnikom-blaire-crnim\/","name":"\u017denski pleteni d\u017eemper \u0161irokog ovratnika Blaire crna - inFashion","isPartOf":{"@id":"https:\/\/infashion.si\/hr\/#website"},"datePublished":"2022-11-14T14:50:50+00:00","breadcrumb":{"@id":"https:\/\/infashion.si\/hr\/zenska-odjeca\/dzemperi-i-jakne\/zenski-pleteni-dzemper-sa-sirokim-ovratnikom-blaire-crnim\/#breadcrumb"},"inLanguage":"hr","potentialAction":[{"@type":"ReadAction","target":["https:\/\/infashion.si\/hr\/zenska-odjeca\/dzemperi-i-jakne\/zenski-pleteni-dzemper-sa-sirokim-ovratnikom-blaire-crnim\/"]}]},{"@type":"BreadcrumbList","@id":"https:\/\/infashion.si\/hr\/zenska-odjeca\/dzemperi-i-jakne\/zenski-pleteni-dzemper-sa-sirokim-ovratnikom-blaire-crnim\/#breadcrumb","itemListElement":[{"@type":"ListItem","position":1,"name":"Home","item":"https:\/\/infashion.si\/hr\/dom\/"},{"@type":"ListItem","position":2,"name":"Shop","item":"https:\/\/infashion.si\/shop\/"},{"@type":"ListItem","position":3,"name":"\u017denski pleteni d\u017eemper \u0161irokog ovratnika Blaire crna"}]},{"@type":"WebSite","@id":"https:\/\/infashion.si\/hr\/#website","url":"https:\/\/infashion.si\/hr\/","name":"inFashion","description":"Spletna trgovina s \u010devlji in \u017eensko modo","publisher":{"@id":"https:\/\/infashion.si\/hr\/#organization"},"potentialAction":[{"@type":"SearchAction","target":{"@type":"EntryPoint","urlTemplate":"https:\/\/infashion.si\/hr\/?s={search_term_string}"},"query-input":{"@type":"PropertyValueSpecification","valueRequired":true,"valueName":"search_term_string"}}],"inLanguage":"hr"},{"@type":"Organization","@id":"https:\/\/infashion.si\/hr\/#organization","name":"InFashion","url":"https:\/\/infashion.si\/hr\/","logo":{"@type":"ImageObject","inLanguage":"hr","@id":"https:\/\/infashion.si\/hr\/#\/schema\/logo\/image\/","url":"https:\/\/infashion.si\/wp-content\/uploads\/2022\/08\/logo_3.png","contentUrl":"https:\/\/infashion.si\/wp-content\/uploads\/2022\/08\/logo_3.png","width":210,"height":27,"caption":"InFashion"},"image":{"@id":"https:\/\/infashion.si\/hr\/#\/schema\/logo\/image\/"},"sameAs":["https:\/\/www.facebook.com\/Infashionsi","https:\/\/www.instagram.com\/infashion.si\/"]}]}},"_links":{"self":[{"href":"https:\/\/infashion.si\/hr\/wp-json\/wp\/v2\/product\/43233","targetHints":{"allow":["GET"]}}],"collection":[{"href":"https:\/\/infashion.si\/hr\/wp-json\/wp\/v2\/product"}],"about":[{"href":"https:\/\/infashion.si\/hr\/wp-json\/wp\/v2\/types\/product"}],"replies":[{"embeddable":true,"href":"https:\/\/infashion.si\/hr\/wp-json\/wp\/v2\/comments?post=43233"}],"wp:attachment":[{"href":"https:\/\/infashion.si\/hr\/wp-json\/wp\/v2\/media?parent=43233"}],"wp:term":[{"taxonomy":"product_brand","embeddable":true,"href":"https:\/\/infashion.si\/hr\/wp-json\/wp\/v2\/product_brand?post=43233"},{"taxonomy":"product_cat","embeddable":true,"href":"https:\/\/infashion.si\/hr\/wp-json\/wp\/v2\/product_cat?post=43233"},{"taxonomy":"product_tag","embeddable":true,"href":"https:\/\/infashion.si\/hr\/wp-json\/wp\/v2\/product_tag?post=43233"}],"curies":[{"name":"wp","href":"https:\/\/api.w.org\/{rel}","templated":true}]}}