{"id":42786,"date":"2022-09-19T18:18:31","date_gmt":"2022-09-19T16:18:31","guid":{"rendered":"https:\/\/infashion.si\/Bez kategorije\/zenske-tajice-u-koznom-izgledu-roxana\/"},"modified":"2023-12-10T12:32:32","modified_gmt":"2023-12-10T11:32:32","slug":"zenka-pauk-u-izgledu-koza-roxana","status":"publish","type":"product","link":"https:\/\/infashion.si\/hr\/zenska-odjeca\/zenka-pauk-u-izgledu-koza-roxana\/","title":{"rendered":"\u017denske tajice u ko\u017enom izgledu Roxana"},"content":{"rendered":"<ul>\n<li>efekt guranja prema gore<\/li>\n<li>uski rez<\/li>\n<\/ul>\n<p>Sastav: 100% poliester.<\/p>\n<p>&nbsp;<\/p>\n","protected":false},"excerpt":{"rendered":"<p>Elasti\u010dne tajice u izgledu ko\u017ee ne smiju nedostajati u va\u0161em ormaru.<\/p>\n","protected":false},"featured_media":34391,"comment_status":"open","ping_status":"closed","template":"","meta":{"_acf_changed":false},"product_brand":[],"product_cat":[177],"product_tag":[],"class_list":{"0":"post-42786","1":"product","2":"type-product","3":"status-publish","4":"has-post-thumbnail","6":"product_cat-zenska-odjeca","7":"pa_velikost_oblacil-l-xl-40-42","8":"pa_velikost_oblacil-m-l-38-40","9":"pa_velikost_oblacil-s-m-36-38","11":"first","12":"instock","13":"taxable","14":"shipping-taxable","15":"purchasable","16":"product-type-variable","17":"has-default-attributes"},"acf":[],"yoast_head":"<!-- This site is optimized with the Yoast SEO plugin v27.4 - https:\/\/yoast.com\/product\/yoast-seo-wordpress\/ -->\n<title>\u017denske tajice u ko\u017enom izgledu Roxana - inFashion<\/title>\n<meta name=\"robots\" content=\"index, follow, max-snippet:-1, max-image-preview:large, max-video-preview:-1\" \/>\n<link rel=\"canonical\" href=\"https:\/\/infashion.si\/hr\/zenska-odjeca\/zenka-pauk-u-izgledu-koza-roxana\/\" \/>\n<meta property=\"og:locale\" content=\"hr_HR\" \/>\n<meta property=\"og:type\" content=\"article\" \/>\n<meta property=\"og:title\" content=\"\u017denske tajice u ko\u017enom izgledu Roxana - inFashion\" \/>\n<meta property=\"og:description\" content=\"Elasti\u010dne tajice u izgledu ko\u017ee ne smiju nedostajati u va\u0161em ormaru.\" \/>\n<meta property=\"og:url\" content=\"https:\/\/infashion.si\/hr\/zenska-odjeca\/zenka-pauk-u-izgledu-koza-roxana\/\" \/>\n<meta property=\"og:site_name\" content=\"inFashion\" \/>\n<meta property=\"article:publisher\" content=\"https:\/\/www.facebook.com\/Infashionsi\" \/>\n<meta property=\"article:modified_time\" content=\"2023-12-10T11:32:32+00:00\" \/>\n<meta property=\"og:image\" content=\"https:\/\/infashion.si\/wp-content\/uploads\/2022\/09\/roxana-2.jpg\" \/>\n\t<meta property=\"og:image:width\" content=\"600\" \/>\n\t<meta property=\"og:image:height\" content=\"720\" \/>\n\t<meta property=\"og:image:type\" content=\"image\/jpeg\" \/>\n<meta name=\"twitter:card\" content=\"summary_large_image\" \/>\n<script type=\"application\/ld+json\" class=\"yoast-schema-graph\">{\"@context\":\"https:\\\/\\\/schema.org\",\"@graph\":[{\"@type\":\"WebPage\",\"@id\":\"https:\\\/\\\/infashion.si\\\/hr\\\/zenska-odjeca\\\/zenka-pauk-u-izgledu-koza-roxana\\\/\",\"url\":\"https:\\\/\\\/infashion.si\\\/hr\\\/zenska-odjeca\\\/zenka-pauk-u-izgledu-koza-roxana\\\/\",\"name\":\"\u017denske tajice u ko\u017enom izgledu Roxana - inFashion\",\"isPartOf\":{\"@id\":\"https:\\\/\\\/infashion.si\\\/hr\\\/#website\"},\"primaryImageOfPage\":{\"@id\":\"https:\\\/\\\/infashion.si\\\/hr\\\/zenska-odjeca\\\/zenka-pauk-u-izgledu-koza-roxana\\\/#primaryimage\"},\"image\":{\"@id\":\"https:\\\/\\\/infashion.si\\\/hr\\\/zenska-odjeca\\\/zenka-pauk-u-izgledu-koza-roxana\\\/#primaryimage\"},\"thumbnailUrl\":\"https:\\\/\\\/infashion.si\\\/wp-content\\\/uploads\\\/2022\\\/09\\\/roxana-2.jpg\",\"datePublished\":\"2022-09-19T16:18:31+00:00\",\"dateModified\":\"2023-12-10T11:32:32+00:00\",\"breadcrumb\":{\"@id\":\"https:\\\/\\\/infashion.si\\\/hr\\\/zenska-odjeca\\\/zenka-pauk-u-izgledu-koza-roxana\\\/#breadcrumb\"},\"inLanguage\":\"hr\",\"potentialAction\":[{\"@type\":\"ReadAction\",\"target\":[\"https:\\\/\\\/infashion.si\\\/hr\\\/zenska-odjeca\\\/zenka-pauk-u-izgledu-koza-roxana\\\/\"]}]},{\"@type\":\"ImageObject\",\"inLanguage\":\"hr\",\"@id\":\"https:\\\/\\\/infashion.si\\\/hr\\\/zenska-odjeca\\\/zenka-pauk-u-izgledu-koza-roxana\\\/#primaryimage\",\"url\":\"https:\\\/\\\/infashion.si\\\/wp-content\\\/uploads\\\/2022\\\/09\\\/roxana-2.jpg\",\"contentUrl\":\"https:\\\/\\\/infashion.si\\\/wp-content\\\/uploads\\\/2022\\\/09\\\/roxana-2.jpg\",\"width\":600,\"height\":720},{\"@type\":\"BreadcrumbList\",\"@id\":\"https:\\\/\\\/infashion.si\\\/hr\\\/zenska-odjeca\\\/zenka-pauk-u-izgledu-koza-roxana\\\/#breadcrumb\",\"itemListElement\":[{\"@type\":\"ListItem\",\"position\":1,\"name\":\"Home\",\"item\":\"https:\\\/\\\/infashion.si\\\/hr\\\/dom\\\/\"},{\"@type\":\"ListItem\",\"position\":2,\"name\":\"Shop\",\"item\":\"https:\\\/\\\/infashion.si\\\/shop\\\/\"},{\"@type\":\"ListItem\",\"position\":3,\"name\":\"\u017denske tajice u ko\u017enom izgledu Roxana\"}]},{\"@type\":\"WebSite\",\"@id\":\"https:\\\/\\\/infashion.si\\\/hr\\\/#website\",\"url\":\"https:\\\/\\\/infashion.si\\\/hr\\\/\",\"name\":\"inFashion\",\"description\":\"Spletna trgovina s \u010devlji in \u017eensko modo\",\"publisher\":{\"@id\":\"https:\\\/\\\/infashion.si\\\/hr\\\/#organization\"},\"potentialAction\":[{\"@type\":\"SearchAction\",\"target\":{\"@type\":\"EntryPoint\",\"urlTemplate\":\"https:\\\/\\\/infashion.si\\\/hr\\\/?s={search_term_string}\"},\"query-input\":{\"@type\":\"PropertyValueSpecification\",\"valueRequired\":true,\"valueName\":\"search_term_string\"}}],\"inLanguage\":\"hr\"},{\"@type\":\"Organization\",\"@id\":\"https:\\\/\\\/infashion.si\\\/hr\\\/#organization\",\"name\":\"InFashion\",\"url\":\"https:\\\/\\\/infashion.si\\\/hr\\\/\",\"logo\":{\"@type\":\"ImageObject\",\"inLanguage\":\"hr\",\"@id\":\"https:\\\/\\\/infashion.si\\\/hr\\\/#\\\/schema\\\/logo\\\/image\\\/\",\"url\":\"https:\\\/\\\/infashion.si\\\/wp-content\\\/uploads\\\/2022\\\/08\\\/logo_3.png\",\"contentUrl\":\"https:\\\/\\\/infashion.si\\\/wp-content\\\/uploads\\\/2022\\\/08\\\/logo_3.png\",\"width\":210,\"height\":27,\"caption\":\"InFashion\"},\"image\":{\"@id\":\"https:\\\/\\\/infashion.si\\\/hr\\\/#\\\/schema\\\/logo\\\/image\\\/\"},\"sameAs\":[\"https:\\\/\\\/www.facebook.com\\\/Infashionsi\",\"https:\\\/\\\/www.instagram.com\\\/infashion.si\\\/\"]}]}<\/script>\n<!-- \/ Yoast SEO plugin. -->","yoast_head_json":{"title":"\u017denske tajice u ko\u017enom izgledu Roxana - inFashion","robots":{"index":"index","follow":"follow","max-snippet":"max-snippet:-1","max-image-preview":"max-image-preview:large","max-video-preview":"max-video-preview:-1"},"canonical":"https:\/\/infashion.si\/hr\/zenska-odjeca\/zenka-pauk-u-izgledu-koza-roxana\/","og_locale":"hr_HR","og_type":"article","og_title":"\u017denske tajice u ko\u017enom izgledu Roxana - inFashion","og_description":"Elasti\u010dne tajice u izgledu ko\u017ee ne smiju nedostajati u va\u0161em ormaru.","og_url":"https:\/\/infashion.si\/hr\/zenska-odjeca\/zenka-pauk-u-izgledu-koza-roxana\/","og_site_name":"inFashion","article_publisher":"https:\/\/www.facebook.com\/Infashionsi","article_modified_time":"2023-12-10T11:32:32+00:00","og_image":[{"width":600,"height":720,"url":"https:\/\/infashion.si\/wp-content\/uploads\/2022\/09\/roxana-2.jpg","type":"image\/jpeg"}],"twitter_card":"summary_large_image","schema":{"@context":"https:\/\/schema.org","@graph":[{"@type":"WebPage","@id":"https:\/\/infashion.si\/hr\/zenska-odjeca\/zenka-pauk-u-izgledu-koza-roxana\/","url":"https:\/\/infashion.si\/hr\/zenska-odjeca\/zenka-pauk-u-izgledu-koza-roxana\/","name":"\u017denske tajice u ko\u017enom izgledu Roxana - inFashion","isPartOf":{"@id":"https:\/\/infashion.si\/hr\/#website"},"primaryImageOfPage":{"@id":"https:\/\/infashion.si\/hr\/zenska-odjeca\/zenka-pauk-u-izgledu-koza-roxana\/#primaryimage"},"image":{"@id":"https:\/\/infashion.si\/hr\/zenska-odjeca\/zenka-pauk-u-izgledu-koza-roxana\/#primaryimage"},"thumbnailUrl":"https:\/\/infashion.si\/wp-content\/uploads\/2022\/09\/roxana-2.jpg","datePublished":"2022-09-19T16:18:31+00:00","dateModified":"2023-12-10T11:32:32+00:00","breadcrumb":{"@id":"https:\/\/infashion.si\/hr\/zenska-odjeca\/zenka-pauk-u-izgledu-koza-roxana\/#breadcrumb"},"inLanguage":"hr","potentialAction":[{"@type":"ReadAction","target":["https:\/\/infashion.si\/hr\/zenska-odjeca\/zenka-pauk-u-izgledu-koza-roxana\/"]}]},{"@type":"ImageObject","inLanguage":"hr","@id":"https:\/\/infashion.si\/hr\/zenska-odjeca\/zenka-pauk-u-izgledu-koza-roxana\/#primaryimage","url":"https:\/\/infashion.si\/wp-content\/uploads\/2022\/09\/roxana-2.jpg","contentUrl":"https:\/\/infashion.si\/wp-content\/uploads\/2022\/09\/roxana-2.jpg","width":600,"height":720},{"@type":"BreadcrumbList","@id":"https:\/\/infashion.si\/hr\/zenska-odjeca\/zenka-pauk-u-izgledu-koza-roxana\/#breadcrumb","itemListElement":[{"@type":"ListItem","position":1,"name":"Home","item":"https:\/\/infashion.si\/hr\/dom\/"},{"@type":"ListItem","position":2,"name":"Shop","item":"https:\/\/infashion.si\/shop\/"},{"@type":"ListItem","position":3,"name":"\u017denske tajice u ko\u017enom izgledu Roxana"}]},{"@type":"WebSite","@id":"https:\/\/infashion.si\/hr\/#website","url":"https:\/\/infashion.si\/hr\/","name":"inFashion","description":"Spletna trgovina s \u010devlji in \u017eensko modo","publisher":{"@id":"https:\/\/infashion.si\/hr\/#organization"},"potentialAction":[{"@type":"SearchAction","target":{"@type":"EntryPoint","urlTemplate":"https:\/\/infashion.si\/hr\/?s={search_term_string}"},"query-input":{"@type":"PropertyValueSpecification","valueRequired":true,"valueName":"search_term_string"}}],"inLanguage":"hr"},{"@type":"Organization","@id":"https:\/\/infashion.si\/hr\/#organization","name":"InFashion","url":"https:\/\/infashion.si\/hr\/","logo":{"@type":"ImageObject","inLanguage":"hr","@id":"https:\/\/infashion.si\/hr\/#\/schema\/logo\/image\/","url":"https:\/\/infashion.si\/wp-content\/uploads\/2022\/08\/logo_3.png","contentUrl":"https:\/\/infashion.si\/wp-content\/uploads\/2022\/08\/logo_3.png","width":210,"height":27,"caption":"InFashion"},"image":{"@id":"https:\/\/infashion.si\/hr\/#\/schema\/logo\/image\/"},"sameAs":["https:\/\/www.facebook.com\/Infashionsi","https:\/\/www.instagram.com\/infashion.si\/"]}]}},"_links":{"self":[{"href":"https:\/\/infashion.si\/hr\/wp-json\/wp\/v2\/product\/42786","targetHints":{"allow":["GET"]}}],"collection":[{"href":"https:\/\/infashion.si\/hr\/wp-json\/wp\/v2\/product"}],"about":[{"href":"https:\/\/infashion.si\/hr\/wp-json\/wp\/v2\/types\/product"}],"replies":[{"embeddable":true,"href":"https:\/\/infashion.si\/hr\/wp-json\/wp\/v2\/comments?post=42786"}],"wp:featuredmedia":[{"embeddable":true,"href":"https:\/\/infashion.si\/hr\/wp-json\/wp\/v2\/media\/34391"}],"wp:attachment":[{"href":"https:\/\/infashion.si\/hr\/wp-json\/wp\/v2\/media?parent=42786"}],"wp:term":[{"taxonomy":"product_brand","embeddable":true,"href":"https:\/\/infashion.si\/hr\/wp-json\/wp\/v2\/product_brand?post=42786"},{"taxonomy":"product_cat","embeddable":true,"href":"https:\/\/infashion.si\/hr\/wp-json\/wp\/v2\/product_cat?post=42786"},{"taxonomy":"product_tag","embeddable":true,"href":"https:\/\/infashion.si\/hr\/wp-json\/wp\/v2\/product_tag?post=42786"}],"curies":[{"name":"wp","href":"https:\/\/api.w.org\/{rel}","templated":true}]}}