{"id":42633,"date":"2022-07-07T17:23:38","date_gmt":"2022-07-07T15:23:38","guid":{"rendered":"https:\/\/infashion.si\/Bez kategorije\/pleteni-set-kratkih-hlaca-i-calypso-bez-vrh\/"},"modified":"2022-07-07T17:23:38","modified_gmt":"2022-07-07T15:23:38","slug":"pletene-set-kratke-hlace-u-topa-calypso-bez","status":"publish","type":"product","link":"https:\/\/infashion.si\/hr\/zenska-odjeca\/hlace\/pletene-set-kratke-hlace-u-topa-calypso-bez\/","title":{"rendered":"Pleteni set kratkih hla\u010da i Calypso be\u017e vrh"},"content":{"rendered":"<p>Sastav: 100% pamuk.<\/p>\n<p>Veli\u010dina univerzalna, pogodna za XS-M.<\/p><\/p>\n","protected":false},"excerpt":{"rendered":"<p>Zavodljivi set kratkih hla\u010da i topova za usjeve koji se mogu nositi zajedno ili svaki komad zasebno.<\/p>\n","protected":false},"featured_media":39106,"comment_status":"open","ping_status":"closed","template":"","meta":{"_acf_changed":false},"product_brand":[],"product_cat":[181,183,177],"product_tag":[],"class_list":{"0":"post-42633","1":"product","2":"type-product","3":"status-publish","4":"has-post-thumbnail","6":"product_cat-hlace","7":"product_cat-majice-i-kosulje","8":"product_cat-zenska-odjeca","9":"pa_velikost_oblacil-uni-36-40-hr","11":"first","12":"outofstock","13":"taxable","14":"shipping-taxable","15":"product-type-variable","16":"has-default-attributes"},"acf":[],"yoast_head":"<!-- This site is optimized with the Yoast SEO plugin v27.4 - https:\/\/yoast.com\/product\/yoast-seo-wordpress\/ -->\n<title>Pleteni set kratkih hla\u010da i Calypso be\u017e vrh - inFashion<\/title>\n<meta name=\"robots\" content=\"index, follow, max-snippet:-1, max-image-preview:large, max-video-preview:-1\" \/>\n<link rel=\"canonical\" href=\"https:\/\/infashion.si\/hr\/zenska-odjeca\/hlace\/pletene-set-kratke-hlace-u-topa-calypso-bez\/\" \/>\n<meta property=\"og:locale\" content=\"hr_HR\" \/>\n<meta property=\"og:type\" content=\"article\" \/>\n<meta property=\"og:title\" content=\"Pleteni set kratkih hla\u010da i Calypso be\u017e vrh - inFashion\" \/>\n<meta property=\"og:description\" content=\"Zavodljivi set kratkih hla\u010da i topova za usjeve koji se mogu nositi zajedno ili svaki komad zasebno.\" \/>\n<meta property=\"og:url\" content=\"https:\/\/infashion.si\/hr\/zenska-odjeca\/hlace\/pletene-set-kratke-hlace-u-topa-calypso-bez\/\" \/>\n<meta property=\"og:site_name\" content=\"inFashion\" \/>\n<meta property=\"article:publisher\" content=\"https:\/\/www.facebook.com\/Infashionsi\" \/>\n<meta name=\"twitter:card\" content=\"summary_large_image\" \/>\n<script type=\"application\/ld+json\" class=\"yoast-schema-graph\">{\"@context\":\"https:\\\/\\\/schema.org\",\"@graph\":[{\"@type\":\"WebPage\",\"@id\":\"https:\\\/\\\/infashion.si\\\/hr\\\/zenska-odjeca\\\/hlace\\\/pletene-set-kratke-hlace-u-topa-calypso-bez\\\/\",\"url\":\"https:\\\/\\\/infashion.si\\\/hr\\\/zenska-odjeca\\\/hlace\\\/pletene-set-kratke-hlace-u-topa-calypso-bez\\\/\",\"name\":\"Pleteni set kratkih hla\u010da i Calypso be\u017e vrh - inFashion\",\"isPartOf\":{\"@id\":\"https:\\\/\\\/infashion.si\\\/hr\\\/#website\"},\"primaryImageOfPage\":{\"@id\":\"https:\\\/\\\/infashion.si\\\/hr\\\/zenska-odjeca\\\/hlace\\\/pletene-set-kratke-hlace-u-topa-calypso-bez\\\/#primaryimage\"},\"image\":{\"@id\":\"https:\\\/\\\/infashion.si\\\/hr\\\/zenska-odjeca\\\/hlace\\\/pletene-set-kratke-hlace-u-topa-calypso-bez\\\/#primaryimage\"},\"thumbnailUrl\":\"https:\\\/\\\/infashion.si\\\/wp-content\\\/uploads\\\/2023\\\/08\\\/calypso_1_.jpg\",\"datePublished\":\"2022-07-07T15:23:38+00:00\",\"breadcrumb\":{\"@id\":\"https:\\\/\\\/infashion.si\\\/hr\\\/zenska-odjeca\\\/hlace\\\/pletene-set-kratke-hlace-u-topa-calypso-bez\\\/#breadcrumb\"},\"inLanguage\":\"hr\",\"potentialAction\":[{\"@type\":\"ReadAction\",\"target\":[\"https:\\\/\\\/infashion.si\\\/hr\\\/zenska-odjeca\\\/hlace\\\/pletene-set-kratke-hlace-u-topa-calypso-bez\\\/\"]}]},{\"@type\":\"ImageObject\",\"inLanguage\":\"hr\",\"@id\":\"https:\\\/\\\/infashion.si\\\/hr\\\/zenska-odjeca\\\/hlace\\\/pletene-set-kratke-hlace-u-topa-calypso-bez\\\/#primaryimage\",\"url\":\"https:\\\/\\\/infashion.si\\\/wp-content\\\/uploads\\\/2023\\\/08\\\/calypso_1_.jpg\",\"contentUrl\":\"https:\\\/\\\/infashion.si\\\/wp-content\\\/uploads\\\/2023\\\/08\\\/calypso_1_.jpg\",\"width\":600,\"height\":720},{\"@type\":\"BreadcrumbList\",\"@id\":\"https:\\\/\\\/infashion.si\\\/hr\\\/zenska-odjeca\\\/hlace\\\/pletene-set-kratke-hlace-u-topa-calypso-bez\\\/#breadcrumb\",\"itemListElement\":[{\"@type\":\"ListItem\",\"position\":1,\"name\":\"Home\",\"item\":\"https:\\\/\\\/infashion.si\\\/hr\\\/dom\\\/\"},{\"@type\":\"ListItem\",\"position\":2,\"name\":\"Shop\",\"item\":\"https:\\\/\\\/infashion.si\\\/shop\\\/\"},{\"@type\":\"ListItem\",\"position\":3,\"name\":\"Pleteni set kratkih hla\u010da i Calypso be\u017e vrh\"}]},{\"@type\":\"WebSite\",\"@id\":\"https:\\\/\\\/infashion.si\\\/hr\\\/#website\",\"url\":\"https:\\\/\\\/infashion.si\\\/hr\\\/\",\"name\":\"inFashion\",\"description\":\"Spletna trgovina s \u010devlji in \u017eensko modo\",\"publisher\":{\"@id\":\"https:\\\/\\\/infashion.si\\\/hr\\\/#organization\"},\"potentialAction\":[{\"@type\":\"SearchAction\",\"target\":{\"@type\":\"EntryPoint\",\"urlTemplate\":\"https:\\\/\\\/infashion.si\\\/hr\\\/?s={search_term_string}\"},\"query-input\":{\"@type\":\"PropertyValueSpecification\",\"valueRequired\":true,\"valueName\":\"search_term_string\"}}],\"inLanguage\":\"hr\"},{\"@type\":\"Organization\",\"@id\":\"https:\\\/\\\/infashion.si\\\/hr\\\/#organization\",\"name\":\"InFashion\",\"url\":\"https:\\\/\\\/infashion.si\\\/hr\\\/\",\"logo\":{\"@type\":\"ImageObject\",\"inLanguage\":\"hr\",\"@id\":\"https:\\\/\\\/infashion.si\\\/hr\\\/#\\\/schema\\\/logo\\\/image\\\/\",\"url\":\"https:\\\/\\\/infashion.si\\\/wp-content\\\/uploads\\\/2022\\\/08\\\/logo_3.png\",\"contentUrl\":\"https:\\\/\\\/infashion.si\\\/wp-content\\\/uploads\\\/2022\\\/08\\\/logo_3.png\",\"width\":210,\"height\":27,\"caption\":\"InFashion\"},\"image\":{\"@id\":\"https:\\\/\\\/infashion.si\\\/hr\\\/#\\\/schema\\\/logo\\\/image\\\/\"},\"sameAs\":[\"https:\\\/\\\/www.facebook.com\\\/Infashionsi\",\"https:\\\/\\\/www.instagram.com\\\/infashion.si\\\/\"]}]}<\/script>\n<!-- \/ Yoast SEO plugin. -->","yoast_head_json":{"title":"Pleteni set kratkih hla\u010da i Calypso be\u017e vrh - inFashion","robots":{"index":"index","follow":"follow","max-snippet":"max-snippet:-1","max-image-preview":"max-image-preview:large","max-video-preview":"max-video-preview:-1"},"canonical":"https:\/\/infashion.si\/hr\/zenska-odjeca\/hlace\/pletene-set-kratke-hlace-u-topa-calypso-bez\/","og_locale":"hr_HR","og_type":"article","og_title":"Pleteni set kratkih hla\u010da i Calypso be\u017e vrh - inFashion","og_description":"Zavodljivi set kratkih hla\u010da i topova za usjeve koji se mogu nositi zajedno ili svaki komad zasebno.","og_url":"https:\/\/infashion.si\/hr\/zenska-odjeca\/hlace\/pletene-set-kratke-hlace-u-topa-calypso-bez\/","og_site_name":"inFashion","article_publisher":"https:\/\/www.facebook.com\/Infashionsi","twitter_card":"summary_large_image","schema":{"@context":"https:\/\/schema.org","@graph":[{"@type":"WebPage","@id":"https:\/\/infashion.si\/hr\/zenska-odjeca\/hlace\/pletene-set-kratke-hlace-u-topa-calypso-bez\/","url":"https:\/\/infashion.si\/hr\/zenska-odjeca\/hlace\/pletene-set-kratke-hlace-u-topa-calypso-bez\/","name":"Pleteni set kratkih hla\u010da i Calypso be\u017e vrh - inFashion","isPartOf":{"@id":"https:\/\/infashion.si\/hr\/#website"},"primaryImageOfPage":{"@id":"https:\/\/infashion.si\/hr\/zenska-odjeca\/hlace\/pletene-set-kratke-hlace-u-topa-calypso-bez\/#primaryimage"},"image":{"@id":"https:\/\/infashion.si\/hr\/zenska-odjeca\/hlace\/pletene-set-kratke-hlace-u-topa-calypso-bez\/#primaryimage"},"thumbnailUrl":"https:\/\/infashion.si\/wp-content\/uploads\/2023\/08\/calypso_1_.jpg","datePublished":"2022-07-07T15:23:38+00:00","breadcrumb":{"@id":"https:\/\/infashion.si\/hr\/zenska-odjeca\/hlace\/pletene-set-kratke-hlace-u-topa-calypso-bez\/#breadcrumb"},"inLanguage":"hr","potentialAction":[{"@type":"ReadAction","target":["https:\/\/infashion.si\/hr\/zenska-odjeca\/hlace\/pletene-set-kratke-hlace-u-topa-calypso-bez\/"]}]},{"@type":"ImageObject","inLanguage":"hr","@id":"https:\/\/infashion.si\/hr\/zenska-odjeca\/hlace\/pletene-set-kratke-hlace-u-topa-calypso-bez\/#primaryimage","url":"https:\/\/infashion.si\/wp-content\/uploads\/2023\/08\/calypso_1_.jpg","contentUrl":"https:\/\/infashion.si\/wp-content\/uploads\/2023\/08\/calypso_1_.jpg","width":600,"height":720},{"@type":"BreadcrumbList","@id":"https:\/\/infashion.si\/hr\/zenska-odjeca\/hlace\/pletene-set-kratke-hlace-u-topa-calypso-bez\/#breadcrumb","itemListElement":[{"@type":"ListItem","position":1,"name":"Home","item":"https:\/\/infashion.si\/hr\/dom\/"},{"@type":"ListItem","position":2,"name":"Shop","item":"https:\/\/infashion.si\/shop\/"},{"@type":"ListItem","position":3,"name":"Pleteni set kratkih hla\u010da i Calypso be\u017e vrh"}]},{"@type":"WebSite","@id":"https:\/\/infashion.si\/hr\/#website","url":"https:\/\/infashion.si\/hr\/","name":"inFashion","description":"Spletna trgovina s \u010devlji in \u017eensko modo","publisher":{"@id":"https:\/\/infashion.si\/hr\/#organization"},"potentialAction":[{"@type":"SearchAction","target":{"@type":"EntryPoint","urlTemplate":"https:\/\/infashion.si\/hr\/?s={search_term_string}"},"query-input":{"@type":"PropertyValueSpecification","valueRequired":true,"valueName":"search_term_string"}}],"inLanguage":"hr"},{"@type":"Organization","@id":"https:\/\/infashion.si\/hr\/#organization","name":"InFashion","url":"https:\/\/infashion.si\/hr\/","logo":{"@type":"ImageObject","inLanguage":"hr","@id":"https:\/\/infashion.si\/hr\/#\/schema\/logo\/image\/","url":"https:\/\/infashion.si\/wp-content\/uploads\/2022\/08\/logo_3.png","contentUrl":"https:\/\/infashion.si\/wp-content\/uploads\/2022\/08\/logo_3.png","width":210,"height":27,"caption":"InFashion"},"image":{"@id":"https:\/\/infashion.si\/hr\/#\/schema\/logo\/image\/"},"sameAs":["https:\/\/www.facebook.com\/Infashionsi","https:\/\/www.instagram.com\/infashion.si\/"]}]}},"_links":{"self":[{"href":"https:\/\/infashion.si\/hr\/wp-json\/wp\/v2\/product\/42633","targetHints":{"allow":["GET"]}}],"collection":[{"href":"https:\/\/infashion.si\/hr\/wp-json\/wp\/v2\/product"}],"about":[{"href":"https:\/\/infashion.si\/hr\/wp-json\/wp\/v2\/types\/product"}],"replies":[{"embeddable":true,"href":"https:\/\/infashion.si\/hr\/wp-json\/wp\/v2\/comments?post=42633"}],"wp:featuredmedia":[{"embeddable":true,"href":"https:\/\/infashion.si\/hr\/wp-json\/wp\/v2\/media\/39106"}],"wp:attachment":[{"href":"https:\/\/infashion.si\/hr\/wp-json\/wp\/v2\/media?parent=42633"}],"wp:term":[{"taxonomy":"product_brand","embeddable":true,"href":"https:\/\/infashion.si\/hr\/wp-json\/wp\/v2\/product_brand?post=42633"},{"taxonomy":"product_cat","embeddable":true,"href":"https:\/\/infashion.si\/hr\/wp-json\/wp\/v2\/product_cat?post=42633"},{"taxonomy":"product_tag","embeddable":true,"href":"https:\/\/infashion.si\/hr\/wp-json\/wp\/v2\/product_tag?post=42633"}],"curies":[{"name":"wp","href":"https:\/\/api.w.org\/{rel}","templated":true}]}}