{"id":42450,"date":"2022-06-16T10:51:57","date_gmt":"2022-06-16T08:51:57","guid":{"rendered":"https:\/\/infashion.si\/Bez kategorije\/zenski-gumeni-kombinezoni-u-zelenom-pojasu-amara\/"},"modified":"2022-06-16T10:51:57","modified_gmt":"2022-06-16T08:51:57","slug":"zenski-kombinezon-z-guma-u-struku-amara-zelena","status":"publish","type":"product","link":"https:\/\/infashion.si\/hr\/zenska-odjeca\/haljine\/zenski-kombinezon-z-guma-u-struku-amara-zelena\/","title":{"rendered":"\u017denski gumeni kombinezoni u zelenom pojasu Amara"},"content":{"rendered":"<p>&nbsp;Veli\u010dina: <strong>univerzalna.<\/strong><\/p>\n<p>Sastav: 95% poliester, 5% elastan.<\/p>\n<p><span>&nbsp;<\/span><\/p>\n","protected":false},"excerpt":{"rendered":"<p>Trendi kombinezoni s patentom u kojem \u0107ete zablistati. Guma u struku za ljep\u0161e pristajanje.<\/p>\n","protected":false},"featured_media":0,"comment_status":"open","ping_status":"closed","template":"","meta":{"_acf_changed":false},"product_brand":[],"product_cat":[180,181,168,177],"product_tag":[],"class_list":{"0":"post-42450","1":"product","2":"type-product","3":"status-publish","5":"product_cat-haljine","6":"product_cat-hlace","7":"product_cat-nov","8":"product_cat-zenska-odjeca","9":"pa_bestseller-da","10":"pa_velikost_oblacil-uni-36-40-hr","12":"first","13":"outofstock","14":"taxable","15":"shipping-taxable","16":"product-type-variable","17":"has-default-attributes"},"acf":[],"yoast_head":"<!-- This site is optimized with the Yoast SEO plugin v27.1.1 - https:\/\/yoast.com\/product\/yoast-seo-wordpress\/ -->\n<title>\u017denski gumeni kombinezoni u zelenom pojasu Amara - inFashion<\/title>\n<meta name=\"robots\" content=\"index, follow, max-snippet:-1, max-image-preview:large, max-video-preview:-1\" \/>\n<link rel=\"canonical\" href=\"https:\/\/infashion.si\/hr\/zenska-odjeca\/haljine\/zenski-kombinezon-z-guma-u-struku-amara-zelena\/\" \/>\n<meta property=\"og:locale\" content=\"hr_HR\" \/>\n<meta property=\"og:type\" content=\"article\" \/>\n<meta property=\"og:title\" content=\"\u017denski gumeni kombinezoni u zelenom pojasu Amara - inFashion\" \/>\n<meta property=\"og:description\" content=\"Trendi kombinezoni s patentom u kojem \u0107ete zablistati. Guma u struku za ljep\u0161e pristajanje.\" \/>\n<meta property=\"og:url\" content=\"https:\/\/infashion.si\/hr\/zenska-odjeca\/haljine\/zenski-kombinezon-z-guma-u-struku-amara-zelena\/\" \/>\n<meta property=\"og:site_name\" content=\"inFashion\" \/>\n<meta property=\"article:publisher\" content=\"https:\/\/www.facebook.com\/Infashionsi\" \/>\n<meta name=\"twitter:card\" content=\"summary_large_image\" \/>\n<script type=\"application\/ld+json\" class=\"yoast-schema-graph\">{\"@context\":\"https:\/\/schema.org\",\"@graph\":[{\"@type\":\"WebPage\",\"@id\":\"https:\/\/infashion.si\/hr\/zenska-odjeca\/haljine\/zenski-kombinezon-z-guma-u-struku-amara-zelena\/\",\"url\":\"https:\/\/infashion.si\/hr\/zenska-odjeca\/haljine\/zenski-kombinezon-z-guma-u-struku-amara-zelena\/\",\"name\":\"\u017denski gumeni kombinezoni u zelenom pojasu Amara - inFashion\",\"isPartOf\":{\"@id\":\"https:\/\/infashion.si\/hr\/#website\"},\"datePublished\":\"2022-06-16T08:51:57+00:00\",\"breadcrumb\":{\"@id\":\"https:\/\/infashion.si\/hr\/zenska-odjeca\/haljine\/zenski-kombinezon-z-guma-u-struku-amara-zelena\/#breadcrumb\"},\"inLanguage\":\"hr\",\"potentialAction\":[{\"@type\":\"ReadAction\",\"target\":[\"https:\/\/infashion.si\/hr\/zenska-odjeca\/haljine\/zenski-kombinezon-z-guma-u-struku-amara-zelena\/\"]}]},{\"@type\":\"BreadcrumbList\",\"@id\":\"https:\/\/infashion.si\/hr\/zenska-odjeca\/haljine\/zenski-kombinezon-z-guma-u-struku-amara-zelena\/#breadcrumb\",\"itemListElement\":[{\"@type\":\"ListItem\",\"position\":1,\"name\":\"Home\",\"item\":\"https:\/\/infashion.si\/hr\/dom\/\"},{\"@type\":\"ListItem\",\"position\":2,\"name\":\"Shop\",\"item\":\"https:\/\/infashion.si\/shop\/\"},{\"@type\":\"ListItem\",\"position\":3,\"name\":\"\u017denski gumeni kombinezoni u zelenom pojasu Amara\"}]},{\"@type\":\"WebSite\",\"@id\":\"https:\/\/infashion.si\/hr\/#website\",\"url\":\"https:\/\/infashion.si\/hr\/\",\"name\":\"inFashion\",\"description\":\"Spletna trgovina s \u010devlji in \u017eensko modo\",\"publisher\":{\"@id\":\"https:\/\/infashion.si\/hr\/#organization\"},\"potentialAction\":[{\"@type\":\"SearchAction\",\"target\":{\"@type\":\"EntryPoint\",\"urlTemplate\":\"https:\/\/infashion.si\/hr\/?s={search_term_string}\"},\"query-input\":{\"@type\":\"PropertyValueSpecification\",\"valueRequired\":true,\"valueName\":\"search_term_string\"}}],\"inLanguage\":\"hr\"},{\"@type\":\"Organization\",\"@id\":\"https:\/\/infashion.si\/hr\/#organization\",\"name\":\"InFashion\",\"url\":\"https:\/\/infashion.si\/hr\/\",\"logo\":{\"@type\":\"ImageObject\",\"inLanguage\":\"hr\",\"@id\":\"https:\/\/infashion.si\/hr\/#\/schema\/logo\/image\/\",\"url\":\"https:\/\/infashion.si\/wp-content\/uploads\/2022\/08\/logo_3.png\",\"contentUrl\":\"https:\/\/infashion.si\/wp-content\/uploads\/2022\/08\/logo_3.png\",\"width\":210,\"height\":27,\"caption\":\"InFashion\"},\"image\":{\"@id\":\"https:\/\/infashion.si\/hr\/#\/schema\/logo\/image\/\"},\"sameAs\":[\"https:\/\/www.facebook.com\/Infashionsi\",\"https:\/\/www.instagram.com\/infashion.si\/\"]}]}<\/script>\n<!-- \/ Yoast SEO plugin. -->","yoast_head_json":{"title":"\u017denski gumeni kombinezoni u zelenom pojasu Amara - inFashion","robots":{"index":"index","follow":"follow","max-snippet":"max-snippet:-1","max-image-preview":"max-image-preview:large","max-video-preview":"max-video-preview:-1"},"canonical":"https:\/\/infashion.si\/hr\/zenska-odjeca\/haljine\/zenski-kombinezon-z-guma-u-struku-amara-zelena\/","og_locale":"hr_HR","og_type":"article","og_title":"\u017denski gumeni kombinezoni u zelenom pojasu Amara - inFashion","og_description":"Trendi kombinezoni s patentom u kojem \u0107ete zablistati. Guma u struku za ljep\u0161e pristajanje.","og_url":"https:\/\/infashion.si\/hr\/zenska-odjeca\/haljine\/zenski-kombinezon-z-guma-u-struku-amara-zelena\/","og_site_name":"inFashion","article_publisher":"https:\/\/www.facebook.com\/Infashionsi","twitter_card":"summary_large_image","schema":{"@context":"https:\/\/schema.org","@graph":[{"@type":"WebPage","@id":"https:\/\/infashion.si\/hr\/zenska-odjeca\/haljine\/zenski-kombinezon-z-guma-u-struku-amara-zelena\/","url":"https:\/\/infashion.si\/hr\/zenska-odjeca\/haljine\/zenski-kombinezon-z-guma-u-struku-amara-zelena\/","name":"\u017denski gumeni kombinezoni u zelenom pojasu Amara - inFashion","isPartOf":{"@id":"https:\/\/infashion.si\/hr\/#website"},"datePublished":"2022-06-16T08:51:57+00:00","breadcrumb":{"@id":"https:\/\/infashion.si\/hr\/zenska-odjeca\/haljine\/zenski-kombinezon-z-guma-u-struku-amara-zelena\/#breadcrumb"},"inLanguage":"hr","potentialAction":[{"@type":"ReadAction","target":["https:\/\/infashion.si\/hr\/zenska-odjeca\/haljine\/zenski-kombinezon-z-guma-u-struku-amara-zelena\/"]}]},{"@type":"BreadcrumbList","@id":"https:\/\/infashion.si\/hr\/zenska-odjeca\/haljine\/zenski-kombinezon-z-guma-u-struku-amara-zelena\/#breadcrumb","itemListElement":[{"@type":"ListItem","position":1,"name":"Home","item":"https:\/\/infashion.si\/hr\/dom\/"},{"@type":"ListItem","position":2,"name":"Shop","item":"https:\/\/infashion.si\/shop\/"},{"@type":"ListItem","position":3,"name":"\u017denski gumeni kombinezoni u zelenom pojasu Amara"}]},{"@type":"WebSite","@id":"https:\/\/infashion.si\/hr\/#website","url":"https:\/\/infashion.si\/hr\/","name":"inFashion","description":"Spletna trgovina s \u010devlji in \u017eensko modo","publisher":{"@id":"https:\/\/infashion.si\/hr\/#organization"},"potentialAction":[{"@type":"SearchAction","target":{"@type":"EntryPoint","urlTemplate":"https:\/\/infashion.si\/hr\/?s={search_term_string}"},"query-input":{"@type":"PropertyValueSpecification","valueRequired":true,"valueName":"search_term_string"}}],"inLanguage":"hr"},{"@type":"Organization","@id":"https:\/\/infashion.si\/hr\/#organization","name":"InFashion","url":"https:\/\/infashion.si\/hr\/","logo":{"@type":"ImageObject","inLanguage":"hr","@id":"https:\/\/infashion.si\/hr\/#\/schema\/logo\/image\/","url":"https:\/\/infashion.si\/wp-content\/uploads\/2022\/08\/logo_3.png","contentUrl":"https:\/\/infashion.si\/wp-content\/uploads\/2022\/08\/logo_3.png","width":210,"height":27,"caption":"InFashion"},"image":{"@id":"https:\/\/infashion.si\/hr\/#\/schema\/logo\/image\/"},"sameAs":["https:\/\/www.facebook.com\/Infashionsi","https:\/\/www.instagram.com\/infashion.si\/"]}]}},"_links":{"self":[{"href":"https:\/\/infashion.si\/hr\/wp-json\/wp\/v2\/product\/42450","targetHints":{"allow":["GET"]}}],"collection":[{"href":"https:\/\/infashion.si\/hr\/wp-json\/wp\/v2\/product"}],"about":[{"href":"https:\/\/infashion.si\/hr\/wp-json\/wp\/v2\/types\/product"}],"replies":[{"embeddable":true,"href":"https:\/\/infashion.si\/hr\/wp-json\/wp\/v2\/comments?post=42450"}],"wp:attachment":[{"href":"https:\/\/infashion.si\/hr\/wp-json\/wp\/v2\/media?parent=42450"}],"wp:term":[{"taxonomy":"product_brand","embeddable":true,"href":"https:\/\/infashion.si\/hr\/wp-json\/wp\/v2\/product_brand?post=42450"},{"taxonomy":"product_cat","embeddable":true,"href":"https:\/\/infashion.si\/hr\/wp-json\/wp\/v2\/product_cat?post=42450"},{"taxonomy":"product_tag","embeddable":true,"href":"https:\/\/infashion.si\/hr\/wp-json\/wp\/v2\/product_tag?post=42450"}],"curies":[{"name":"wp","href":"https:\/\/api.w.org\/{rel}","templated":true}]}}