{"id":41872,"date":"2022-03-18T10:41:35","date_gmt":"2022-03-18T09:41:35","guid":{"rendered":"https:\/\/infashion.si\/Bez kategorije\/modna-platforma-tenisica-s-uzorkom-harper-bez\/"},"modified":"2022-03-18T10:41:35","modified_gmt":"2022-03-18T09:41:35","slug":"modna-platforma-tenisice-z-uzorak-harper-bez","status":"publish","type":"product","link":"https:\/\/infashion.si\/hr\/obuca-hr\/sva-obuca\/modna-platforma-tenisice-z-uzorak-harper-bez\/","title":{"rendered":"Modna platforma tenisica s uzorkom Harper be\u017e"},"content":{"rendered":"<ul>\n<li>modne papu\u010de&nbsp;<\/li>\n<li>be\u017e detalji<\/li>\n<li>Nje\u017eno podstavljena unutra\u0161njost<\/li>\n<li>deblji potplat<\/li>\n<li>Vezanje obu\u0107e<\/li>\n<\/ul>\n<p><strong>Veli\u010dina:<\/strong>&nbsp;Standardni broj.<\/p>\n<p>Sastav:<br \/>Gornji dio: ostali materijali, temactirol<br \/>oblaganje i umetanje: ostali materijali, tekstil<br \/>Potplat: ostali materijali<\/p>\n<p>Va\u017enost ozna\u010davanja glavnih komponenti i materijala obu\u0107e mo\u017eete prona\u0107i&nbsp;<a href=\"http:\/\/infashion.si\/pictogramSI.pdf\" title=\"ovdje\" target=\"_blank\" rel=\"noopener\">ovdje<\/a>.<\/p>\n","protected":false},"excerpt":{"rendered":"<p>Ove udobne tenisice ne bi trebale nedostajati u va\u0161em ormaru, mo\u0107i \u0107ete ih kombinirati na razli\u010ditoj odje\u0107i.<\/p>\n","protected":false},"featured_media":0,"comment_status":"open","ping_status":"closed","template":"","meta":{"_acf_changed":false},"product_brand":[],"product_cat":[168,160,163,167],"product_tag":[],"class_list":{"0":"post-41872","1":"product","2":"type-product","3":"status-publish","5":"product_cat-nov","6":"product_cat-obuca-hr","7":"product_cat-sva-obuca","8":"product_cat-tenisice","9":"pa_velikost-36-hr","10":"pa_velikost-37-hr","11":"pa_velikost-38-hr-3","12":"pa_velikost-39-hr-2","13":"pa_velikost-40-hr-2","14":"pa_velikost-41-hr","16":"first","17":"outofstock","18":"taxable","19":"shipping-taxable","20":"product-type-variable","21":"has-default-attributes"},"acf":[],"yoast_head":"<!-- This site is optimized with the Yoast SEO plugin v27.4 - https:\/\/yoast.com\/product\/yoast-seo-wordpress\/ -->\n<title>Modna platforma tenisica s uzorkom Harper be\u017e - inFashion<\/title>\n<meta name=\"robots\" content=\"index, follow, max-snippet:-1, max-image-preview:large, max-video-preview:-1\" \/>\n<link rel=\"canonical\" href=\"https:\/\/infashion.si\/hr\/obuca-hr\/sva-obuca\/modna-platforma-tenisice-z-uzorak-harper-bez\/\" \/>\n<meta property=\"og:locale\" content=\"hr_HR\" \/>\n<meta property=\"og:type\" content=\"article\" \/>\n<meta property=\"og:title\" content=\"Modna platforma tenisica s uzorkom Harper be\u017e - inFashion\" \/>\n<meta property=\"og:description\" content=\"Ove udobne tenisice ne bi trebale nedostajati u va\u0161em ormaru, mo\u0107i \u0107ete ih kombinirati na razli\u010ditoj odje\u0107i.\" \/>\n<meta property=\"og:url\" content=\"https:\/\/infashion.si\/hr\/obuca-hr\/sva-obuca\/modna-platforma-tenisice-z-uzorak-harper-bez\/\" \/>\n<meta property=\"og:site_name\" content=\"inFashion\" \/>\n<meta property=\"article:publisher\" content=\"https:\/\/www.facebook.com\/Infashionsi\" \/>\n<meta name=\"twitter:card\" content=\"summary_large_image\" \/>\n<script type=\"application\/ld+json\" class=\"yoast-schema-graph\">{\"@context\":\"https:\\\/\\\/schema.org\",\"@graph\":[{\"@type\":\"WebPage\",\"@id\":\"https:\\\/\\\/infashion.si\\\/hr\\\/obuca-hr\\\/sva-obuca\\\/modna-platforma-tenisice-z-uzorak-harper-bez\\\/\",\"url\":\"https:\\\/\\\/infashion.si\\\/hr\\\/obuca-hr\\\/sva-obuca\\\/modna-platforma-tenisice-z-uzorak-harper-bez\\\/\",\"name\":\"Modna platforma tenisica s uzorkom Harper be\u017e - inFashion\",\"isPartOf\":{\"@id\":\"https:\\\/\\\/infashion.si\\\/hr\\\/#website\"},\"datePublished\":\"2022-03-18T09:41:35+00:00\",\"breadcrumb\":{\"@id\":\"https:\\\/\\\/infashion.si\\\/hr\\\/obuca-hr\\\/sva-obuca\\\/modna-platforma-tenisice-z-uzorak-harper-bez\\\/#breadcrumb\"},\"inLanguage\":\"hr\",\"potentialAction\":[{\"@type\":\"ReadAction\",\"target\":[\"https:\\\/\\\/infashion.si\\\/hr\\\/obuca-hr\\\/sva-obuca\\\/modna-platforma-tenisice-z-uzorak-harper-bez\\\/\"]}]},{\"@type\":\"BreadcrumbList\",\"@id\":\"https:\\\/\\\/infashion.si\\\/hr\\\/obuca-hr\\\/sva-obuca\\\/modna-platforma-tenisice-z-uzorak-harper-bez\\\/#breadcrumb\",\"itemListElement\":[{\"@type\":\"ListItem\",\"position\":1,\"name\":\"Home\",\"item\":\"https:\\\/\\\/infashion.si\\\/hr\\\/dom\\\/\"},{\"@type\":\"ListItem\",\"position\":2,\"name\":\"Shop\",\"item\":\"https:\\\/\\\/infashion.si\\\/shop\\\/\"},{\"@type\":\"ListItem\",\"position\":3,\"name\":\"Modna platforma tenisica s uzorkom Harper be\u017e\"}]},{\"@type\":\"WebSite\",\"@id\":\"https:\\\/\\\/infashion.si\\\/hr\\\/#website\",\"url\":\"https:\\\/\\\/infashion.si\\\/hr\\\/\",\"name\":\"inFashion\",\"description\":\"Spletna trgovina s \u010devlji in \u017eensko modo\",\"publisher\":{\"@id\":\"https:\\\/\\\/infashion.si\\\/hr\\\/#organization\"},\"potentialAction\":[{\"@type\":\"SearchAction\",\"target\":{\"@type\":\"EntryPoint\",\"urlTemplate\":\"https:\\\/\\\/infashion.si\\\/hr\\\/?s={search_term_string}\"},\"query-input\":{\"@type\":\"PropertyValueSpecification\",\"valueRequired\":true,\"valueName\":\"search_term_string\"}}],\"inLanguage\":\"hr\"},{\"@type\":\"Organization\",\"@id\":\"https:\\\/\\\/infashion.si\\\/hr\\\/#organization\",\"name\":\"InFashion\",\"url\":\"https:\\\/\\\/infashion.si\\\/hr\\\/\",\"logo\":{\"@type\":\"ImageObject\",\"inLanguage\":\"hr\",\"@id\":\"https:\\\/\\\/infashion.si\\\/hr\\\/#\\\/schema\\\/logo\\\/image\\\/\",\"url\":\"https:\\\/\\\/infashion.si\\\/wp-content\\\/uploads\\\/2022\\\/08\\\/logo_3.png\",\"contentUrl\":\"https:\\\/\\\/infashion.si\\\/wp-content\\\/uploads\\\/2022\\\/08\\\/logo_3.png\",\"width\":210,\"height\":27,\"caption\":\"InFashion\"},\"image\":{\"@id\":\"https:\\\/\\\/infashion.si\\\/hr\\\/#\\\/schema\\\/logo\\\/image\\\/\"},\"sameAs\":[\"https:\\\/\\\/www.facebook.com\\\/Infashionsi\",\"https:\\\/\\\/www.instagram.com\\\/infashion.si\\\/\"]}]}<\/script>\n<!-- \/ Yoast SEO plugin. -->","yoast_head_json":{"title":"Modna platforma tenisica s uzorkom Harper be\u017e - inFashion","robots":{"index":"index","follow":"follow","max-snippet":"max-snippet:-1","max-image-preview":"max-image-preview:large","max-video-preview":"max-video-preview:-1"},"canonical":"https:\/\/infashion.si\/hr\/obuca-hr\/sva-obuca\/modna-platforma-tenisice-z-uzorak-harper-bez\/","og_locale":"hr_HR","og_type":"article","og_title":"Modna platforma tenisica s uzorkom Harper be\u017e - inFashion","og_description":"Ove udobne tenisice ne bi trebale nedostajati u va\u0161em ormaru, mo\u0107i \u0107ete ih kombinirati na razli\u010ditoj odje\u0107i.","og_url":"https:\/\/infashion.si\/hr\/obuca-hr\/sva-obuca\/modna-platforma-tenisice-z-uzorak-harper-bez\/","og_site_name":"inFashion","article_publisher":"https:\/\/www.facebook.com\/Infashionsi","twitter_card":"summary_large_image","schema":{"@context":"https:\/\/schema.org","@graph":[{"@type":"WebPage","@id":"https:\/\/infashion.si\/hr\/obuca-hr\/sva-obuca\/modna-platforma-tenisice-z-uzorak-harper-bez\/","url":"https:\/\/infashion.si\/hr\/obuca-hr\/sva-obuca\/modna-platforma-tenisice-z-uzorak-harper-bez\/","name":"Modna platforma tenisica s uzorkom Harper be\u017e - inFashion","isPartOf":{"@id":"https:\/\/infashion.si\/hr\/#website"},"datePublished":"2022-03-18T09:41:35+00:00","breadcrumb":{"@id":"https:\/\/infashion.si\/hr\/obuca-hr\/sva-obuca\/modna-platforma-tenisice-z-uzorak-harper-bez\/#breadcrumb"},"inLanguage":"hr","potentialAction":[{"@type":"ReadAction","target":["https:\/\/infashion.si\/hr\/obuca-hr\/sva-obuca\/modna-platforma-tenisice-z-uzorak-harper-bez\/"]}]},{"@type":"BreadcrumbList","@id":"https:\/\/infashion.si\/hr\/obuca-hr\/sva-obuca\/modna-platforma-tenisice-z-uzorak-harper-bez\/#breadcrumb","itemListElement":[{"@type":"ListItem","position":1,"name":"Home","item":"https:\/\/infashion.si\/hr\/dom\/"},{"@type":"ListItem","position":2,"name":"Shop","item":"https:\/\/infashion.si\/shop\/"},{"@type":"ListItem","position":3,"name":"Modna platforma tenisica s uzorkom Harper be\u017e"}]},{"@type":"WebSite","@id":"https:\/\/infashion.si\/hr\/#website","url":"https:\/\/infashion.si\/hr\/","name":"inFashion","description":"Spletna trgovina s \u010devlji in \u017eensko modo","publisher":{"@id":"https:\/\/infashion.si\/hr\/#organization"},"potentialAction":[{"@type":"SearchAction","target":{"@type":"EntryPoint","urlTemplate":"https:\/\/infashion.si\/hr\/?s={search_term_string}"},"query-input":{"@type":"PropertyValueSpecification","valueRequired":true,"valueName":"search_term_string"}}],"inLanguage":"hr"},{"@type":"Organization","@id":"https:\/\/infashion.si\/hr\/#organization","name":"InFashion","url":"https:\/\/infashion.si\/hr\/","logo":{"@type":"ImageObject","inLanguage":"hr","@id":"https:\/\/infashion.si\/hr\/#\/schema\/logo\/image\/","url":"https:\/\/infashion.si\/wp-content\/uploads\/2022\/08\/logo_3.png","contentUrl":"https:\/\/infashion.si\/wp-content\/uploads\/2022\/08\/logo_3.png","width":210,"height":27,"caption":"InFashion"},"image":{"@id":"https:\/\/infashion.si\/hr\/#\/schema\/logo\/image\/"},"sameAs":["https:\/\/www.facebook.com\/Infashionsi","https:\/\/www.instagram.com\/infashion.si\/"]}]}},"_links":{"self":[{"href":"https:\/\/infashion.si\/hr\/wp-json\/wp\/v2\/product\/41872","targetHints":{"allow":["GET"]}}],"collection":[{"href":"https:\/\/infashion.si\/hr\/wp-json\/wp\/v2\/product"}],"about":[{"href":"https:\/\/infashion.si\/hr\/wp-json\/wp\/v2\/types\/product"}],"replies":[{"embeddable":true,"href":"https:\/\/infashion.si\/hr\/wp-json\/wp\/v2\/comments?post=41872"}],"wp:attachment":[{"href":"https:\/\/infashion.si\/hr\/wp-json\/wp\/v2\/media?parent=41872"}],"wp:term":[{"taxonomy":"product_brand","embeddable":true,"href":"https:\/\/infashion.si\/hr\/wp-json\/wp\/v2\/product_brand?post=41872"},{"taxonomy":"product_cat","embeddable":true,"href":"https:\/\/infashion.si\/hr\/wp-json\/wp\/v2\/product_cat?post=41872"},{"taxonomy":"product_tag","embeddable":true,"href":"https:\/\/infashion.si\/hr\/wp-json\/wp\/v2\/product_tag?post=41872"}],"curies":[{"name":"wp","href":"https:\/\/api.w.org\/{rel}","templated":true}]}}