{"id":41846,"date":"2022-03-18T09:10:57","date_gmt":"2022-03-18T08:10:57","guid":{"rendered":"https:\/\/infashion.si\/Bez kategorije\/duzi-pijesak-s-gumenim-prslukom-u-dalijinom-bez-struku\/"},"modified":"2022-03-18T09:10:57","modified_gmt":"2022-03-18T08:10:57","slug":"duzi-pero-wolve-prsluk-guma-u-struku-dalia-bez","status":"publish","type":"product","link":"https:\/\/infashion.si\/hr\/nov\/duzi-pero-wolve-prsluk-guma-u-struku-dalia-bez\/","title":{"rendered":"Du\u017ei pijesak s gumenim prslukom u dalijinom be\u017e struku"},"content":{"rendered":"<pre>Sestava: 100% poliamid<\/pre>\n<pre>Polnilo: 100% poliester.<\/pre>\n","protected":false},"excerpt":{"rendered":"<p>Prekrasan prsluk koji se mo\u017ee kombinirati na raznim stajlinzima i nezamjenjiv je komad u proljetnom ormaru.<\/p>\n","protected":false},"featured_media":38343,"comment_status":"open","ping_status":"closed","template":"","meta":{"_acf_changed":false},"product_brand":[],"product_cat":[168,177],"product_tag":[],"class_list":{"0":"post-41846","1":"product","2":"type-product","3":"status-publish","4":"has-post-thumbnail","6":"product_cat-nov","7":"product_cat-zenska-odjeca","8":"pa_velikost_oblacil-uni-36-40-hr","10":"first","11":"outofstock","12":"taxable","13":"shipping-taxable","14":"product-type-variable","15":"has-default-attributes"},"acf":[],"yoast_head":"<!-- This site is optimized with the Yoast SEO plugin v27.4 - https:\/\/yoast.com\/product\/yoast-seo-wordpress\/ -->\n<title>Du\u017ei pijesak s gumenim prslukom u dalijinom be\u017e struku - inFashion<\/title>\n<meta name=\"robots\" content=\"index, follow, max-snippet:-1, max-image-preview:large, max-video-preview:-1\" \/>\n<link rel=\"canonical\" href=\"https:\/\/infashion.si\/hr\/nov\/duzi-pero-wolve-prsluk-guma-u-struku-dalia-bez\/\" \/>\n<meta property=\"og:locale\" content=\"hr_HR\" \/>\n<meta property=\"og:type\" content=\"article\" \/>\n<meta property=\"og:title\" content=\"Du\u017ei pijesak s gumenim prslukom u dalijinom be\u017e struku - inFashion\" \/>\n<meta property=\"og:description\" content=\"Prekrasan prsluk koji se mo\u017ee kombinirati na raznim stajlinzima i nezamjenjiv je komad u proljetnom ormaru.\" \/>\n<meta property=\"og:url\" content=\"https:\/\/infashion.si\/hr\/nov\/duzi-pero-wolve-prsluk-guma-u-struku-dalia-bez\/\" \/>\n<meta property=\"og:site_name\" content=\"inFashion\" \/>\n<meta property=\"article:publisher\" content=\"https:\/\/www.facebook.com\/Infashionsi\" \/>\n<meta name=\"twitter:card\" content=\"summary_large_image\" \/>\n<script type=\"application\/ld+json\" class=\"yoast-schema-graph\">{\"@context\":\"https:\\\/\\\/schema.org\",\"@graph\":[{\"@type\":\"WebPage\",\"@id\":\"https:\\\/\\\/infashion.si\\\/hr\\\/nov\\\/duzi-pero-wolve-prsluk-guma-u-struku-dalia-bez\\\/\",\"url\":\"https:\\\/\\\/infashion.si\\\/hr\\\/nov\\\/duzi-pero-wolve-prsluk-guma-u-struku-dalia-bez\\\/\",\"name\":\"Du\u017ei pijesak s gumenim prslukom u dalijinom be\u017e struku - inFashion\",\"isPartOf\":{\"@id\":\"https:\\\/\\\/infashion.si\\\/hr\\\/#website\"},\"primaryImageOfPage\":{\"@id\":\"https:\\\/\\\/infashion.si\\\/hr\\\/nov\\\/duzi-pero-wolve-prsluk-guma-u-struku-dalia-bez\\\/#primaryimage\"},\"image\":{\"@id\":\"https:\\\/\\\/infashion.si\\\/hr\\\/nov\\\/duzi-pero-wolve-prsluk-guma-u-struku-dalia-bez\\\/#primaryimage\"},\"thumbnailUrl\":\"https:\\\/\\\/infashion.si\\\/wp-content\\\/uploads\\\/2023\\\/08\\\/dalia_2__4.jpg\",\"datePublished\":\"2022-03-18T08:10:57+00:00\",\"breadcrumb\":{\"@id\":\"https:\\\/\\\/infashion.si\\\/hr\\\/nov\\\/duzi-pero-wolve-prsluk-guma-u-struku-dalia-bez\\\/#breadcrumb\"},\"inLanguage\":\"hr\",\"potentialAction\":[{\"@type\":\"ReadAction\",\"target\":[\"https:\\\/\\\/infashion.si\\\/hr\\\/nov\\\/duzi-pero-wolve-prsluk-guma-u-struku-dalia-bez\\\/\"]}]},{\"@type\":\"ImageObject\",\"inLanguage\":\"hr\",\"@id\":\"https:\\\/\\\/infashion.si\\\/hr\\\/nov\\\/duzi-pero-wolve-prsluk-guma-u-struku-dalia-bez\\\/#primaryimage\",\"url\":\"https:\\\/\\\/infashion.si\\\/wp-content\\\/uploads\\\/2023\\\/08\\\/dalia_2__4.jpg\",\"contentUrl\":\"https:\\\/\\\/infashion.si\\\/wp-content\\\/uploads\\\/2023\\\/08\\\/dalia_2__4.jpg\",\"width\":600,\"height\":720},{\"@type\":\"BreadcrumbList\",\"@id\":\"https:\\\/\\\/infashion.si\\\/hr\\\/nov\\\/duzi-pero-wolve-prsluk-guma-u-struku-dalia-bez\\\/#breadcrumb\",\"itemListElement\":[{\"@type\":\"ListItem\",\"position\":1,\"name\":\"Home\",\"item\":\"https:\\\/\\\/infashion.si\\\/hr\\\/dom\\\/\"},{\"@type\":\"ListItem\",\"position\":2,\"name\":\"Shop\",\"item\":\"https:\\\/\\\/infashion.si\\\/shop\\\/\"},{\"@type\":\"ListItem\",\"position\":3,\"name\":\"Du\u017ei pijesak s gumenim prslukom u dalijinom be\u017e struku\"}]},{\"@type\":\"WebSite\",\"@id\":\"https:\\\/\\\/infashion.si\\\/hr\\\/#website\",\"url\":\"https:\\\/\\\/infashion.si\\\/hr\\\/\",\"name\":\"inFashion\",\"description\":\"Spletna trgovina s \u010devlji in \u017eensko modo\",\"publisher\":{\"@id\":\"https:\\\/\\\/infashion.si\\\/hr\\\/#organization\"},\"potentialAction\":[{\"@type\":\"SearchAction\",\"target\":{\"@type\":\"EntryPoint\",\"urlTemplate\":\"https:\\\/\\\/infashion.si\\\/hr\\\/?s={search_term_string}\"},\"query-input\":{\"@type\":\"PropertyValueSpecification\",\"valueRequired\":true,\"valueName\":\"search_term_string\"}}],\"inLanguage\":\"hr\"},{\"@type\":\"Organization\",\"@id\":\"https:\\\/\\\/infashion.si\\\/hr\\\/#organization\",\"name\":\"InFashion\",\"url\":\"https:\\\/\\\/infashion.si\\\/hr\\\/\",\"logo\":{\"@type\":\"ImageObject\",\"inLanguage\":\"hr\",\"@id\":\"https:\\\/\\\/infashion.si\\\/hr\\\/#\\\/schema\\\/logo\\\/image\\\/\",\"url\":\"https:\\\/\\\/infashion.si\\\/wp-content\\\/uploads\\\/2022\\\/08\\\/logo_3.png\",\"contentUrl\":\"https:\\\/\\\/infashion.si\\\/wp-content\\\/uploads\\\/2022\\\/08\\\/logo_3.png\",\"width\":210,\"height\":27,\"caption\":\"InFashion\"},\"image\":{\"@id\":\"https:\\\/\\\/infashion.si\\\/hr\\\/#\\\/schema\\\/logo\\\/image\\\/\"},\"sameAs\":[\"https:\\\/\\\/www.facebook.com\\\/Infashionsi\",\"https:\\\/\\\/www.instagram.com\\\/infashion.si\\\/\"]}]}<\/script>\n<!-- \/ Yoast SEO plugin. -->","yoast_head_json":{"title":"Du\u017ei pijesak s gumenim prslukom u dalijinom be\u017e struku - inFashion","robots":{"index":"index","follow":"follow","max-snippet":"max-snippet:-1","max-image-preview":"max-image-preview:large","max-video-preview":"max-video-preview:-1"},"canonical":"https:\/\/infashion.si\/hr\/nov\/duzi-pero-wolve-prsluk-guma-u-struku-dalia-bez\/","og_locale":"hr_HR","og_type":"article","og_title":"Du\u017ei pijesak s gumenim prslukom u dalijinom be\u017e struku - inFashion","og_description":"Prekrasan prsluk koji se mo\u017ee kombinirati na raznim stajlinzima i nezamjenjiv je komad u proljetnom ormaru.","og_url":"https:\/\/infashion.si\/hr\/nov\/duzi-pero-wolve-prsluk-guma-u-struku-dalia-bez\/","og_site_name":"inFashion","article_publisher":"https:\/\/www.facebook.com\/Infashionsi","twitter_card":"summary_large_image","schema":{"@context":"https:\/\/schema.org","@graph":[{"@type":"WebPage","@id":"https:\/\/infashion.si\/hr\/nov\/duzi-pero-wolve-prsluk-guma-u-struku-dalia-bez\/","url":"https:\/\/infashion.si\/hr\/nov\/duzi-pero-wolve-prsluk-guma-u-struku-dalia-bez\/","name":"Du\u017ei pijesak s gumenim prslukom u dalijinom be\u017e struku - inFashion","isPartOf":{"@id":"https:\/\/infashion.si\/hr\/#website"},"primaryImageOfPage":{"@id":"https:\/\/infashion.si\/hr\/nov\/duzi-pero-wolve-prsluk-guma-u-struku-dalia-bez\/#primaryimage"},"image":{"@id":"https:\/\/infashion.si\/hr\/nov\/duzi-pero-wolve-prsluk-guma-u-struku-dalia-bez\/#primaryimage"},"thumbnailUrl":"https:\/\/infashion.si\/wp-content\/uploads\/2023\/08\/dalia_2__4.jpg","datePublished":"2022-03-18T08:10:57+00:00","breadcrumb":{"@id":"https:\/\/infashion.si\/hr\/nov\/duzi-pero-wolve-prsluk-guma-u-struku-dalia-bez\/#breadcrumb"},"inLanguage":"hr","potentialAction":[{"@type":"ReadAction","target":["https:\/\/infashion.si\/hr\/nov\/duzi-pero-wolve-prsluk-guma-u-struku-dalia-bez\/"]}]},{"@type":"ImageObject","inLanguage":"hr","@id":"https:\/\/infashion.si\/hr\/nov\/duzi-pero-wolve-prsluk-guma-u-struku-dalia-bez\/#primaryimage","url":"https:\/\/infashion.si\/wp-content\/uploads\/2023\/08\/dalia_2__4.jpg","contentUrl":"https:\/\/infashion.si\/wp-content\/uploads\/2023\/08\/dalia_2__4.jpg","width":600,"height":720},{"@type":"BreadcrumbList","@id":"https:\/\/infashion.si\/hr\/nov\/duzi-pero-wolve-prsluk-guma-u-struku-dalia-bez\/#breadcrumb","itemListElement":[{"@type":"ListItem","position":1,"name":"Home","item":"https:\/\/infashion.si\/hr\/dom\/"},{"@type":"ListItem","position":2,"name":"Shop","item":"https:\/\/infashion.si\/shop\/"},{"@type":"ListItem","position":3,"name":"Du\u017ei pijesak s gumenim prslukom u dalijinom be\u017e struku"}]},{"@type":"WebSite","@id":"https:\/\/infashion.si\/hr\/#website","url":"https:\/\/infashion.si\/hr\/","name":"inFashion","description":"Spletna trgovina s \u010devlji in \u017eensko modo","publisher":{"@id":"https:\/\/infashion.si\/hr\/#organization"},"potentialAction":[{"@type":"SearchAction","target":{"@type":"EntryPoint","urlTemplate":"https:\/\/infashion.si\/hr\/?s={search_term_string}"},"query-input":{"@type":"PropertyValueSpecification","valueRequired":true,"valueName":"search_term_string"}}],"inLanguage":"hr"},{"@type":"Organization","@id":"https:\/\/infashion.si\/hr\/#organization","name":"InFashion","url":"https:\/\/infashion.si\/hr\/","logo":{"@type":"ImageObject","inLanguage":"hr","@id":"https:\/\/infashion.si\/hr\/#\/schema\/logo\/image\/","url":"https:\/\/infashion.si\/wp-content\/uploads\/2022\/08\/logo_3.png","contentUrl":"https:\/\/infashion.si\/wp-content\/uploads\/2022\/08\/logo_3.png","width":210,"height":27,"caption":"InFashion"},"image":{"@id":"https:\/\/infashion.si\/hr\/#\/schema\/logo\/image\/"},"sameAs":["https:\/\/www.facebook.com\/Infashionsi","https:\/\/www.instagram.com\/infashion.si\/"]}]}},"_links":{"self":[{"href":"https:\/\/infashion.si\/hr\/wp-json\/wp\/v2\/product\/41846","targetHints":{"allow":["GET"]}}],"collection":[{"href":"https:\/\/infashion.si\/hr\/wp-json\/wp\/v2\/product"}],"about":[{"href":"https:\/\/infashion.si\/hr\/wp-json\/wp\/v2\/types\/product"}],"replies":[{"embeddable":true,"href":"https:\/\/infashion.si\/hr\/wp-json\/wp\/v2\/comments?post=41846"}],"wp:featuredmedia":[{"embeddable":true,"href":"https:\/\/infashion.si\/hr\/wp-json\/wp\/v2\/media\/38343"}],"wp:attachment":[{"href":"https:\/\/infashion.si\/hr\/wp-json\/wp\/v2\/media?parent=41846"}],"wp:term":[{"taxonomy":"product_brand","embeddable":true,"href":"https:\/\/infashion.si\/hr\/wp-json\/wp\/v2\/product_brand?post=41846"},{"taxonomy":"product_cat","embeddable":true,"href":"https:\/\/infashion.si\/hr\/wp-json\/wp\/v2\/product_cat?post=41846"},{"taxonomy":"product_tag","embeddable":true,"href":"https:\/\/infashion.si\/hr\/wp-json\/wp\/v2\/product_tag?post=41846"}],"curies":[{"name":"wp","href":"https:\/\/api.w.org\/{rel}","templated":true}]}}