{"id":41654,"date":"2022-02-25T05:55:54","date_gmt":"2022-02-25T04:55:54","guid":{"rendered":"https:\/\/infashion.si\/Bez kategorije\/visoke-tenisice-s-elasticnim-gornjim-dijelom-jon-bez-boje\/"},"modified":"2022-02-25T05:55:54","modified_gmt":"2022-02-25T04:55:54","slug":"visoke-tenisice-z-elasticni-gornji-dio-jona-bez","status":"publish","type":"product","link":"https:\/\/infashion.si\/hr\/obuca-hr\/tenisice\/visoke-tenisice-z-elasticni-gornji-dio-jona-bez\/","title":{"rendered":"Visoke tenisice s elasti\u010dnim gornjim dijelom Jon be\u017e boje"},"content":{"rendered":"<p><strong>Veli\u010dina:&nbsp;<\/strong>Stanadrdov broj.<\/p>\n<p>Sastav:<\/p>\n<p>Gornji dio: ostali materijali, tekstil<br \/>oblaganje i umetanje: ostali materijali, tekstil<br \/>Potplat: ostali materijali<\/p>\n<p>Va\u017enost ozna\u010davanja glavnih komponenti i materijala obu\u0107e mo\u017eete prona\u0107i&nbsp;<a href=\"http:\/\/infashion.si\/pictogramSI.pdf\" title=\"ovdje\" target=\"_blank\" rel=\"noopener\">ovdje<\/a>.<\/p>\n","protected":false},"excerpt":{"rendered":"<p>Super udobne i mekane tenisice koje se mogu nositi na raznim modnim kombinacijama.<\/p>\n","protected":false},"featured_media":0,"comment_status":"open","ping_status":"closed","template":"","meta":{"_acf_changed":false},"product_brand":[],"product_cat":[168,160,167],"product_tag":[],"class_list":{"0":"post-41654","1":"product","2":"type-product","3":"status-publish","5":"product_cat-nov","6":"product_cat-obuca-hr","7":"product_cat-tenisice","8":"pa_velikost-36-hr","9":"pa_velikost-37-hr","10":"pa_velikost-38-hr-3","11":"pa_velikost-39-hr-2","12":"pa_velikost-40-hr-2","13":"pa_velikost-41-hr","15":"first","16":"outofstock","17":"taxable","18":"shipping-taxable","19":"product-type-variable","20":"has-default-attributes"},"acf":[],"yoast_head":"<!-- This site is optimized with the Yoast SEO plugin v27.4 - https:\/\/yoast.com\/product\/yoast-seo-wordpress\/ -->\n<title>Visoke tenisice s elasti\u010dnim gornjim dijelom Jon be\u017e boje - inFashion<\/title>\n<meta name=\"robots\" content=\"index, follow, max-snippet:-1, max-image-preview:large, max-video-preview:-1\" \/>\n<link rel=\"canonical\" href=\"https:\/\/infashion.si\/hr\/obuca-hr\/tenisice\/visoke-tenisice-z-elasticni-gornji-dio-jona-bez\/\" \/>\n<meta property=\"og:locale\" content=\"hr_HR\" \/>\n<meta property=\"og:type\" content=\"article\" \/>\n<meta property=\"og:title\" content=\"Visoke tenisice s elasti\u010dnim gornjim dijelom Jon be\u017e boje - inFashion\" \/>\n<meta property=\"og:description\" content=\"Super udobne i mekane tenisice koje se mogu nositi na raznim modnim kombinacijama.\" \/>\n<meta property=\"og:url\" content=\"https:\/\/infashion.si\/hr\/obuca-hr\/tenisice\/visoke-tenisice-z-elasticni-gornji-dio-jona-bez\/\" \/>\n<meta property=\"og:site_name\" content=\"inFashion\" \/>\n<meta property=\"article:publisher\" content=\"https:\/\/www.facebook.com\/Infashionsi\" \/>\n<meta name=\"twitter:card\" content=\"summary_large_image\" \/>\n<script type=\"application\/ld+json\" class=\"yoast-schema-graph\">{\"@context\":\"https:\\\/\\\/schema.org\",\"@graph\":[{\"@type\":\"WebPage\",\"@id\":\"https:\\\/\\\/infashion.si\\\/hr\\\/obuca-hr\\\/tenisice\\\/visoke-tenisice-z-elasticni-gornji-dio-jona-bez\\\/\",\"url\":\"https:\\\/\\\/infashion.si\\\/hr\\\/obuca-hr\\\/tenisice\\\/visoke-tenisice-z-elasticni-gornji-dio-jona-bez\\\/\",\"name\":\"Visoke tenisice s elasti\u010dnim gornjim dijelom Jon be\u017e boje - inFashion\",\"isPartOf\":{\"@id\":\"https:\\\/\\\/infashion.si\\\/hr\\\/#website\"},\"datePublished\":\"2022-02-25T04:55:54+00:00\",\"breadcrumb\":{\"@id\":\"https:\\\/\\\/infashion.si\\\/hr\\\/obuca-hr\\\/tenisice\\\/visoke-tenisice-z-elasticni-gornji-dio-jona-bez\\\/#breadcrumb\"},\"inLanguage\":\"hr\",\"potentialAction\":[{\"@type\":\"ReadAction\",\"target\":[\"https:\\\/\\\/infashion.si\\\/hr\\\/obuca-hr\\\/tenisice\\\/visoke-tenisice-z-elasticni-gornji-dio-jona-bez\\\/\"]}]},{\"@type\":\"BreadcrumbList\",\"@id\":\"https:\\\/\\\/infashion.si\\\/hr\\\/obuca-hr\\\/tenisice\\\/visoke-tenisice-z-elasticni-gornji-dio-jona-bez\\\/#breadcrumb\",\"itemListElement\":[{\"@type\":\"ListItem\",\"position\":1,\"name\":\"Home\",\"item\":\"https:\\\/\\\/infashion.si\\\/hr\\\/dom\\\/\"},{\"@type\":\"ListItem\",\"position\":2,\"name\":\"Shop\",\"item\":\"https:\\\/\\\/infashion.si\\\/shop\\\/\"},{\"@type\":\"ListItem\",\"position\":3,\"name\":\"Visoke tenisice s elasti\u010dnim gornjim dijelom Jon be\u017e boje\"}]},{\"@type\":\"WebSite\",\"@id\":\"https:\\\/\\\/infashion.si\\\/hr\\\/#website\",\"url\":\"https:\\\/\\\/infashion.si\\\/hr\\\/\",\"name\":\"inFashion\",\"description\":\"Spletna trgovina s \u010devlji in \u017eensko modo\",\"publisher\":{\"@id\":\"https:\\\/\\\/infashion.si\\\/hr\\\/#organization\"},\"potentialAction\":[{\"@type\":\"SearchAction\",\"target\":{\"@type\":\"EntryPoint\",\"urlTemplate\":\"https:\\\/\\\/infashion.si\\\/hr\\\/?s={search_term_string}\"},\"query-input\":{\"@type\":\"PropertyValueSpecification\",\"valueRequired\":true,\"valueName\":\"search_term_string\"}}],\"inLanguage\":\"hr\"},{\"@type\":\"Organization\",\"@id\":\"https:\\\/\\\/infashion.si\\\/hr\\\/#organization\",\"name\":\"InFashion\",\"url\":\"https:\\\/\\\/infashion.si\\\/hr\\\/\",\"logo\":{\"@type\":\"ImageObject\",\"inLanguage\":\"hr\",\"@id\":\"https:\\\/\\\/infashion.si\\\/hr\\\/#\\\/schema\\\/logo\\\/image\\\/\",\"url\":\"https:\\\/\\\/infashion.si\\\/wp-content\\\/uploads\\\/2022\\\/08\\\/logo_3.png\",\"contentUrl\":\"https:\\\/\\\/infashion.si\\\/wp-content\\\/uploads\\\/2022\\\/08\\\/logo_3.png\",\"width\":210,\"height\":27,\"caption\":\"InFashion\"},\"image\":{\"@id\":\"https:\\\/\\\/infashion.si\\\/hr\\\/#\\\/schema\\\/logo\\\/image\\\/\"},\"sameAs\":[\"https:\\\/\\\/www.facebook.com\\\/Infashionsi\",\"https:\\\/\\\/www.instagram.com\\\/infashion.si\\\/\"]}]}<\/script>\n<!-- \/ Yoast SEO plugin. -->","yoast_head_json":{"title":"Visoke tenisice s elasti\u010dnim gornjim dijelom Jon be\u017e boje - inFashion","robots":{"index":"index","follow":"follow","max-snippet":"max-snippet:-1","max-image-preview":"max-image-preview:large","max-video-preview":"max-video-preview:-1"},"canonical":"https:\/\/infashion.si\/hr\/obuca-hr\/tenisice\/visoke-tenisice-z-elasticni-gornji-dio-jona-bez\/","og_locale":"hr_HR","og_type":"article","og_title":"Visoke tenisice s elasti\u010dnim gornjim dijelom Jon be\u017e boje - inFashion","og_description":"Super udobne i mekane tenisice koje se mogu nositi na raznim modnim kombinacijama.","og_url":"https:\/\/infashion.si\/hr\/obuca-hr\/tenisice\/visoke-tenisice-z-elasticni-gornji-dio-jona-bez\/","og_site_name":"inFashion","article_publisher":"https:\/\/www.facebook.com\/Infashionsi","twitter_card":"summary_large_image","schema":{"@context":"https:\/\/schema.org","@graph":[{"@type":"WebPage","@id":"https:\/\/infashion.si\/hr\/obuca-hr\/tenisice\/visoke-tenisice-z-elasticni-gornji-dio-jona-bez\/","url":"https:\/\/infashion.si\/hr\/obuca-hr\/tenisice\/visoke-tenisice-z-elasticni-gornji-dio-jona-bez\/","name":"Visoke tenisice s elasti\u010dnim gornjim dijelom Jon be\u017e boje - inFashion","isPartOf":{"@id":"https:\/\/infashion.si\/hr\/#website"},"datePublished":"2022-02-25T04:55:54+00:00","breadcrumb":{"@id":"https:\/\/infashion.si\/hr\/obuca-hr\/tenisice\/visoke-tenisice-z-elasticni-gornji-dio-jona-bez\/#breadcrumb"},"inLanguage":"hr","potentialAction":[{"@type":"ReadAction","target":["https:\/\/infashion.si\/hr\/obuca-hr\/tenisice\/visoke-tenisice-z-elasticni-gornji-dio-jona-bez\/"]}]},{"@type":"BreadcrumbList","@id":"https:\/\/infashion.si\/hr\/obuca-hr\/tenisice\/visoke-tenisice-z-elasticni-gornji-dio-jona-bez\/#breadcrumb","itemListElement":[{"@type":"ListItem","position":1,"name":"Home","item":"https:\/\/infashion.si\/hr\/dom\/"},{"@type":"ListItem","position":2,"name":"Shop","item":"https:\/\/infashion.si\/shop\/"},{"@type":"ListItem","position":3,"name":"Visoke tenisice s elasti\u010dnim gornjim dijelom Jon be\u017e boje"}]},{"@type":"WebSite","@id":"https:\/\/infashion.si\/hr\/#website","url":"https:\/\/infashion.si\/hr\/","name":"inFashion","description":"Spletna trgovina s \u010devlji in \u017eensko modo","publisher":{"@id":"https:\/\/infashion.si\/hr\/#organization"},"potentialAction":[{"@type":"SearchAction","target":{"@type":"EntryPoint","urlTemplate":"https:\/\/infashion.si\/hr\/?s={search_term_string}"},"query-input":{"@type":"PropertyValueSpecification","valueRequired":true,"valueName":"search_term_string"}}],"inLanguage":"hr"},{"@type":"Organization","@id":"https:\/\/infashion.si\/hr\/#organization","name":"InFashion","url":"https:\/\/infashion.si\/hr\/","logo":{"@type":"ImageObject","inLanguage":"hr","@id":"https:\/\/infashion.si\/hr\/#\/schema\/logo\/image\/","url":"https:\/\/infashion.si\/wp-content\/uploads\/2022\/08\/logo_3.png","contentUrl":"https:\/\/infashion.si\/wp-content\/uploads\/2022\/08\/logo_3.png","width":210,"height":27,"caption":"InFashion"},"image":{"@id":"https:\/\/infashion.si\/hr\/#\/schema\/logo\/image\/"},"sameAs":["https:\/\/www.facebook.com\/Infashionsi","https:\/\/www.instagram.com\/infashion.si\/"]}]}},"_links":{"self":[{"href":"https:\/\/infashion.si\/hr\/wp-json\/wp\/v2\/product\/41654","targetHints":{"allow":["GET"]}}],"collection":[{"href":"https:\/\/infashion.si\/hr\/wp-json\/wp\/v2\/product"}],"about":[{"href":"https:\/\/infashion.si\/hr\/wp-json\/wp\/v2\/types\/product"}],"replies":[{"embeddable":true,"href":"https:\/\/infashion.si\/hr\/wp-json\/wp\/v2\/comments?post=41654"}],"wp:attachment":[{"href":"https:\/\/infashion.si\/hr\/wp-json\/wp\/v2\/media?parent=41654"}],"wp:term":[{"taxonomy":"product_brand","embeddable":true,"href":"https:\/\/infashion.si\/hr\/wp-json\/wp\/v2\/product_brand?post=41654"},{"taxonomy":"product_cat","embeddable":true,"href":"https:\/\/infashion.si\/hr\/wp-json\/wp\/v2\/product_cat?post=41654"},{"taxonomy":"product_tag","embeddable":true,"href":"https:\/\/infashion.si\/hr\/wp-json\/wp\/v2\/product_tag?post=41654"}],"curies":[{"name":"wp","href":"https:\/\/api.w.org\/{rel}","templated":true}]}}