{"id":41292,"date":"2021-09-30T13:51:11","date_gmt":"2021-09-30T11:51:11","guid":{"rendered":"https:\/\/infashion.si\/Bez kategorije\/trendi-zenski-dzemper-s-patentnim-zatvaracem-dumbir-deva\/"},"modified":"2021-09-30T13:51:11","modified_gmt":"2021-09-30T11:51:11","slug":"trendy-zenski-dzemper-z-zipper-dumbir-deva","status":"publish","type":"product","link":"https:\/\/infashion.si\/hr\/nov\/trendy-zenski-dzemper-z-zipper-dumbir-deva\/","title":{"rendered":"Trendi \u017eenski d\u017eemper s patentnim zatvara\u010dem \u0110umbir deva"},"content":{"rendered":"<p>Sastav: 95% pamuk, 5% elastan.<\/p>\n","protected":false},"excerpt":{"rendered":"<p>Du\u017ei sportski d\u017eemper ne bi trebao nedostajati u va\u0161oj jesensko-zimskoj garderobi.<\/p>\n","protected":false},"featured_media":0,"comment_status":"open","ping_status":"closed","template":"","meta":{"_acf_changed":false},"product_brand":[],"product_cat":[168,177],"product_tag":[],"class_list":{"0":"post-41292","1":"product","2":"type-product","3":"status-publish","5":"product_cat-nov","6":"product_cat-zenska-odjeca","7":"pa_velikost_oblacil-uni-36-40-hr","9":"first","10":"outofstock","11":"taxable","12":"shipping-taxable","13":"product-type-variable","14":"has-default-attributes"},"acf":[],"yoast_head":"<!-- This site is optimized with the Yoast SEO plugin v27.1.1 - https:\/\/yoast.com\/product\/yoast-seo-wordpress\/ -->\n<title>Trendi \u017eenski d\u017eemper s patentnim zatvara\u010dem \u0110umbir deva - inFashion<\/title>\n<meta name=\"robots\" content=\"index, follow, max-snippet:-1, max-image-preview:large, max-video-preview:-1\" \/>\n<link rel=\"canonical\" href=\"https:\/\/infashion.si\/hr\/nov\/trendy-zenski-dzemper-z-zipper-dumbir-deva\/\" \/>\n<meta property=\"og:locale\" content=\"hr_HR\" \/>\n<meta property=\"og:type\" content=\"article\" \/>\n<meta property=\"og:title\" content=\"Trendi \u017eenski d\u017eemper s patentnim zatvara\u010dem \u0110umbir deva - inFashion\" \/>\n<meta property=\"og:description\" content=\"Du\u017ei sportski d\u017eemper ne bi trebao nedostajati u va\u0161oj jesensko-zimskoj garderobi.\" \/>\n<meta property=\"og:url\" content=\"https:\/\/infashion.si\/hr\/nov\/trendy-zenski-dzemper-z-zipper-dumbir-deva\/\" \/>\n<meta property=\"og:site_name\" content=\"inFashion\" \/>\n<meta property=\"article:publisher\" content=\"https:\/\/www.facebook.com\/Infashionsi\" \/>\n<meta name=\"twitter:card\" content=\"summary_large_image\" \/>\n<script type=\"application\/ld+json\" class=\"yoast-schema-graph\">{\"@context\":\"https:\/\/schema.org\",\"@graph\":[{\"@type\":\"WebPage\",\"@id\":\"https:\/\/infashion.si\/hr\/nov\/trendy-zenski-dzemper-z-zipper-dumbir-deva\/\",\"url\":\"https:\/\/infashion.si\/hr\/nov\/trendy-zenski-dzemper-z-zipper-dumbir-deva\/\",\"name\":\"Trendi \u017eenski d\u017eemper s patentnim zatvara\u010dem \u0110umbir deva - inFashion\",\"isPartOf\":{\"@id\":\"https:\/\/infashion.si\/hr\/#website\"},\"datePublished\":\"2021-09-30T11:51:11+00:00\",\"breadcrumb\":{\"@id\":\"https:\/\/infashion.si\/hr\/nov\/trendy-zenski-dzemper-z-zipper-dumbir-deva\/#breadcrumb\"},\"inLanguage\":\"hr\",\"potentialAction\":[{\"@type\":\"ReadAction\",\"target\":[\"https:\/\/infashion.si\/hr\/nov\/trendy-zenski-dzemper-z-zipper-dumbir-deva\/\"]}]},{\"@type\":\"BreadcrumbList\",\"@id\":\"https:\/\/infashion.si\/hr\/nov\/trendy-zenski-dzemper-z-zipper-dumbir-deva\/#breadcrumb\",\"itemListElement\":[{\"@type\":\"ListItem\",\"position\":1,\"name\":\"Home\",\"item\":\"https:\/\/infashion.si\/hr\/dom\/\"},{\"@type\":\"ListItem\",\"position\":2,\"name\":\"Shop\",\"item\":\"https:\/\/infashion.si\/shop\/\"},{\"@type\":\"ListItem\",\"position\":3,\"name\":\"Trendi \u017eenski d\u017eemper s patentnim zatvara\u010dem \u0110umbir deva\"}]},{\"@type\":\"WebSite\",\"@id\":\"https:\/\/infashion.si\/hr\/#website\",\"url\":\"https:\/\/infashion.si\/hr\/\",\"name\":\"inFashion\",\"description\":\"Spletna trgovina s \u010devlji in \u017eensko modo\",\"publisher\":{\"@id\":\"https:\/\/infashion.si\/hr\/#organization\"},\"potentialAction\":[{\"@type\":\"SearchAction\",\"target\":{\"@type\":\"EntryPoint\",\"urlTemplate\":\"https:\/\/infashion.si\/hr\/?s={search_term_string}\"},\"query-input\":{\"@type\":\"PropertyValueSpecification\",\"valueRequired\":true,\"valueName\":\"search_term_string\"}}],\"inLanguage\":\"hr\"},{\"@type\":\"Organization\",\"@id\":\"https:\/\/infashion.si\/hr\/#organization\",\"name\":\"InFashion\",\"url\":\"https:\/\/infashion.si\/hr\/\",\"logo\":{\"@type\":\"ImageObject\",\"inLanguage\":\"hr\",\"@id\":\"https:\/\/infashion.si\/hr\/#\/schema\/logo\/image\/\",\"url\":\"https:\/\/infashion.si\/wp-content\/uploads\/2022\/08\/logo_3.png\",\"contentUrl\":\"https:\/\/infashion.si\/wp-content\/uploads\/2022\/08\/logo_3.png\",\"width\":210,\"height\":27,\"caption\":\"InFashion\"},\"image\":{\"@id\":\"https:\/\/infashion.si\/hr\/#\/schema\/logo\/image\/\"},\"sameAs\":[\"https:\/\/www.facebook.com\/Infashionsi\",\"https:\/\/www.instagram.com\/infashion.si\/\"]}]}<\/script>\n<!-- \/ Yoast SEO plugin. -->","yoast_head_json":{"title":"Trendi \u017eenski d\u017eemper s patentnim zatvara\u010dem \u0110umbir deva - inFashion","robots":{"index":"index","follow":"follow","max-snippet":"max-snippet:-1","max-image-preview":"max-image-preview:large","max-video-preview":"max-video-preview:-1"},"canonical":"https:\/\/infashion.si\/hr\/nov\/trendy-zenski-dzemper-z-zipper-dumbir-deva\/","og_locale":"hr_HR","og_type":"article","og_title":"Trendi \u017eenski d\u017eemper s patentnim zatvara\u010dem \u0110umbir deva - inFashion","og_description":"Du\u017ei sportski d\u017eemper ne bi trebao nedostajati u va\u0161oj jesensko-zimskoj garderobi.","og_url":"https:\/\/infashion.si\/hr\/nov\/trendy-zenski-dzemper-z-zipper-dumbir-deva\/","og_site_name":"inFashion","article_publisher":"https:\/\/www.facebook.com\/Infashionsi","twitter_card":"summary_large_image","schema":{"@context":"https:\/\/schema.org","@graph":[{"@type":"WebPage","@id":"https:\/\/infashion.si\/hr\/nov\/trendy-zenski-dzemper-z-zipper-dumbir-deva\/","url":"https:\/\/infashion.si\/hr\/nov\/trendy-zenski-dzemper-z-zipper-dumbir-deva\/","name":"Trendi \u017eenski d\u017eemper s patentnim zatvara\u010dem \u0110umbir deva - inFashion","isPartOf":{"@id":"https:\/\/infashion.si\/hr\/#website"},"datePublished":"2021-09-30T11:51:11+00:00","breadcrumb":{"@id":"https:\/\/infashion.si\/hr\/nov\/trendy-zenski-dzemper-z-zipper-dumbir-deva\/#breadcrumb"},"inLanguage":"hr","potentialAction":[{"@type":"ReadAction","target":["https:\/\/infashion.si\/hr\/nov\/trendy-zenski-dzemper-z-zipper-dumbir-deva\/"]}]},{"@type":"BreadcrumbList","@id":"https:\/\/infashion.si\/hr\/nov\/trendy-zenski-dzemper-z-zipper-dumbir-deva\/#breadcrumb","itemListElement":[{"@type":"ListItem","position":1,"name":"Home","item":"https:\/\/infashion.si\/hr\/dom\/"},{"@type":"ListItem","position":2,"name":"Shop","item":"https:\/\/infashion.si\/shop\/"},{"@type":"ListItem","position":3,"name":"Trendi \u017eenski d\u017eemper s patentnim zatvara\u010dem \u0110umbir deva"}]},{"@type":"WebSite","@id":"https:\/\/infashion.si\/hr\/#website","url":"https:\/\/infashion.si\/hr\/","name":"inFashion","description":"Spletna trgovina s \u010devlji in \u017eensko modo","publisher":{"@id":"https:\/\/infashion.si\/hr\/#organization"},"potentialAction":[{"@type":"SearchAction","target":{"@type":"EntryPoint","urlTemplate":"https:\/\/infashion.si\/hr\/?s={search_term_string}"},"query-input":{"@type":"PropertyValueSpecification","valueRequired":true,"valueName":"search_term_string"}}],"inLanguage":"hr"},{"@type":"Organization","@id":"https:\/\/infashion.si\/hr\/#organization","name":"InFashion","url":"https:\/\/infashion.si\/hr\/","logo":{"@type":"ImageObject","inLanguage":"hr","@id":"https:\/\/infashion.si\/hr\/#\/schema\/logo\/image\/","url":"https:\/\/infashion.si\/wp-content\/uploads\/2022\/08\/logo_3.png","contentUrl":"https:\/\/infashion.si\/wp-content\/uploads\/2022\/08\/logo_3.png","width":210,"height":27,"caption":"InFashion"},"image":{"@id":"https:\/\/infashion.si\/hr\/#\/schema\/logo\/image\/"},"sameAs":["https:\/\/www.facebook.com\/Infashionsi","https:\/\/www.instagram.com\/infashion.si\/"]}]}},"_links":{"self":[{"href":"https:\/\/infashion.si\/hr\/wp-json\/wp\/v2\/product\/41292","targetHints":{"allow":["GET"]}}],"collection":[{"href":"https:\/\/infashion.si\/hr\/wp-json\/wp\/v2\/product"}],"about":[{"href":"https:\/\/infashion.si\/hr\/wp-json\/wp\/v2\/types\/product"}],"replies":[{"embeddable":true,"href":"https:\/\/infashion.si\/hr\/wp-json\/wp\/v2\/comments?post=41292"}],"wp:attachment":[{"href":"https:\/\/infashion.si\/hr\/wp-json\/wp\/v2\/media?parent=41292"}],"wp:term":[{"taxonomy":"product_brand","embeddable":true,"href":"https:\/\/infashion.si\/hr\/wp-json\/wp\/v2\/product_brand?post=41292"},{"taxonomy":"product_cat","embeddable":true,"href":"https:\/\/infashion.si\/hr\/wp-json\/wp\/v2\/product_cat?post=41292"},{"taxonomy":"product_tag","embeddable":true,"href":"https:\/\/infashion.si\/hr\/wp-json\/wp\/v2\/product_tag?post=41292"}],"curies":[{"name":"wp","href":"https:\/\/api.w.org\/{rel}","templated":true}]}}