{"id":40594,"date":"2020-11-24T22:59:51","date_gmt":"2020-11-24T21:59:51","guid":{"rendered":"https:\/\/infashion.si\/Bez kategorije\/zenske-gleznjace-sa-sirom-stabilnom-petom-mary-deva\/"},"modified":"2024-01-08T09:10:27","modified_gmt":"2024-01-08T08:10:27","slug":"kceri-zenskog-gleznja-s-sire-stabilno-pet-mary-deva","status":"publish","type":"product","link":"https:\/\/infashion.si\/hr\/nekategorizirano\/kceri-zenskog-gleznja-s-sire-stabilno-pet-mary-deva\/","title":{"rendered":"\u017denske gle\u017enja\u010de sa \u0161irom stabilnom petom Mary deva"},"content":{"rendered":"<ul>\n<li>Od umjetnog antilopa<\/li>\n<li>srednja peta<\/li>\n<li>ravni potplat<\/li>\n<li>topla tekstilna obloga u unutra\u0161njosti<\/li>\n<\/ul>\n<p><strong>Veli\u010dina:<\/strong>&nbsp;standardni brojevi.<\/p>\n<p>Sastav:<br \/>Gornji dio: ostali materijali, tekstil<br \/>oblaganje i umetanje: ostali materijali, tekstil<br \/>Potplat: ostali materijali<\/p>\n<p>Va\u017enost ozna\u010davanja glavnih komponenti i materijala obu\u0107e mo\u017eete prona\u0107i&nbsp;<a href=\"http:\/\/infashion.si\/pictogramSI.pdf\" title=\"ovdje\" target=\"_blank\" rel=\"noopener\">ovdje<\/a>.<\/p>\n","protected":false},"excerpt":{"rendered":"<p>Sakuplja\u010di gle\u017enja kaubojskog stila dobro se sla\u017eu s suknjama i hla\u010dama.<\/p>\n","protected":false},"featured_media":0,"comment_status":"open","ping_status":"closed","template":"","meta":{"_acf_changed":false},"product_brand":[],"product_cat":[132],"product_tag":[],"class_list":{"0":"post-40594","1":"product","2":"type-product","3":"status-publish","5":"product_cat-nekategorizirano","7":"first","8":"outofstock","9":"sale","10":"taxable","11":"shipping-taxable","12":"purchasable","13":"product-type-variable","14":"has-default-attributes"},"acf":[],"yoast_head":"<!-- This site is optimized with the Yoast SEO plugin v27.4 - https:\/\/yoast.com\/product\/yoast-seo-wordpress\/ -->\n<title>\u017denske gle\u017enja\u010de sa \u0161irom stabilnom petom Mary deva - inFashion<\/title>\n<meta name=\"robots\" content=\"index, follow, max-snippet:-1, max-image-preview:large, max-video-preview:-1\" \/>\n<link rel=\"canonical\" href=\"https:\/\/infashion.si\/hr\/nekategorizirano\/kceri-zenskog-gleznja-s-sire-stabilno-pet-mary-deva\/\" \/>\n<meta property=\"og:locale\" content=\"hr_HR\" \/>\n<meta property=\"og:type\" content=\"article\" \/>\n<meta property=\"og:title\" content=\"\u017denske gle\u017enja\u010de sa \u0161irom stabilnom petom Mary deva - inFashion\" \/>\n<meta property=\"og:description\" content=\"Sakuplja\u010di gle\u017enja kaubojskog stila dobro se sla\u017eu s suknjama i hla\u010dama.\" \/>\n<meta property=\"og:url\" content=\"https:\/\/infashion.si\/hr\/nekategorizirano\/kceri-zenskog-gleznja-s-sire-stabilno-pet-mary-deva\/\" \/>\n<meta property=\"og:site_name\" content=\"inFashion\" \/>\n<meta property=\"article:publisher\" content=\"https:\/\/www.facebook.com\/Infashionsi\" \/>\n<meta property=\"article:modified_time\" content=\"2024-01-08T08:10:27+00:00\" \/>\n<meta name=\"twitter:card\" content=\"summary_large_image\" \/>\n<script type=\"application\/ld+json\" class=\"yoast-schema-graph\">{\"@context\":\"https:\\\/\\\/schema.org\",\"@graph\":[{\"@type\":\"WebPage\",\"@id\":\"https:\\\/\\\/infashion.si\\\/hr\\\/nekategorizirano\\\/kceri-zenskog-gleznja-s-sire-stabilno-pet-mary-deva\\\/\",\"url\":\"https:\\\/\\\/infashion.si\\\/hr\\\/nekategorizirano\\\/kceri-zenskog-gleznja-s-sire-stabilno-pet-mary-deva\\\/\",\"name\":\"\u017denske gle\u017enja\u010de sa \u0161irom stabilnom petom Mary deva - inFashion\",\"isPartOf\":{\"@id\":\"https:\\\/\\\/infashion.si\\\/hr\\\/#website\"},\"datePublished\":\"2020-11-24T21:59:51+00:00\",\"dateModified\":\"2024-01-08T08:10:27+00:00\",\"breadcrumb\":{\"@id\":\"https:\\\/\\\/infashion.si\\\/hr\\\/nekategorizirano\\\/kceri-zenskog-gleznja-s-sire-stabilno-pet-mary-deva\\\/#breadcrumb\"},\"inLanguage\":\"hr\",\"potentialAction\":[{\"@type\":\"ReadAction\",\"target\":[\"https:\\\/\\\/infashion.si\\\/hr\\\/nekategorizirano\\\/kceri-zenskog-gleznja-s-sire-stabilno-pet-mary-deva\\\/\"]}]},{\"@type\":\"BreadcrumbList\",\"@id\":\"https:\\\/\\\/infashion.si\\\/hr\\\/nekategorizirano\\\/kceri-zenskog-gleznja-s-sire-stabilno-pet-mary-deva\\\/#breadcrumb\",\"itemListElement\":[{\"@type\":\"ListItem\",\"position\":1,\"name\":\"Home\",\"item\":\"https:\\\/\\\/infashion.si\\\/hr\\\/dom\\\/\"},{\"@type\":\"ListItem\",\"position\":2,\"name\":\"Shop\",\"item\":\"https:\\\/\\\/infashion.si\\\/shop\\\/\"},{\"@type\":\"ListItem\",\"position\":3,\"name\":\"\u017denske gle\u017enja\u010de sa \u0161irom stabilnom petom Mary deva\"}]},{\"@type\":\"WebSite\",\"@id\":\"https:\\\/\\\/infashion.si\\\/hr\\\/#website\",\"url\":\"https:\\\/\\\/infashion.si\\\/hr\\\/\",\"name\":\"inFashion\",\"description\":\"Spletna trgovina s \u010devlji in \u017eensko modo\",\"publisher\":{\"@id\":\"https:\\\/\\\/infashion.si\\\/hr\\\/#organization\"},\"potentialAction\":[{\"@type\":\"SearchAction\",\"target\":{\"@type\":\"EntryPoint\",\"urlTemplate\":\"https:\\\/\\\/infashion.si\\\/hr\\\/?s={search_term_string}\"},\"query-input\":{\"@type\":\"PropertyValueSpecification\",\"valueRequired\":true,\"valueName\":\"search_term_string\"}}],\"inLanguage\":\"hr\"},{\"@type\":\"Organization\",\"@id\":\"https:\\\/\\\/infashion.si\\\/hr\\\/#organization\",\"name\":\"InFashion\",\"url\":\"https:\\\/\\\/infashion.si\\\/hr\\\/\",\"logo\":{\"@type\":\"ImageObject\",\"inLanguage\":\"hr\",\"@id\":\"https:\\\/\\\/infashion.si\\\/hr\\\/#\\\/schema\\\/logo\\\/image\\\/\",\"url\":\"https:\\\/\\\/infashion.si\\\/wp-content\\\/uploads\\\/2022\\\/08\\\/logo_3.png\",\"contentUrl\":\"https:\\\/\\\/infashion.si\\\/wp-content\\\/uploads\\\/2022\\\/08\\\/logo_3.png\",\"width\":210,\"height\":27,\"caption\":\"InFashion\"},\"image\":{\"@id\":\"https:\\\/\\\/infashion.si\\\/hr\\\/#\\\/schema\\\/logo\\\/image\\\/\"},\"sameAs\":[\"https:\\\/\\\/www.facebook.com\\\/Infashionsi\",\"https:\\\/\\\/www.instagram.com\\\/infashion.si\\\/\"]}]}<\/script>\n<!-- \/ Yoast SEO plugin. -->","yoast_head_json":{"title":"\u017denske gle\u017enja\u010de sa \u0161irom stabilnom petom Mary deva - inFashion","robots":{"index":"index","follow":"follow","max-snippet":"max-snippet:-1","max-image-preview":"max-image-preview:large","max-video-preview":"max-video-preview:-1"},"canonical":"https:\/\/infashion.si\/hr\/nekategorizirano\/kceri-zenskog-gleznja-s-sire-stabilno-pet-mary-deva\/","og_locale":"hr_HR","og_type":"article","og_title":"\u017denske gle\u017enja\u010de sa \u0161irom stabilnom petom Mary deva - inFashion","og_description":"Sakuplja\u010di gle\u017enja kaubojskog stila dobro se sla\u017eu s suknjama i hla\u010dama.","og_url":"https:\/\/infashion.si\/hr\/nekategorizirano\/kceri-zenskog-gleznja-s-sire-stabilno-pet-mary-deva\/","og_site_name":"inFashion","article_publisher":"https:\/\/www.facebook.com\/Infashionsi","article_modified_time":"2024-01-08T08:10:27+00:00","twitter_card":"summary_large_image","schema":{"@context":"https:\/\/schema.org","@graph":[{"@type":"WebPage","@id":"https:\/\/infashion.si\/hr\/nekategorizirano\/kceri-zenskog-gleznja-s-sire-stabilno-pet-mary-deva\/","url":"https:\/\/infashion.si\/hr\/nekategorizirano\/kceri-zenskog-gleznja-s-sire-stabilno-pet-mary-deva\/","name":"\u017denske gle\u017enja\u010de sa \u0161irom stabilnom petom Mary deva - inFashion","isPartOf":{"@id":"https:\/\/infashion.si\/hr\/#website"},"datePublished":"2020-11-24T21:59:51+00:00","dateModified":"2024-01-08T08:10:27+00:00","breadcrumb":{"@id":"https:\/\/infashion.si\/hr\/nekategorizirano\/kceri-zenskog-gleznja-s-sire-stabilno-pet-mary-deva\/#breadcrumb"},"inLanguage":"hr","potentialAction":[{"@type":"ReadAction","target":["https:\/\/infashion.si\/hr\/nekategorizirano\/kceri-zenskog-gleznja-s-sire-stabilno-pet-mary-deva\/"]}]},{"@type":"BreadcrumbList","@id":"https:\/\/infashion.si\/hr\/nekategorizirano\/kceri-zenskog-gleznja-s-sire-stabilno-pet-mary-deva\/#breadcrumb","itemListElement":[{"@type":"ListItem","position":1,"name":"Home","item":"https:\/\/infashion.si\/hr\/dom\/"},{"@type":"ListItem","position":2,"name":"Shop","item":"https:\/\/infashion.si\/shop\/"},{"@type":"ListItem","position":3,"name":"\u017denske gle\u017enja\u010de sa \u0161irom stabilnom petom Mary deva"}]},{"@type":"WebSite","@id":"https:\/\/infashion.si\/hr\/#website","url":"https:\/\/infashion.si\/hr\/","name":"inFashion","description":"Spletna trgovina s \u010devlji in \u017eensko modo","publisher":{"@id":"https:\/\/infashion.si\/hr\/#organization"},"potentialAction":[{"@type":"SearchAction","target":{"@type":"EntryPoint","urlTemplate":"https:\/\/infashion.si\/hr\/?s={search_term_string}"},"query-input":{"@type":"PropertyValueSpecification","valueRequired":true,"valueName":"search_term_string"}}],"inLanguage":"hr"},{"@type":"Organization","@id":"https:\/\/infashion.si\/hr\/#organization","name":"InFashion","url":"https:\/\/infashion.si\/hr\/","logo":{"@type":"ImageObject","inLanguage":"hr","@id":"https:\/\/infashion.si\/hr\/#\/schema\/logo\/image\/","url":"https:\/\/infashion.si\/wp-content\/uploads\/2022\/08\/logo_3.png","contentUrl":"https:\/\/infashion.si\/wp-content\/uploads\/2022\/08\/logo_3.png","width":210,"height":27,"caption":"InFashion"},"image":{"@id":"https:\/\/infashion.si\/hr\/#\/schema\/logo\/image\/"},"sameAs":["https:\/\/www.facebook.com\/Infashionsi","https:\/\/www.instagram.com\/infashion.si\/"]}]}},"_links":{"self":[{"href":"https:\/\/infashion.si\/hr\/wp-json\/wp\/v2\/product\/40594","targetHints":{"allow":["GET"]}}],"collection":[{"href":"https:\/\/infashion.si\/hr\/wp-json\/wp\/v2\/product"}],"about":[{"href":"https:\/\/infashion.si\/hr\/wp-json\/wp\/v2\/types\/product"}],"replies":[{"embeddable":true,"href":"https:\/\/infashion.si\/hr\/wp-json\/wp\/v2\/comments?post=40594"}],"wp:attachment":[{"href":"https:\/\/infashion.si\/hr\/wp-json\/wp\/v2\/media?parent=40594"}],"wp:term":[{"taxonomy":"product_brand","embeddable":true,"href":"https:\/\/infashion.si\/hr\/wp-json\/wp\/v2\/product_brand?post=40594"},{"taxonomy":"product_cat","embeddable":true,"href":"https:\/\/infashion.si\/hr\/wp-json\/wp\/v2\/product_cat?post=40594"},{"taxonomy":"product_tag","embeddable":true,"href":"https:\/\/infashion.si\/hr\/wp-json\/wp\/v2\/product_tag?post=40594"}],"curies":[{"name":"wp","href":"https:\/\/api.w.org\/{rel}","templated":true}]}}