{"id":40385,"date":"2020-10-21T23:24:33","date_gmt":"2020-10-21T21:24:33","guid":{"rendered":"https:\/\/infashion.si\/Bez%20kategorije\/asimetricna-zenska-kosulja-s-uzorkom-slova-grace\/"},"modified":"2023-09-06T15:04:17","modified_gmt":"2023-09-06T13:04:17","slug":"asimetricna-zenska-kosulja-po-uzorak-slovo-milost","status":"publish","type":"product","link":"https:\/\/infashion.si\/hr\/nov\/asimetricna-zenska-kosulja-po-uzorak-slovo-milost\/","title":{"rendered":"Asimetri\u010dna \u017eenska ko\u0161ulja s uzorkom slova Grace"},"content":{"rendered":"<p>&nbsp;Veli\u010dina: <strong>univerzalna.<\/strong><\/p>\n<p>Sastav: 95% poliester, 5% elastan.<\/p>\n<p><span>&nbsp;<\/span><\/p>\n","protected":false},"excerpt":{"rendered":"<p>Moderna ko\u0161ulja s remenom u kojem \u0107ete se osje\u0107ati sjajno.<\/p>\n","protected":false},"featured_media":0,"comment_status":"open","ping_status":"closed","template":"","meta":{"_acf_changed":false},"product_brand":[],"product_cat":[168,177],"product_tag":[],"class_list":{"0":"post-40385","1":"product","2":"type-product","3":"status-publish","5":"product_cat-nov","6":"product_cat-zenska-odjeca","7":"pa_velikost_oblacil-uni-36-40-hr","9":"first","10":"outofstock","11":"taxable","12":"shipping-taxable","13":"product-type-variable","14":"has-default-attributes"},"acf":[],"yoast_head":"<!-- This site is optimized with the Yoast SEO plugin v27.4 - https:\/\/yoast.com\/product\/yoast-seo-wordpress\/ -->\n<title>Asimetri\u010dna \u017eenska ko\u0161ulja s uzorkom slova Grace - inFashion<\/title>\n<meta name=\"robots\" content=\"index, follow, max-snippet:-1, max-image-preview:large, max-video-preview:-1\" \/>\n<link rel=\"canonical\" href=\"https:\/\/infashion.si\/hr\/nov\/asimetricna-zenska-kosulja-po-uzorak-slovo-milost\/\" \/>\n<meta property=\"og:locale\" content=\"hr_HR\" \/>\n<meta property=\"og:type\" content=\"article\" \/>\n<meta property=\"og:title\" content=\"Asimetri\u010dna \u017eenska ko\u0161ulja s uzorkom slova Grace - inFashion\" \/>\n<meta property=\"og:description\" content=\"Moderna ko\u0161ulja s remenom u kojem \u0107ete se osje\u0107ati sjajno.\" \/>\n<meta property=\"og:url\" content=\"https:\/\/infashion.si\/hr\/nov\/asimetricna-zenska-kosulja-po-uzorak-slovo-milost\/\" \/>\n<meta property=\"og:site_name\" content=\"inFashion\" \/>\n<meta property=\"article:publisher\" content=\"https:\/\/www.facebook.com\/Infashionsi\" \/>\n<meta property=\"article:modified_time\" content=\"2023-09-06T13:04:17+00:00\" \/>\n<meta property=\"og:image\" content=\"https:\/\/infashion.si\/wp-content\/uploads\/2023\/08\/victoria.jpg\" \/>\n\t<meta property=\"og:image:width\" content=\"957\" \/>\n\t<meta property=\"og:image:height\" content=\"1149\" \/>\n\t<meta property=\"og:image:type\" content=\"image\/jpeg\" \/>\n<meta name=\"twitter:card\" content=\"summary_large_image\" \/>\n<script type=\"application\/ld+json\" class=\"yoast-schema-graph\">{\"@context\":\"https:\\\/\\\/schema.org\",\"@graph\":[{\"@type\":\"WebPage\",\"@id\":\"https:\\\/\\\/infashion.si\\\/hr\\\/nov\\\/asimetricna-zenska-kosulja-po-uzorak-slovo-milost\\\/\",\"url\":\"https:\\\/\\\/infashion.si\\\/hr\\\/nov\\\/asimetricna-zenska-kosulja-po-uzorak-slovo-milost\\\/\",\"name\":\"Asimetri\u010dna \u017eenska ko\u0161ulja s uzorkom slova Grace - inFashion\",\"isPartOf\":{\"@id\":\"https:\\\/\\\/infashion.si\\\/hr\\\/#website\"},\"datePublished\":\"2020-10-21T21:24:33+00:00\",\"dateModified\":\"2023-09-06T13:04:17+00:00\",\"breadcrumb\":{\"@id\":\"https:\\\/\\\/infashion.si\\\/hr\\\/nov\\\/asimetricna-zenska-kosulja-po-uzorak-slovo-milost\\\/#breadcrumb\"},\"inLanguage\":\"hr\",\"potentialAction\":[{\"@type\":\"ReadAction\",\"target\":[\"https:\\\/\\\/infashion.si\\\/hr\\\/nov\\\/asimetricna-zenska-kosulja-po-uzorak-slovo-milost\\\/\"]}]},{\"@type\":\"BreadcrumbList\",\"@id\":\"https:\\\/\\\/infashion.si\\\/hr\\\/nov\\\/asimetricna-zenska-kosulja-po-uzorak-slovo-milost\\\/#breadcrumb\",\"itemListElement\":[{\"@type\":\"ListItem\",\"position\":1,\"name\":\"Home\",\"item\":\"https:\\\/\\\/infashion.si\\\/hr\\\/dom\\\/\"},{\"@type\":\"ListItem\",\"position\":2,\"name\":\"Shop\",\"item\":\"https:\\\/\\\/infashion.si\\\/shop\\\/\"},{\"@type\":\"ListItem\",\"position\":3,\"name\":\"Asimetri\u010dna \u017eenska ko\u0161ulja s uzorkom slova Grace\"}]},{\"@type\":\"WebSite\",\"@id\":\"https:\\\/\\\/infashion.si\\\/hr\\\/#website\",\"url\":\"https:\\\/\\\/infashion.si\\\/hr\\\/\",\"name\":\"inFashion\",\"description\":\"Spletna trgovina s \u010devlji in \u017eensko modo\",\"publisher\":{\"@id\":\"https:\\\/\\\/infashion.si\\\/hr\\\/#organization\"},\"potentialAction\":[{\"@type\":\"SearchAction\",\"target\":{\"@type\":\"EntryPoint\",\"urlTemplate\":\"https:\\\/\\\/infashion.si\\\/hr\\\/?s={search_term_string}\"},\"query-input\":{\"@type\":\"PropertyValueSpecification\",\"valueRequired\":true,\"valueName\":\"search_term_string\"}}],\"inLanguage\":\"hr\"},{\"@type\":\"Organization\",\"@id\":\"https:\\\/\\\/infashion.si\\\/hr\\\/#organization\",\"name\":\"InFashion\",\"url\":\"https:\\\/\\\/infashion.si\\\/hr\\\/\",\"logo\":{\"@type\":\"ImageObject\",\"inLanguage\":\"hr\",\"@id\":\"https:\\\/\\\/infashion.si\\\/hr\\\/#\\\/schema\\\/logo\\\/image\\\/\",\"url\":\"https:\\\/\\\/infashion.si\\\/wp-content\\\/uploads\\\/2022\\\/08\\\/logo_3.png\",\"contentUrl\":\"https:\\\/\\\/infashion.si\\\/wp-content\\\/uploads\\\/2022\\\/08\\\/logo_3.png\",\"width\":210,\"height\":27,\"caption\":\"InFashion\"},\"image\":{\"@id\":\"https:\\\/\\\/infashion.si\\\/hr\\\/#\\\/schema\\\/logo\\\/image\\\/\"},\"sameAs\":[\"https:\\\/\\\/www.facebook.com\\\/Infashionsi\",\"https:\\\/\\\/www.instagram.com\\\/infashion.si\\\/\"]}]}<\/script>\n<!-- \/ Yoast SEO plugin. -->","yoast_head_json":{"title":"Asimetri\u010dna \u017eenska ko\u0161ulja s uzorkom slova Grace - inFashion","robots":{"index":"index","follow":"follow","max-snippet":"max-snippet:-1","max-image-preview":"max-image-preview:large","max-video-preview":"max-video-preview:-1"},"canonical":"https:\/\/infashion.si\/hr\/nov\/asimetricna-zenska-kosulja-po-uzorak-slovo-milost\/","og_locale":"hr_HR","og_type":"article","og_title":"Asimetri\u010dna \u017eenska ko\u0161ulja s uzorkom slova Grace - inFashion","og_description":"Moderna ko\u0161ulja s remenom u kojem \u0107ete se osje\u0107ati sjajno.","og_url":"https:\/\/infashion.si\/hr\/nov\/asimetricna-zenska-kosulja-po-uzorak-slovo-milost\/","og_site_name":"inFashion","article_publisher":"https:\/\/www.facebook.com\/Infashionsi","article_modified_time":"2023-09-06T13:04:17+00:00","og_image":[{"width":957,"height":1149,"url":"https:\/\/infashion.si\/wp-content\/uploads\/2023\/08\/victoria.jpg","type":"image\/jpeg"}],"twitter_card":"summary_large_image","schema":{"@context":"https:\/\/schema.org","@graph":[{"@type":"WebPage","@id":"https:\/\/infashion.si\/hr\/nov\/asimetricna-zenska-kosulja-po-uzorak-slovo-milost\/","url":"https:\/\/infashion.si\/hr\/nov\/asimetricna-zenska-kosulja-po-uzorak-slovo-milost\/","name":"Asimetri\u010dna \u017eenska ko\u0161ulja s uzorkom slova Grace - inFashion","isPartOf":{"@id":"https:\/\/infashion.si\/hr\/#website"},"datePublished":"2020-10-21T21:24:33+00:00","dateModified":"2023-09-06T13:04:17+00:00","breadcrumb":{"@id":"https:\/\/infashion.si\/hr\/nov\/asimetricna-zenska-kosulja-po-uzorak-slovo-milost\/#breadcrumb"},"inLanguage":"hr","potentialAction":[{"@type":"ReadAction","target":["https:\/\/infashion.si\/hr\/nov\/asimetricna-zenska-kosulja-po-uzorak-slovo-milost\/"]}]},{"@type":"BreadcrumbList","@id":"https:\/\/infashion.si\/hr\/nov\/asimetricna-zenska-kosulja-po-uzorak-slovo-milost\/#breadcrumb","itemListElement":[{"@type":"ListItem","position":1,"name":"Home","item":"https:\/\/infashion.si\/hr\/dom\/"},{"@type":"ListItem","position":2,"name":"Shop","item":"https:\/\/infashion.si\/shop\/"},{"@type":"ListItem","position":3,"name":"Asimetri\u010dna \u017eenska ko\u0161ulja s uzorkom slova Grace"}]},{"@type":"WebSite","@id":"https:\/\/infashion.si\/hr\/#website","url":"https:\/\/infashion.si\/hr\/","name":"inFashion","description":"Spletna trgovina s \u010devlji in \u017eensko modo","publisher":{"@id":"https:\/\/infashion.si\/hr\/#organization"},"potentialAction":[{"@type":"SearchAction","target":{"@type":"EntryPoint","urlTemplate":"https:\/\/infashion.si\/hr\/?s={search_term_string}"},"query-input":{"@type":"PropertyValueSpecification","valueRequired":true,"valueName":"search_term_string"}}],"inLanguage":"hr"},{"@type":"Organization","@id":"https:\/\/infashion.si\/hr\/#organization","name":"InFashion","url":"https:\/\/infashion.si\/hr\/","logo":{"@type":"ImageObject","inLanguage":"hr","@id":"https:\/\/infashion.si\/hr\/#\/schema\/logo\/image\/","url":"https:\/\/infashion.si\/wp-content\/uploads\/2022\/08\/logo_3.png","contentUrl":"https:\/\/infashion.si\/wp-content\/uploads\/2022\/08\/logo_3.png","width":210,"height":27,"caption":"InFashion"},"image":{"@id":"https:\/\/infashion.si\/hr\/#\/schema\/logo\/image\/"},"sameAs":["https:\/\/www.facebook.com\/Infashionsi","https:\/\/www.instagram.com\/infashion.si\/"]}]}},"_links":{"self":[{"href":"https:\/\/infashion.si\/hr\/wp-json\/wp\/v2\/product\/40385","targetHints":{"allow":["GET"]}}],"collection":[{"href":"https:\/\/infashion.si\/hr\/wp-json\/wp\/v2\/product"}],"about":[{"href":"https:\/\/infashion.si\/hr\/wp-json\/wp\/v2\/types\/product"}],"replies":[{"embeddable":true,"href":"https:\/\/infashion.si\/hr\/wp-json\/wp\/v2\/comments?post=40385"}],"wp:attachment":[{"href":"https:\/\/infashion.si\/hr\/wp-json\/wp\/v2\/media?parent=40385"}],"wp:term":[{"taxonomy":"product_brand","embeddable":true,"href":"https:\/\/infashion.si\/hr\/wp-json\/wp\/v2\/product_brand?post=40385"},{"taxonomy":"product_cat","embeddable":true,"href":"https:\/\/infashion.si\/hr\/wp-json\/wp\/v2\/product_cat?post=40385"},{"taxonomy":"product_tag","embeddable":true,"href":"https:\/\/infashion.si\/hr\/wp-json\/wp\/v2\/product_tag?post=40385"}],"curies":[{"name":"wp","href":"https:\/\/api.w.org\/{rel}","templated":true}]}}