{"id":39768,"date":"2017-09-18T17:23:20","date_gmt":"2017-09-18T15:23:20","guid":{"rendered":"https:\/\/infashion.si\/Bez kategorije\/gleznjace-brita-siva\/"},"modified":"2017-09-18T17:23:20","modified_gmt":"2017-09-18T15:23:20","slug":"gleznjaci-brita-siva","status":"publish","type":"product","link":"https:\/\/infashion.si\/hr\/obuca-hr\/gleznjace\/gleznjaci-brita-siva\/","title":{"rendered":"Gle\u017enja\u010de Brita siva"},"content":{"rendered":"<ul>\n<li>vezice za gle\u017eanj<\/li>\n<li>topla i meka obloga u unutra\u0161njosti<\/li>\n<li>robustan, gumeni potplat<\/li>\n<li>ukrasni zgusnuti rub<\/li>\n<\/ul>\n<p><strong>Sastav:<\/strong> drugi materijali, tekstil.<\/p>\n<p><strong>Veli\u010dina:<\/strong> standardni broj.<\/p>\n","protected":false},"excerpt":{"rendered":"<p>Modni gle\u017enja\u010di (koko\u0161i) na vezicama.<\/p>\n","protected":false},"featured_media":0,"comment_status":"open","ping_status":"closed","template":"","meta":{"_acf_changed":false},"product_brand":[],"product_cat":[161,164,160,163],"product_tag":[],"class_list":{"0":"post-39768","1":"product","2":"type-product","3":"status-publish","5":"product_cat-gleznjace","6":"product_cat-ispusni-otvor","7":"product_cat-obuca-hr","8":"product_cat-sva-obuca","9":"pa_velikost-36-hr","10":"pa_velikost-37-hr","11":"pa_velikost-38-hr-3","12":"pa_velikost-39-hr-2","13":"pa_velikost-40-hr-2","14":"pa_velikost-41-hr","15":"pa_velikost-42-hr","17":"first","18":"outofstock","19":"taxable","20":"shipping-taxable","21":"product-type-variable","22":"has-default-attributes"},"acf":[],"yoast_head":"<!-- This site is optimized with the Yoast SEO plugin v27.4 - https:\/\/yoast.com\/product\/yoast-seo-wordpress\/ -->\n<title>Gle\u017enja\u010de Brita siva - inFashion<\/title>\n<meta name=\"robots\" content=\"index, follow, max-snippet:-1, max-image-preview:large, max-video-preview:-1\" \/>\n<link rel=\"canonical\" href=\"https:\/\/infashion.si\/hr\/obuca-hr\/gleznjace\/gleznjaci-brita-siva\/\" \/>\n<meta property=\"og:locale\" content=\"hr_HR\" \/>\n<meta property=\"og:type\" content=\"article\" \/>\n<meta property=\"og:title\" content=\"Gle\u017enja\u010de Brita siva - inFashion\" \/>\n<meta property=\"og:description\" content=\"Modni gle\u017enja\u010di (koko\u0161i) na vezicama.\" \/>\n<meta property=\"og:url\" content=\"https:\/\/infashion.si\/hr\/obuca-hr\/gleznjace\/gleznjaci-brita-siva\/\" \/>\n<meta property=\"og:site_name\" content=\"inFashion\" \/>\n<meta property=\"article:publisher\" content=\"https:\/\/www.facebook.com\/Infashionsi\" \/>\n<meta name=\"twitter:card\" content=\"summary_large_image\" \/>\n<script type=\"application\/ld+json\" class=\"yoast-schema-graph\">{\"@context\":\"https:\\\/\\\/schema.org\",\"@graph\":[{\"@type\":\"WebPage\",\"@id\":\"https:\\\/\\\/infashion.si\\\/hr\\\/obuca-hr\\\/gleznjace\\\/gleznjaci-brita-siva\\\/\",\"url\":\"https:\\\/\\\/infashion.si\\\/hr\\\/obuca-hr\\\/gleznjace\\\/gleznjaci-brita-siva\\\/\",\"name\":\"Gle\u017enja\u010de Brita siva - inFashion\",\"isPartOf\":{\"@id\":\"https:\\\/\\\/infashion.si\\\/hr\\\/#website\"},\"datePublished\":\"2017-09-18T15:23:20+00:00\",\"breadcrumb\":{\"@id\":\"https:\\\/\\\/infashion.si\\\/hr\\\/obuca-hr\\\/gleznjace\\\/gleznjaci-brita-siva\\\/#breadcrumb\"},\"inLanguage\":\"hr\",\"potentialAction\":[{\"@type\":\"ReadAction\",\"target\":[\"https:\\\/\\\/infashion.si\\\/hr\\\/obuca-hr\\\/gleznjace\\\/gleznjaci-brita-siva\\\/\"]}]},{\"@type\":\"BreadcrumbList\",\"@id\":\"https:\\\/\\\/infashion.si\\\/hr\\\/obuca-hr\\\/gleznjace\\\/gleznjaci-brita-siva\\\/#breadcrumb\",\"itemListElement\":[{\"@type\":\"ListItem\",\"position\":1,\"name\":\"Home\",\"item\":\"https:\\\/\\\/infashion.si\\\/hr\\\/dom\\\/\"},{\"@type\":\"ListItem\",\"position\":2,\"name\":\"Shop\",\"item\":\"https:\\\/\\\/infashion.si\\\/shop\\\/\"},{\"@type\":\"ListItem\",\"position\":3,\"name\":\"Gle\u017enja\u010de Brita siva\"}]},{\"@type\":\"WebSite\",\"@id\":\"https:\\\/\\\/infashion.si\\\/hr\\\/#website\",\"url\":\"https:\\\/\\\/infashion.si\\\/hr\\\/\",\"name\":\"inFashion\",\"description\":\"Spletna trgovina s \u010devlji in \u017eensko modo\",\"publisher\":{\"@id\":\"https:\\\/\\\/infashion.si\\\/hr\\\/#organization\"},\"potentialAction\":[{\"@type\":\"SearchAction\",\"target\":{\"@type\":\"EntryPoint\",\"urlTemplate\":\"https:\\\/\\\/infashion.si\\\/hr\\\/?s={search_term_string}\"},\"query-input\":{\"@type\":\"PropertyValueSpecification\",\"valueRequired\":true,\"valueName\":\"search_term_string\"}}],\"inLanguage\":\"hr\"},{\"@type\":\"Organization\",\"@id\":\"https:\\\/\\\/infashion.si\\\/hr\\\/#organization\",\"name\":\"InFashion\",\"url\":\"https:\\\/\\\/infashion.si\\\/hr\\\/\",\"logo\":{\"@type\":\"ImageObject\",\"inLanguage\":\"hr\",\"@id\":\"https:\\\/\\\/infashion.si\\\/hr\\\/#\\\/schema\\\/logo\\\/image\\\/\",\"url\":\"https:\\\/\\\/infashion.si\\\/wp-content\\\/uploads\\\/2022\\\/08\\\/logo_3.png\",\"contentUrl\":\"https:\\\/\\\/infashion.si\\\/wp-content\\\/uploads\\\/2022\\\/08\\\/logo_3.png\",\"width\":210,\"height\":27,\"caption\":\"InFashion\"},\"image\":{\"@id\":\"https:\\\/\\\/infashion.si\\\/hr\\\/#\\\/schema\\\/logo\\\/image\\\/\"},\"sameAs\":[\"https:\\\/\\\/www.facebook.com\\\/Infashionsi\",\"https:\\\/\\\/www.instagram.com\\\/infashion.si\\\/\"]}]}<\/script>\n<!-- \/ Yoast SEO plugin. -->","yoast_head_json":{"title":"Gle\u017enja\u010de Brita siva - inFashion","robots":{"index":"index","follow":"follow","max-snippet":"max-snippet:-1","max-image-preview":"max-image-preview:large","max-video-preview":"max-video-preview:-1"},"canonical":"https:\/\/infashion.si\/hr\/obuca-hr\/gleznjace\/gleznjaci-brita-siva\/","og_locale":"hr_HR","og_type":"article","og_title":"Gle\u017enja\u010de Brita siva - inFashion","og_description":"Modni gle\u017enja\u010di (koko\u0161i) na vezicama.","og_url":"https:\/\/infashion.si\/hr\/obuca-hr\/gleznjace\/gleznjaci-brita-siva\/","og_site_name":"inFashion","article_publisher":"https:\/\/www.facebook.com\/Infashionsi","twitter_card":"summary_large_image","schema":{"@context":"https:\/\/schema.org","@graph":[{"@type":"WebPage","@id":"https:\/\/infashion.si\/hr\/obuca-hr\/gleznjace\/gleznjaci-brita-siva\/","url":"https:\/\/infashion.si\/hr\/obuca-hr\/gleznjace\/gleznjaci-brita-siva\/","name":"Gle\u017enja\u010de Brita siva - inFashion","isPartOf":{"@id":"https:\/\/infashion.si\/hr\/#website"},"datePublished":"2017-09-18T15:23:20+00:00","breadcrumb":{"@id":"https:\/\/infashion.si\/hr\/obuca-hr\/gleznjace\/gleznjaci-brita-siva\/#breadcrumb"},"inLanguage":"hr","potentialAction":[{"@type":"ReadAction","target":["https:\/\/infashion.si\/hr\/obuca-hr\/gleznjace\/gleznjaci-brita-siva\/"]}]},{"@type":"BreadcrumbList","@id":"https:\/\/infashion.si\/hr\/obuca-hr\/gleznjace\/gleznjaci-brita-siva\/#breadcrumb","itemListElement":[{"@type":"ListItem","position":1,"name":"Home","item":"https:\/\/infashion.si\/hr\/dom\/"},{"@type":"ListItem","position":2,"name":"Shop","item":"https:\/\/infashion.si\/shop\/"},{"@type":"ListItem","position":3,"name":"Gle\u017enja\u010de Brita siva"}]},{"@type":"WebSite","@id":"https:\/\/infashion.si\/hr\/#website","url":"https:\/\/infashion.si\/hr\/","name":"inFashion","description":"Spletna trgovina s \u010devlji in \u017eensko modo","publisher":{"@id":"https:\/\/infashion.si\/hr\/#organization"},"potentialAction":[{"@type":"SearchAction","target":{"@type":"EntryPoint","urlTemplate":"https:\/\/infashion.si\/hr\/?s={search_term_string}"},"query-input":{"@type":"PropertyValueSpecification","valueRequired":true,"valueName":"search_term_string"}}],"inLanguage":"hr"},{"@type":"Organization","@id":"https:\/\/infashion.si\/hr\/#organization","name":"InFashion","url":"https:\/\/infashion.si\/hr\/","logo":{"@type":"ImageObject","inLanguage":"hr","@id":"https:\/\/infashion.si\/hr\/#\/schema\/logo\/image\/","url":"https:\/\/infashion.si\/wp-content\/uploads\/2022\/08\/logo_3.png","contentUrl":"https:\/\/infashion.si\/wp-content\/uploads\/2022\/08\/logo_3.png","width":210,"height":27,"caption":"InFashion"},"image":{"@id":"https:\/\/infashion.si\/hr\/#\/schema\/logo\/image\/"},"sameAs":["https:\/\/www.facebook.com\/Infashionsi","https:\/\/www.instagram.com\/infashion.si\/"]}]}},"_links":{"self":[{"href":"https:\/\/infashion.si\/hr\/wp-json\/wp\/v2\/product\/39768","targetHints":{"allow":["GET"]}}],"collection":[{"href":"https:\/\/infashion.si\/hr\/wp-json\/wp\/v2\/product"}],"about":[{"href":"https:\/\/infashion.si\/hr\/wp-json\/wp\/v2\/types\/product"}],"replies":[{"embeddable":true,"href":"https:\/\/infashion.si\/hr\/wp-json\/wp\/v2\/comments?post=39768"}],"wp:attachment":[{"href":"https:\/\/infashion.si\/hr\/wp-json\/wp\/v2\/media?parent=39768"}],"wp:term":[{"taxonomy":"product_brand","embeddable":true,"href":"https:\/\/infashion.si\/hr\/wp-json\/wp\/v2\/product_brand?post=39768"},{"taxonomy":"product_cat","embeddable":true,"href":"https:\/\/infashion.si\/hr\/wp-json\/wp\/v2\/product_cat?post=39768"},{"taxonomy":"product_tag","embeddable":true,"href":"https:\/\/infashion.si\/hr\/wp-json\/wp\/v2\/product_tag?post=39768"}],"curies":[{"name":"wp","href":"https:\/\/api.w.org\/{rel}","templated":true}]}}