{"id":39578,"date":"2022-10-04T19:57:15","date_gmt":"2022-10-04T17:57:15","guid":{"rendered":"https:\/\/infashion.si\/pravila-o-kolacicima\/"},"modified":"2023-09-06T14:36:31","modified_gmt":"2023-09-06T12:36:31","slug":"pravila-o-kolacicima","status":"publish","type":"page","link":"https:\/\/infashion.si\/hr\/pravila-o-kolacicima\/","title":{"rendered":"Pravila o kola\u010di\u0107ima"},"content":{"rendered":"&#13;\n<h1 class=\"wp-block-heading\">Pravila o kola\u010di\u0107ima<\/h1>&#13;\n&#13;\n<p>Ve\u0107ina web stranica koje danas posje\u0107ujemo koristi kola\u010di\u0107e na ovaj ili onaj na\u010din kako bi pobolj\u0161ala korisni\u010dko iskustvo. Iako je upotreba kola\u010di\u0107a obi\u010dno bezopasna, neki ljudi to mogu shvatiti kao nametljiv i stoga \u017eele blokirati neke ili sve kola\u010di\u0107e ili \u010dak izbrisati kola\u010di\u0107e koji su ve\u0107 poslani.<\/p>&#13;\n&#13;\n<h2 class=\"wp-block-heading\">1. \u0160to je kola\u010di\u0107?<\/h2>&#13;\n&#13;\n<p>Kola\u010di\u0107i su datoteke koje web stranice stvaraju tijekom va\u0161eg posjeta. Pohranjuju postavke web-mjesta, podatke o profilu i druge informacije. Postoje dvije vrste kola\u010di\u0107a: <em>Kola\u010di\u0107e domene postavlja domena<\/em> web stranice u adresnoj traci. <em>Kola\u010di\u0107i tre\u0107ih strana<\/em> dolaze iz drugih izvora domene koji imaju razli\u010dite elemente ugra\u0111ene na stranicu, poput oglasa ili slika.<\/p>&#13;\n&#13;\n<h2 class=\"wp-block-heading\">2. Postavljanje i pohranjivanje kola\u010di\u0107a<\/h2>&#13;\n&#13;\n<p>Kola\u010di\u0107e mo\u017ee <strong>postaviti<\/strong> web stranica koju posje\u0107ujete (&#8220;kola\u010di\u0107i prve strane&#8221;) ili web stranica tre\u0107e strane koja vodi sadr\u017eaj na web stranici koju gledate <strong>(&#8220;kola\u010di\u0107i tre\u0107e strane&#8221;).<\/strong><strong><\/strong><br\/>Kola\u010di\u0107i se mogu \u010duvati u razli\u010ditim vremenskim razdobljima, samo za vrijeme trajanja va\u0161e sesije pregledavanja ili mnogo dulje.<\/p>&#13;\n&#13;\n<ul class=\"wp-block-list\">&#13;\n<li><strong>Privremeni kola\u010di\u0107i ili kola\u010di\u0107i sesije <\/strong>: kola\u010di\u0107 koji nam omogu\u0107uje povezivanje va\u0161ih radnji tijekom sesije preglednika. Sesija preglednika zapo\u010dinje kada otvorite prozor preglednika i zavr\u0161ava kada ga zatvorite. Kola\u010di\u0107i sesije kreiraju se privremeno i bri\u0161u se kada se zatvori prozor va\u0161eg preglednika.<\/li>&#13;\n<li><strong>Trajni <\/strong>kola\u010di\u0107i: kola\u010di\u0107 koji ostaje na va\u0161em ure\u0111aju. Vrijeme navedeno u kola\u010di\u0107u aktivira se svaki put kada posjetite web stranicu koja je stvorila ovaj kola\u010di\u0107.<\/li>&#13;\n<\/ul>&#13;\n&#13;\n<h2 class=\"wp-block-heading\">3. Razli\u010dite vrste kola\u010di\u0107a<\/h2>&#13;\n&#13;\n<p><strong>Postoje \u010detiri glavne vrste kola\u010di\u0107a:<\/strong><\/p>&#13;\n&#13;\n<ul class=\"wp-block-list\">&#13;\n<li><strong>Strogo potrebni kola\u010di\u0107i: <\/strong>Ovi kola\u010di\u0107i su neophodni jer vam omogu\u0107uju kretanje po web stranici i kori\u0161tenje funkcija web stranice ili pru\u017eanje usluga koje ste zatra\u017eili.  <em>(<\/em><em><em>npr. za spremanje proizvoda koje ste dodali u svoju internetsku ko\u0161aricu, postavke kola\u010di\u0107a, jeste li ispunili anketu &#8230;)<\/em> Ne treba nam va\u0161 pristanak za kori\u0161tenje ovih kola\u010di\u0107a.<\/em><\/li>&#13;\n<li><strong>Funkcionalni kola\u010di\u0107i: <\/strong>Ovi kola\u010di\u0107i omogu\u0107uju web stranici da zapamti va\u0161e izbore (poput va\u0161eg korisni\u010dkog imena, jezika ili regije u kojoj se nalazite) i da vam pru\u017ei pobolj\u0161ane i osobnije zna\u010dajke  <em>(na primjer, web mjesto vam mo\u017ee pru\u017eiti lokalne vremenske prognoze ili vijesti o prometu pomo\u0107u kola\u010di\u0107a za pohranu podataka o regiji u kojoj se trenutno nalazite, zapamtiti va\u0161e promjene u veli\u010dini teksta, fontu i drugim dijelovima web stranice koji se mogu prilagoditi i pru\u017eiti vam tra\u017eene usluge poput gledanja videozapisa ili komentiranja na blogu).<\/em>  Informacije prikupljene ovim kola\u010di\u0107ima mogu biti anonimizirane i ovi kola\u010di\u0107i ne mogu pratiti aktivnost va\u0161eg preglednika na drugim web stranicama.<\/li>&#13;\n<li><strong>Kola\u010di\u0107i za ogla\u0161avanje i prilagodbu ponude: <\/strong>Ovi kola\u010di\u0107i koriste se za isporuku sadr\u017eaja koji bi mogao biti relevantniji za vas i va\u0161e interese. Tako\u0111er se koriste za ograni\u010davanje broja prikazivanja oglasa, kao i za mjerenje u\u010dinkovitosti reklamne kampanje. Obi\u010dno ih instaliraju ogla\u0161iva\u010dke mre\u017ee uz dopu\u0161tenje operatera web stranice. Sje\u0107aju se da ste posjetili web stranicu i da se te informacije dijele s drugim organizacijama, kao \u0161to su ogla\u0161iva\u010di. Kola\u010di\u0107i za ciljanje ili ogla\u0161avanje mogu biti povezani s funkcionalno\u0161\u0107u web stranice koju pru\u017ea druga organizacija. Za vi\u0161e informacija o ogla\u0161iva\u010dkim kola\u010di\u0107ima i privatnosti na mre\u017ei pogledajte vodi\u010d koji je izradila industrija internetskog ogla\u0161avanja i dostupan je na <a href=\"http:\/\/www.youronlinechoices.com\/\" target=\"_blank\" rel=\"noreferrer noopener\">www.youronlinechoices.com<\/a>.<\/li>&#13;\n<li><strong>Kola\u010di\u0107i za pra\u0107enje analitike posjeta: <\/strong>Ovi kola\u010di\u0107i prikupljaju informacije o tome kako koristite web stranicu (<em>npr. koje stranice naj\u010de\u0161\u0107e posje\u0107ujete i ako primite poruku o pogre\u0161ci.) <\/em>Ovi kola\u010di\u0107i ne prikupljaju podatke koji bi se mogli koristiti za va\u0161u identifikaciju. Sve takve prikupljene informacije su agregirane i stoga anonimizirane i koriste se samo za pobolj\u0161anje funkcioniranja web stranice.<\/li>&#13;\n<\/ul>&#13;\n&#13;\n<h2 class=\"wp-block-heading\">4. Koje kola\u010di\u0107e koristimo?<\/h2>&#13;\n&#13;\n<p>Na\u0161a web stranica koristi:<\/p>&#13;\n&#13;\n<ul class=\"wp-block-list\">&#13;\n<li><strong>Strogo<\/strong> potrebni kola\u010di\u0107i za rad web stranice kako bi zapamtili va\u0161u prijavu, olak\u0161ali unos komentara i sli\u010dno. Te podatke ne koristimo ni u koju drugu svrhu i ne dijelimo ih ni s kim.<\/li>&#13;\n<li><strong>\u017deljeni <\/strong>kola\u010di\u0107i koji pobolj\u0161avaju korisni\u010dko iskustvo na web stranici:\n\n<ul>&#13;\n<li><strong>Funkcionalni kola\u010di\u0107i:<\/strong> Ovi kola\u010di\u0107i omogu\u0107uju web stranici da zapamti va\u0161e izbore (poput va\u0161eg korisni\u010dkog imena, jezika ili regije) i pru\u017eaju vam pobolj\u0161ane i osobnije zna\u010dajke.<\/li>&#13;\n<li><strong>Ogla\u0161avanje i profiliranje:<\/strong> Ovi kola\u010di\u0107i koriste se za isporuku sadr\u017eaja koji bi mogao biti relevantniji za vas i va\u0161e interese.  <\/li>&#13;\n<li><strong>Posjetite analiti\u010dko pra\u0107enje:<\/strong> Ovi kola\u010di\u0107i prikupljaju informacije o tome kako koristite web stranicu.<\/li>&#13;\n<\/ul><\/li>&#13;\n<\/ul>&#13;\n&#13;\n<p><a href=\"https:\/\/damijanastraser.com\/politika-rabe-piskotkov\/#\">Provjerite i promijenite postavke<\/a><\/p>&#13;\n&#13;\n<h2 class=\"wp-block-heading\">Kola\u010di\u0107i<\/h2>&#13;\n&#13;\n<figure class=\"wp-block-table\">&#13;\n<table>&#13;\n<thead>&#13;\n<tr>&#13;\n<td><strong>Naziv kola\u010di\u0107a<\/strong><\/td>&#13;\n<td><strong>Opis kola\u010di\u0107a i njegova svrha<\/strong><\/td>&#13;\n<td><strong>Trajanje<\/strong><\/td>&#13;\n<td><strong>Izvor<\/strong><\/td>&#13;\n<\/tr>&#13;\n<tr>&#13;\n<td>_utma<\/td>&#13;\n<td>Analiti\u010dki kola\u010di\u0107. Bilje\u017ei razliku izme\u0111u korisnika i sesija.<\/td>&#13;\n<td>2 godine od instalacije\/a\u017euriranja<\/td>&#13;\n<td>Google Analytics<\/td>&#13;\n<\/tr>&#13;\n<tr>&#13;\n<td>_utmb<\/td>&#13;\n<td>Analiti\u010dki kola\u010di\u0107. Snima novu sesiju ili novog korisnika.<\/td>&#13;\n<td>30 minuta od instalacije\/a\u017euriranja<\/td>&#13;\n<td>Google Analytics<\/td>&#13;\n<\/tr>&#13;\n<tr>&#13;\n<td>_utmc<\/td>&#13;\n<td>Analiti\u010dki kola\u010di\u0107. Bilje\u017ei trajanje posjeta stranici.<\/td>&#13;\n<td>Dok ne zatvorite preglednik<\/td>&#13;\n<td>Google Analytics<\/td>&#13;\n<\/tr>&#13;\n<tr>&#13;\n<td>_utmz<\/td>&#13;\n<td>Analiti\u010dki kola\u010di\u0107. Odre\u0111uje izvor prometa ili kampanje koji pohranjuje informacije o tome kako je korisnik do\u0161ao do stranice<\/td>&#13;\n<td>6 mjeseci od instalacije\/a\u017euriranja<\/td>&#13;\n<td>Google Analytics<\/td>&#13;\n<\/tr>&#13;\n<tr>&#13;\n<td>_utmv<\/td>&#13;\n<td>Analiti\u010dki kola\u010di\u0107. Sprema prilago\u0111ene varijable<\/td>&#13;\n<td>2 godine<\/td>&#13;\n<td>Google Analytics<\/td>&#13;\n<\/tr>&#13;\n<tr>&#13;\n<td>PREF<\/td>&#13;\n<td>Korisni\u010dke postavke za Google tra\u017eilicu.<\/td>&#13;\n<td>2 godine od instalacije\/a\u017euriranja<\/td>&#13;\n<td>Google Analytics<\/td>&#13;\n<\/tr>&#13;\n<tr>&#13;\n<td>_Gid<\/td>&#13;\n<td>Analiti\u010dki kola\u010di\u0107 za identifikaciju jedinstvenih korisnika<\/td>&#13;\n<td>24 sata<\/td>&#13;\n<td>Google Analytics<\/td>&#13;\n<\/tr>&#13;\n<tr>&#13;\n<td>_G\u0111a<\/td>&#13;\n<td>Analiti\u010dki kola\u010di\u0107 za identifikaciju jedinstvenih korisnika<\/td>&#13;\n<td>2 godine od posljednjeg posjeta<\/td>&#13;\n<td>Google Analytics<\/td>&#13;\n<\/tr>&#13;\n<\/thead>&#13;\n<\/table>&#13;\n<\/figure>&#13;\n&#13;\n<h2 class=\"wp-block-heading\">5. Kako isklju\u010diti kola\u010di\u0107e?<\/h2>&#13;\n&#13;\n<p>Postoji nekoliko na\u010dina za upravljanje postavkama kola\u010di\u0107a i upravljanje njima.<br\/><strong>Imajte na umu da brisanjem ili blokiranjem kola\u010di\u0107a sve ili neke web stranice koje posjetite (ili njihove funkcije) ne\u0107e raditi ispravno ili jednako u\u010dinkovito.<\/strong><br\/>Ako onemogu\u0107ite odre\u0111eni kola\u010di\u0107 ili izbri\u0161ete sve kola\u010di\u0107e, va\u0161e postavke ne\u0107e biti spremljene i primit \u0107ete obavijest o kola\u010di\u0107ima svaki put kada posjetite na\u0161u web stranicu. Me\u0111utim, postavkama kola\u010di\u0107a mo\u017eete upravljati u svom web pregledniku, kao i na web stranicama tre\u0107ih strana koje postavljaju kola\u010di\u0107 na va\u0161 ure\u0111aj putem na\u0161ih web stranica.<\/p>&#13;\n&#13;\n<p><strong>Onemogu\u0107avanje kola\u010di\u0107a u va\u0161em web pregledniku<\/strong><\/p>&#13;\n&#13;\n<p>Ve\u0107ina modernih web preglednika pru\u017ea op\u0107e informacije o kola\u010di\u0107ima i omogu\u0107uje vam pregled svih va\u0161ih kola\u010di\u0107a, omogu\u0107uje vam brisanje svih ili pojedina\u010dnih kola\u010di\u0107a i omogu\u0107uje blokiranje ili dopu\u0161tanje kola\u010di\u0107a za sve web stranice ili pojedina\u010dno odabrane web stranice. Tako\u0111er obi\u010dno mo\u017eete isklju\u010diti pojedina\u010dne ogla\u0161iva\u010dke kola\u010di\u0107e tre\u0107ih strana.<\/p>&#13;\n&#13;\n<p>Ako promijenite postavke kola\u010di\u0107a <strong>u svom web pregledniku<\/strong>, osim ako ne izbri\u0161ete ili blokirate svaki kola\u010di\u0107 zasebno, promjene \u0107e se odnositi na sve web stranice koje posjetite, a ne samo na na\u0161e web stranice. Tako\u0111er \u0107ete morati prilagoditi svoje kola\u010di\u0107e za svaki preglednik pojedina\u010dno.<\/p>&#13;\n&#13;\n<p>Informacije o kola\u010di\u0107ima obi\u010dno se nalaze u odjeljku &#8220;Pomo\u0107&#8221; u va\u0161em web pregledniku. Ispod su poveznice na odjeljak &#8220;Pomo\u0107&#8221; nekih od naj\u010de\u0161\u0107e kori\u0161tenih web preglednika:<\/p>&#13;\n&#13;\n<ul class=\"wp-block-list\">&#13;\n<li>Microsoft Internet Explorer <a href=\"http:\/\/support.microsoft.com\/kb\/196955\" target=\"_blank\" rel=\"noreferrer noopener\">http:\/\/support.microsoft.com\/kb\/196955<\/a><\/li>&#13;\n<li>Mozilla Firefox \u2013 <a href=\"http:\/\/support.mozilla.org\/en-US\/kb\/cookies-information-websites-store-on-your-computer?redirectlocale=en-US&amp;redirectslug=Cookies\" target=\"_blank\" rel=\"noreferrer noopener\">http:\/\/support.mozilla.org\/en-US\/kb\/cookies-information-websites-store-on-your-computer?redirectlocale=en-US&amp;redirectslug=Cookies<\/a><\/li>&#13;\n<li>Google Chrome \u2013 <a href=\"http:\/\/support.google.com\/chrome\/bin\/answer.py?hl=en&amp;answer=95647\" target=\"_blank\" rel=\"noreferrer noopener\">http:\/\/support.google.com\/chrome\/bin\/answer.py?hl=en&amp;answer=95647<\/a><\/li>&#13;\n<li>Apple Safari &#8211; <a href=\"http:\/\/www.apple.com\/support\/safari\/\" target=\"_blank\" rel=\"noreferrer noopener\">http:\/\/www.apple.com\/support\/safari\/<\/a><\/li>&#13;\n<li>Opera \u2013 <a href=\"http:\/\/www.opera.com\/browser\/tutorials\/security\/privacy\/\" target=\"_blank\" rel=\"noreferrer noopener\">http:\/\/www.opera.com\/browser\/tutorials\/security\/privacy\/<\/a><\/li>&#13;\n<li>Google Android \u2013 <a href=\"http:\/\/support.google.com\/android\/?hl=en\" target=\"_blank\" rel=\"noreferrer noopener\">http:\/\/support.google.com\/android\/?hl=en<\/a><\/li>&#13;\n<li>Windows Phone \u2013 <a href=\"http:\/\/www.microsoft.com\/windowsphone\/en-us\/howto\/wp7\/web\/changing-privacy-and-other-browser-settings.aspx\" target=\"_blank\" rel=\"noreferrer noopener\">http:\/\/www.microsoft.com\/windowsphone\/en-us\/howto\/wp7\/web\/changing-privacy-and-other-browser-settings.aspx<\/a><\/li>&#13;\n<li>Kupina \u2013<a href=\"http:\/\/docs.blackberry.com\/en\/smartphone_users\/deliverables\/32004\/Browser_settings_32784_11.jsp\" target=\"_blank\" rel=\"noreferrer noopener\">http:\/\/docs.blackberry.com\/en\/smartphone_users\/deliverables\/32004\/Browser_settings_32784_11.jsp<\/a><\/li>&#13;\n<\/ul>&#13;\n","protected":false},"excerpt":{"rendered":"<p>&#13; Pravila o kola\u010di\u0107ima &#13; &#13; Ve\u0107ina web stranica koje danas posje\u0107ujemo koristi kola\u010di\u0107e na ovaj ili onaj na\u010din kako bi pobolj\u0161ala korisni\u010dko iskustvo. Iako je upotreba kola\u010di\u0107a obi\u010dno bezopasna, neki ljudi to mogu shvatiti kao nametljiv i stoga \u017eele blokirati neke ili sve kola\u010di\u0107e ili \u010dak izbrisati kola\u010di\u0107e koji su ve\u0107 poslani. &#13; &#13; [&#8230;]\n","protected":false},"author":2,"featured_media":0,"parent":0,"menu_order":0,"comment_status":"closed","ping_status":"closed","template":"","meta":{"_acf_changed":false,"footnotes":""},"class_list":["post-39578","page","type-page","status-publish","hentry"],"acf":[],"yoast_head":"<!-- This site is optimized with the Yoast SEO plugin v27.4 - https:\/\/yoast.com\/product\/yoast-seo-wordpress\/ -->\n<title>Pravila o kola\u010di\u0107ima - inFashion<\/title>\n<meta name=\"robots\" content=\"index, follow, max-snippet:-1, max-image-preview:large, max-video-preview:-1\" \/>\n<link rel=\"canonical\" href=\"https:\/\/infashion.si\/hr\/pravila-o-kolacicima\/\" \/>\n<meta property=\"og:locale\" content=\"hr_HR\" \/>\n<meta property=\"og:type\" content=\"article\" \/>\n<meta property=\"og:title\" content=\"Pravila o kola\u010di\u0107ima - inFashion\" \/>\n<meta property=\"og:description\" content=\"&#013; Pravila o kola\u010di\u0107ima &#013; &#013; Ve\u0107ina web stranica koje danas posje\u0107ujemo koristi kola\u010di\u0107e na ovaj ili onaj na\u010din kako bi pobolj\u0161ala korisni\u010dko iskustvo. Iako je upotreba kola\u010di\u0107a obi\u010dno bezopasna, neki ljudi to mogu shvatiti kao nametljiv i stoga \u017eele blokirati neke ili sve kola\u010di\u0107e ili \u010dak izbrisati kola\u010di\u0107e koji su ve\u0107 poslani. &#013; &#013; [...]\" \/>\n<meta property=\"og:url\" content=\"https:\/\/infashion.si\/hr\/pravila-o-kolacicima\/\" \/>\n<meta property=\"og:site_name\" content=\"inFashion\" \/>\n<meta property=\"article:publisher\" content=\"https:\/\/www.facebook.com\/Infashionsi\" \/>\n<meta property=\"article:modified_time\" content=\"2023-09-06T12:36:31+00:00\" \/>\n<meta name=\"twitter:card\" content=\"summary_large_image\" \/>\n<meta name=\"twitter:label1\" content=\"Procijenjeno vrijeme \u010ditanja\" \/>\n\t<meta name=\"twitter:data1\" content=\"7 minuta\" \/>\n<script type=\"application\/ld+json\" class=\"yoast-schema-graph\">{\"@context\":\"https:\\\/\\\/schema.org\",\"@graph\":[{\"@type\":\"WebPage\",\"@id\":\"https:\\\/\\\/infashion.si\\\/hr\\\/pravila-o-kolacicima\\\/\",\"url\":\"https:\\\/\\\/infashion.si\\\/hr\\\/pravila-o-kolacicima\\\/\",\"name\":\"Pravila o kola\u010di\u0107ima - inFashion\",\"isPartOf\":{\"@id\":\"https:\\\/\\\/infashion.si\\\/hr\\\/#website\"},\"datePublished\":\"2022-10-04T17:57:15+00:00\",\"dateModified\":\"2023-09-06T12:36:31+00:00\",\"breadcrumb\":{\"@id\":\"https:\\\/\\\/infashion.si\\\/hr\\\/pravila-o-kolacicima\\\/#breadcrumb\"},\"inLanguage\":\"hr\",\"potentialAction\":[{\"@type\":\"ReadAction\",\"target\":[\"https:\\\/\\\/infashion.si\\\/hr\\\/pravila-o-kolacicima\\\/\"]}]},{\"@type\":\"BreadcrumbList\",\"@id\":\"https:\\\/\\\/infashion.si\\\/hr\\\/pravila-o-kolacicima\\\/#breadcrumb\",\"itemListElement\":[{\"@type\":\"ListItem\",\"position\":1,\"name\":\"Home\",\"item\":\"https:\\\/\\\/infashion.si\\\/hr\\\/dom\\\/\"},{\"@type\":\"ListItem\",\"position\":2,\"name\":\"Pravila o kola\u010di\u0107ima\"}]},{\"@type\":\"WebSite\",\"@id\":\"https:\\\/\\\/infashion.si\\\/hr\\\/#website\",\"url\":\"https:\\\/\\\/infashion.si\\\/hr\\\/\",\"name\":\"inFashion\",\"description\":\"Spletna trgovina s \u010devlji in \u017eensko modo\",\"publisher\":{\"@id\":\"https:\\\/\\\/infashion.si\\\/hr\\\/#organization\"},\"potentialAction\":[{\"@type\":\"SearchAction\",\"target\":{\"@type\":\"EntryPoint\",\"urlTemplate\":\"https:\\\/\\\/infashion.si\\\/hr\\\/?s={search_term_string}\"},\"query-input\":{\"@type\":\"PropertyValueSpecification\",\"valueRequired\":true,\"valueName\":\"search_term_string\"}}],\"inLanguage\":\"hr\"},{\"@type\":\"Organization\",\"@id\":\"https:\\\/\\\/infashion.si\\\/hr\\\/#organization\",\"name\":\"InFashion\",\"url\":\"https:\\\/\\\/infashion.si\\\/hr\\\/\",\"logo\":{\"@type\":\"ImageObject\",\"inLanguage\":\"hr\",\"@id\":\"https:\\\/\\\/infashion.si\\\/hr\\\/#\\\/schema\\\/logo\\\/image\\\/\",\"url\":\"https:\\\/\\\/infashion.si\\\/wp-content\\\/uploads\\\/2022\\\/08\\\/logo_3.png\",\"contentUrl\":\"https:\\\/\\\/infashion.si\\\/wp-content\\\/uploads\\\/2022\\\/08\\\/logo_3.png\",\"width\":210,\"height\":27,\"caption\":\"InFashion\"},\"image\":{\"@id\":\"https:\\\/\\\/infashion.si\\\/hr\\\/#\\\/schema\\\/logo\\\/image\\\/\"},\"sameAs\":[\"https:\\\/\\\/www.facebook.com\\\/Infashionsi\",\"https:\\\/\\\/www.instagram.com\\\/infashion.si\\\/\"]}]}<\/script>\n<!-- \/ Yoast SEO plugin. -->","yoast_head_json":{"title":"Pravila o kola\u010di\u0107ima - inFashion","robots":{"index":"index","follow":"follow","max-snippet":"max-snippet:-1","max-image-preview":"max-image-preview:large","max-video-preview":"max-video-preview:-1"},"canonical":"https:\/\/infashion.si\/hr\/pravila-o-kolacicima\/","og_locale":"hr_HR","og_type":"article","og_title":"Pravila o kola\u010di\u0107ima - inFashion","og_description":"&#13; Pravila o kola\u010di\u0107ima &#13; &#13; Ve\u0107ina web stranica koje danas posje\u0107ujemo koristi kola\u010di\u0107e na ovaj ili onaj na\u010din kako bi pobolj\u0161ala korisni\u010dko iskustvo. Iako je upotreba kola\u010di\u0107a obi\u010dno bezopasna, neki ljudi to mogu shvatiti kao nametljiv i stoga \u017eele blokirati neke ili sve kola\u010di\u0107e ili \u010dak izbrisati kola\u010di\u0107e koji su ve\u0107 poslani. &#13; &#13; [...]","og_url":"https:\/\/infashion.si\/hr\/pravila-o-kolacicima\/","og_site_name":"inFashion","article_publisher":"https:\/\/www.facebook.com\/Infashionsi","article_modified_time":"2023-09-06T12:36:31+00:00","twitter_card":"summary_large_image","twitter_misc":{"Procijenjeno vrijeme \u010ditanja":"7 minuta"},"schema":{"@context":"https:\/\/schema.org","@graph":[{"@type":"WebPage","@id":"https:\/\/infashion.si\/hr\/pravila-o-kolacicima\/","url":"https:\/\/infashion.si\/hr\/pravila-o-kolacicima\/","name":"Pravila o kola\u010di\u0107ima - inFashion","isPartOf":{"@id":"https:\/\/infashion.si\/hr\/#website"},"datePublished":"2022-10-04T17:57:15+00:00","dateModified":"2023-09-06T12:36:31+00:00","breadcrumb":{"@id":"https:\/\/infashion.si\/hr\/pravila-o-kolacicima\/#breadcrumb"},"inLanguage":"hr","potentialAction":[{"@type":"ReadAction","target":["https:\/\/infashion.si\/hr\/pravila-o-kolacicima\/"]}]},{"@type":"BreadcrumbList","@id":"https:\/\/infashion.si\/hr\/pravila-o-kolacicima\/#breadcrumb","itemListElement":[{"@type":"ListItem","position":1,"name":"Home","item":"https:\/\/infashion.si\/hr\/dom\/"},{"@type":"ListItem","position":2,"name":"Pravila o kola\u010di\u0107ima"}]},{"@type":"WebSite","@id":"https:\/\/infashion.si\/hr\/#website","url":"https:\/\/infashion.si\/hr\/","name":"inFashion","description":"Spletna trgovina s \u010devlji in \u017eensko modo","publisher":{"@id":"https:\/\/infashion.si\/hr\/#organization"},"potentialAction":[{"@type":"SearchAction","target":{"@type":"EntryPoint","urlTemplate":"https:\/\/infashion.si\/hr\/?s={search_term_string}"},"query-input":{"@type":"PropertyValueSpecification","valueRequired":true,"valueName":"search_term_string"}}],"inLanguage":"hr"},{"@type":"Organization","@id":"https:\/\/infashion.si\/hr\/#organization","name":"InFashion","url":"https:\/\/infashion.si\/hr\/","logo":{"@type":"ImageObject","inLanguage":"hr","@id":"https:\/\/infashion.si\/hr\/#\/schema\/logo\/image\/","url":"https:\/\/infashion.si\/wp-content\/uploads\/2022\/08\/logo_3.png","contentUrl":"https:\/\/infashion.si\/wp-content\/uploads\/2022\/08\/logo_3.png","width":210,"height":27,"caption":"InFashion"},"image":{"@id":"https:\/\/infashion.si\/hr\/#\/schema\/logo\/image\/"},"sameAs":["https:\/\/www.facebook.com\/Infashionsi","https:\/\/www.instagram.com\/infashion.si\/"]}]}},"_links":{"self":[{"href":"https:\/\/infashion.si\/hr\/wp-json\/wp\/v2\/pages\/39578","targetHints":{"allow":["GET"]}}],"collection":[{"href":"https:\/\/infashion.si\/hr\/wp-json\/wp\/v2\/pages"}],"about":[{"href":"https:\/\/infashion.si\/hr\/wp-json\/wp\/v2\/types\/page"}],"author":[{"embeddable":true,"href":"https:\/\/infashion.si\/hr\/wp-json\/wp\/v2\/users\/2"}],"replies":[{"embeddable":true,"href":"https:\/\/infashion.si\/hr\/wp-json\/wp\/v2\/comments?post=39578"}],"version-history":[{"count":1,"href":"https:\/\/infashion.si\/hr\/wp-json\/wp\/v2\/pages\/39578\/revisions"}],"predecessor-version":[{"id":39579,"href":"https:\/\/infashion.si\/hr\/wp-json\/wp\/v2\/pages\/39578\/revisions\/39579"}],"wp:attachment":[{"href":"https:\/\/infashion.si\/hr\/wp-json\/wp\/v2\/media?parent=39578"}],"curies":[{"name":"wp","href":"https:\/\/api.w.org\/{rel}","templated":true}]}}